{"id":14895,"date":"2025-04-23T13:51:25","date_gmt":"2025-04-23T13:51:25","guid":{"rendered":"https:\/\/portal.greekfarms.gov.gr\/?page_id=14895"},"modified":"2025-10-02T08:12:36","modified_gmt":"2025-10-02T08:12:36","slug":"greek-farms","status":"publish","type":"page","link":"https:\/\/portal.greekfarms.gov.gr\/tr\/greek-farms\/","title":{"rendered":"Greek Farms"},"content":{"rendered":"\n<p>Greek Farms\u2019a ho\u015f geldiniz: Yunanistan\u2019\u0131n \u00fcr\u00fcnlerini, insanlar\u0131n\u0131 ve lezzetlerini \u00f6ne \u00e7\u0131karan platform!<\/p>\n\n\n\n<p>Greek Farms sizi otantik Yunan lezzetlerinin d\u00fcnyas\u0131na g\u00f6t\u00fcrmek ve \u00fcnl\u00fc Akdeniz diyetimizin s\u0131rlar\u0131n\u0131 size tan\u0131tmak amac\u0131yla kuruldu.<\/p>\n\n\n\n<p>\u015eirketin amac\u0131, Yunanistan\u2019\u0131n tarihi, k\u00fclt\u00fcr\u00fc ve gelenekleriyle ayr\u0131lmaz bir \u015fekilde ba\u011flant\u0131l\u0131 olan zengin gastronomi miras\u0131m\u0131z\u0131 \u00f6ne \u00e7\u0131karmak ve yaymakt\u0131r.<\/p>\n\n\n\n<p>Burada Yunan \u00fcr\u00fcnlerini sevgi ve \u00f6zenle m\u00fckemmel kalitede \u00fcreten \u00fcreticilerle tan\u0131\u015fma f\u0131rsat\u0131 bulacaks\u0131n\u0131z. Kapsaml\u0131 g\u00f6rsel-i\u015fitsel materyal arac\u0131l\u0131\u011f\u0131yla her \u00fcr\u00fcn\u00fcn arkas\u0131ndaki hikayeyi, besin de\u011ferlerini ve kullan\u0131m \u015fekillerini ke\u015ffedebilirsiniz.<\/p>\n\n\n\n<p>Amac\u0131m\u0131z, b\u00fcy\u00fck ve k\u00fc\u00e7\u00fck Yunan \u00fcreticilerini destekleyerek \u00fcr\u00fcnlerini d\u00fcnya \u00e7ap\u0131nda tan\u0131tmalar\u0131n\u0131, yeni ticari f\u0131rsatlar yaratmalar\u0131n\u0131 ve otantik lezzetler arayan insanlar\u0131 bir araya getirmelerini sa\u011flamakt\u0131r.<\/p>\n\n\n\n<p>Ayn\u0131 zamanda Yunan \u00fcr\u00fcnlerinin orijinalli\u011fini korumaya ve yan\u0131lt\u0131c\u0131 uygulamalar\u0131 \u00f6nlemeye \u00f6zellikle \u00f6nem verilmektedir.<\/p>\n\n\n\n<p>Yunanistan\u2019\u0131n lezzetlerini ve hazinelerini birlikte ke\u015ffedelim!<\/p>\n","protected":false},"excerpt":{"rendered":"<p>Greek Farms\u2019a ho\u015f geldiniz: Yunanistan\u2019\u0131n \u00fcr\u00fcnlerini, insanlar\u0131n\u0131 ve lezzetlerini \u00f6ne \u00e7\u0131karan platform! Greek Farms sizi otantik Yunan lezzetlerinin d\u00fcnyas\u0131na g\u00f6t\u00fcrmek&#8230;<\/p>\n","protected":false},"author":16,"featured_media":0,"parent":0,"menu_order":0,"comment_status":"closed","ping_status":"closed","template":"full-width.php","meta":{"inline_featured_image":false,"footnotes":""},"class_list":["post-14895","page","type-page","status-publish","hentry"],"yoast_head":"<!-- This site is optimized with the Yoast SEO plugin v26.9 - https:\/\/yoast.com\/product\/yoast-seo-wordpress\/ -->\n<title>Greek Farms - Tersine Tar\u0131m<\/title>\n<meta name=\"robots\" content=\"index, follow, max-snippet:-1, max-image-preview:large, max-video-preview:-1\" \/>\n<link rel=\"canonical\" href=\"https:\/\/portal.greekfarms.gov.gr\/tr\/greek-farms\/\" \/>\n<meta property=\"og:locale\" content=\"tr_TR\" \/>\n<meta property=\"og:type\" content=\"article\" \/>\n<meta property=\"og:title\" content=\"Greek Farms - Tersine Tar\u0131m\" \/>\n<meta property=\"og:description\" content=\"Greek Farms\u2019a ho\u015f geldiniz: Yunanistan\u2019\u0131n \u00fcr\u00fcnlerini, insanlar\u0131n\u0131 ve lezzetlerini \u00f6ne \u00e7\u0131karan platform! Greek Farms sizi otantik Yunan lezzetlerinin d\u00fcnyas\u0131na g\u00f6t\u00fcrmek...\" \/>\n<meta property=\"og:url\" content=\"https:\/\/portal.greekfarms.gov.gr\/tr\/greek-farms\/\" \/>\n<meta property=\"og:site_name\" content=\"Tersine Tar\u0131m\" \/>\n<meta property=\"article:publisher\" content=\"https:\/\/www.facebook.com\/GreekFarmsOfficial\" \/>\n<meta property=\"article:modified_time\" content=\"2025-10-02T08:12:36+00:00\" \/>\n<meta name=\"twitter:card\" content=\"summary_large_image\" \/>\n<meta name=\"twitter:label1\" content=\"Tahmini okuma s\u00fcresi\" \/>\n\t<meta name=\"twitter:data1\" content=\"1 dakika\" \/>\n<script type=\"application\/ld+json\" class=\"yoast-schema-graph\">{\"@context\":\"https:\/\/schema.org\",\"@graph\":[{\"@type\":\"WebPage\",\"@id\":\"https:\/\/portal.greekfarms.gov.gr\/tr\/greek-farms\/\",\"url\":\"https:\/\/portal.greekfarms.gov.gr\/tr\/greek-farms\/\",\"name\":\"Greek Farms - Tersine Tar\u0131m\",\"isPartOf\":{\"@id\":\"https:\/\/portal.greekfarms.gov.gr\/tr\/#website\"},\"datePublished\":\"2025-04-23T13:51:25+00:00\",\"dateModified\":\"2025-10-02T08:12:36+00:00\",\"breadcrumb\":{\"@id\":\"https:\/\/portal.greekfarms.gov.gr\/tr\/greek-farms\/#breadcrumb\"},\"inLanguage\":\"tr\",\"potentialAction\":[{\"@type\":\"ReadAction\",\"target\":[\"https:\/\/portal.greekfarms.gov.gr\/tr\/greek-farms\/\"]}]},{\"@type\":\"BreadcrumbList\",\"@id\":\"https:\/\/portal.greekfarms.gov.gr\/tr\/greek-farms\/#breadcrumb\",\"itemListElement\":[{\"@type\":\"ListItem\",\"position\":1,\"name\":\"\u0391\u03c1\u03c7\u03b9\u03ba\u03ae\",\"item\":\"https:\/\/portal.greekfarms.gov.gr\/tr\/\"},{\"@type\":\"ListItem\",\"position\":2,\"name\":\"Greek Farms\"}]},{\"@type\":\"WebSite\",\"@id\":\"https:\/\/portal.greekfarms.gov.gr\/tr\/#website\",\"url\":\"https:\/\/portal.greekfarms.gov.gr\/tr\/\",\"name\":\"\u0395\u03be\u03c9\u03c3\u03c4\u03c1\u03b5\u03c6\u03ae\u03c2 \u0393\u03b5\u03c9\u03c1\u03b3\u03af\u03b1\",\"description\":\"\u039c\u03b9\u03b1 \u03b4\u03b9\u03b1\u03b4\u03b9\u03ba\u03c4\u03c5\u03b1\u03ba\u03ae \u03c0\u03bb\u03b1\u03c4\u03c6\u03cc\u03c1\u03bc\u03b1 \u03c0\u03bf\u03c5 \u03c3\u03c5\u03bd\u03b4\u03ad\u03b5\u03b9 \u03c4\u03bf\u03bd \u03ba\u03bb\u03ac\u03b4\u03bf \u03c4\u03b7\u03c2 \u03c6\u03b9\u03bb\u03bf\u03be\u03b5\u03bd\u03af\u03b1\u03c2 \u03bc\u03b5 \u0388\u03bb\u03bb\u03b7\u03bd\u03b5\u03c2 \u03c0\u03b1\u03c1\u03b1\u03b3\u03c9\u03b3\u03bf\u03cd\u03c2!\",\"publisher\":{\"@id\":\"https:\/\/portal.greekfarms.gov.gr\/tr\/#organization\"},\"alternateName\":\"Greek Farms\",\"potentialAction\":[{\"@type\":\"SearchAction\",\"target\":{\"@type\":\"EntryPoint\",\"urlTemplate\":\"https:\/\/portal.greekfarms.gov.gr\/tr\/?s={search_term_string}\"},\"query-input\":{\"@type\":\"PropertyValueSpecification\",\"valueRequired\":true,\"valueName\":\"search_term_string\"}}],\"inLanguage\":\"tr\"},{\"@type\":\"Organization\",\"@id\":\"https:\/\/portal.greekfarms.gov.gr\/tr\/#organization\",\"name\":\"\u03a5\u03c0\u03bf\u03c5\u03c1\u03b3\u03b5\u03af\u03bf \u0391\u03b3\u03c1\u03bf\u03c4\u03b9\u03ba\u03ae\u03c2 \u0391\u03bd\u03ac\u03c0\u03c4\u03c5\u03be\u03b7\u03c2 \u03ba\u03b1\u03b9 \u03a4\u03c1\u03bf\u03c6\u03af\u03bc\u03c9\u03bd\",\"url\":\"https:\/\/portal.greekfarms.gov.gr\/tr\/\",\"logo\":{\"@type\":\"ImageObject\",\"inLanguage\":\"tr\",\"@id\":\"https:\/\/portal.greekfarms.gov.gr\/tr\/#\/schema\/logo\/image\/\",\"url\":\"https:\/\/portal.greekfarms.gov.gr\/wp-content\/uploads\/2024\/02\/grfarms_logo_blue@w320px.png\",\"contentUrl\":\"https:\/\/portal.greekfarms.gov.gr\/wp-content\/uploads\/2024\/02\/grfarms_logo_blue@w320px.png\",\"width\":320,\"height\":408,\"caption\":\"\u03a5\u03c0\u03bf\u03c5\u03c1\u03b3\u03b5\u03af\u03bf \u0391\u03b3\u03c1\u03bf\u03c4\u03b9\u03ba\u03ae\u03c2 \u0391\u03bd\u03ac\u03c0\u03c4\u03c5\u03be\u03b7\u03c2 \u03ba\u03b1\u03b9 \u03a4\u03c1\u03bf\u03c6\u03af\u03bc\u03c9\u03bd\"},\"image\":{\"@id\":\"https:\/\/portal.greekfarms.gov.gr\/tr\/#\/schema\/logo\/image\/\"},\"sameAs\":[\"https:\/\/www.facebook.com\/GreekFarmsOfficial\",\"https:\/\/www.instagram.com\/greekfarms_official\/\",\"https:\/\/www.linkedin.com\/company\/greek-farms\/\",\"https:\/\/www.youtube.com\/@GreekFarmsOfficial\"]}]}<\/script>\n<!-- \/ Yoast SEO plugin. -->","yoast_head_json":{"title":"Greek Farms - Tersine Tar\u0131m","robots":{"index":"index","follow":"follow","max-snippet":"max-snippet:-1","max-image-preview":"max-image-preview:large","max-video-preview":"max-video-preview:-1"},"canonical":"https:\/\/portal.greekfarms.gov.gr\/tr\/greek-farms\/","og_locale":"tr_TR","og_type":"article","og_title":"Greek Farms - Tersine Tar\u0131m","og_description":"Greek Farms\u2019a ho\u015f geldiniz: Yunanistan\u2019\u0131n \u00fcr\u00fcnlerini, insanlar\u0131n\u0131 ve lezzetlerini \u00f6ne \u00e7\u0131karan platform! Greek Farms sizi otantik Yunan lezzetlerinin d\u00fcnyas\u0131na g\u00f6t\u00fcrmek...","og_url":"https:\/\/portal.greekfarms.gov.gr\/tr\/greek-farms\/","og_site_name":"Tersine Tar\u0131m","article_publisher":"https:\/\/www.facebook.com\/GreekFarmsOfficial","article_modified_time":"2025-10-02T08:12:36+00:00","twitter_card":"summary_large_image","twitter_misc":{"Tahmini okuma s\u00fcresi":"1 dakika"},"schema":{"@context":"https:\/\/schema.org","@graph":[{"@type":"WebPage","@id":"https:\/\/portal.greekfarms.gov.gr\/tr\/greek-farms\/","url":"https:\/\/portal.greekfarms.gov.gr\/tr\/greek-farms\/","name":"Greek Farms - Tersine Tar\u0131m","isPartOf":{"@id":"https:\/\/portal.greekfarms.gov.gr\/tr\/#website"},"datePublished":"2025-04-23T13:51:25+00:00","dateModified":"2025-10-02T08:12:36+00:00","breadcrumb":{"@id":"https:\/\/portal.greekfarms.gov.gr\/tr\/greek-farms\/#breadcrumb"},"inLanguage":"tr","potentialAction":[{"@type":"ReadAction","target":["https:\/\/portal.greekfarms.gov.gr\/tr\/greek-farms\/"]}]},{"@type":"BreadcrumbList","@id":"https:\/\/portal.greekfarms.gov.gr\/tr\/greek-farms\/#breadcrumb","itemListElement":[{"@type":"ListItem","position":1,"name":"\u0391\u03c1\u03c7\u03b9\u03ba\u03ae","item":"https:\/\/portal.greekfarms.gov.gr\/tr\/"},{"@type":"ListItem","position":2,"name":"Greek Farms"}]},{"@type":"WebSite","@id":"https:\/\/portal.greekfarms.gov.gr\/tr\/#website","url":"https:\/\/portal.greekfarms.gov.gr\/tr\/","name":"\u0395\u03be\u03c9\u03c3\u03c4\u03c1\u03b5\u03c6\u03ae\u03c2 \u0393\u03b5\u03c9\u03c1\u03b3\u03af\u03b1","description":"\u039c\u03b9\u03b1 \u03b4\u03b9\u03b1\u03b4\u03b9\u03ba\u03c4\u03c5\u03b1\u03ba\u03ae \u03c0\u03bb\u03b1\u03c4\u03c6\u03cc\u03c1\u03bc\u03b1 \u03c0\u03bf\u03c5 \u03c3\u03c5\u03bd\u03b4\u03ad\u03b5\u03b9 \u03c4\u03bf\u03bd \u03ba\u03bb\u03ac\u03b4\u03bf \u03c4\u03b7\u03c2 \u03c6\u03b9\u03bb\u03bf\u03be\u03b5\u03bd\u03af\u03b1\u03c2 \u03bc\u03b5 \u0388\u03bb\u03bb\u03b7\u03bd\u03b5\u03c2 \u03c0\u03b1\u03c1\u03b1\u03b3\u03c9\u03b3\u03bf\u03cd\u03c2!","publisher":{"@id":"https:\/\/portal.greekfarms.gov.gr\/tr\/#organization"},"alternateName":"Greek Farms","potentialAction":[{"@type":"SearchAction","target":{"@type":"EntryPoint","urlTemplate":"https:\/\/portal.greekfarms.gov.gr\/tr\/?s={search_term_string}"},"query-input":{"@type":"PropertyValueSpecification","valueRequired":true,"valueName":"search_term_string"}}],"inLanguage":"tr"},{"@type":"Organization","@id":"https:\/\/portal.greekfarms.gov.gr\/tr\/#organization","name":"\u03a5\u03c0\u03bf\u03c5\u03c1\u03b3\u03b5\u03af\u03bf \u0391\u03b3\u03c1\u03bf\u03c4\u03b9\u03ba\u03ae\u03c2 \u0391\u03bd\u03ac\u03c0\u03c4\u03c5\u03be\u03b7\u03c2 \u03ba\u03b1\u03b9 \u03a4\u03c1\u03bf\u03c6\u03af\u03bc\u03c9\u03bd","url":"https:\/\/portal.greekfarms.gov.gr\/tr\/","logo":{"@type":"ImageObject","inLanguage":"tr","@id":"https:\/\/portal.greekfarms.gov.gr\/tr\/#\/schema\/logo\/image\/","url":"https:\/\/portal.greekfarms.gov.gr\/wp-content\/uploads\/2024\/02\/grfarms_logo_blue@w320px.png","contentUrl":"https:\/\/portal.greekfarms.gov.gr\/wp-content\/uploads\/2024\/02\/grfarms_logo_blue@w320px.png","width":320,"height":408,"caption":"\u03a5\u03c0\u03bf\u03c5\u03c1\u03b3\u03b5\u03af\u03bf \u0391\u03b3\u03c1\u03bf\u03c4\u03b9\u03ba\u03ae\u03c2 \u0391\u03bd\u03ac\u03c0\u03c4\u03c5\u03be\u03b7\u03c2 \u03ba\u03b1\u03b9 \u03a4\u03c1\u03bf\u03c6\u03af\u03bc\u03c9\u03bd"},"image":{"@id":"https:\/\/portal.greekfarms.gov.gr\/tr\/#\/schema\/logo\/image\/"},"sameAs":["https:\/\/www.facebook.com\/GreekFarmsOfficial","https:\/\/www.instagram.com\/greekfarms_official\/","https:\/\/www.linkedin.com\/company\/greek-farms\/","https:\/\/www.youtube.com\/@GreekFarmsOfficial"]}]}},"_links":{"self":[{"href":"https:\/\/portal.greekfarms.gov.gr\/tr\/wp-json\/wp\/v2\/pages\/14895","targetHints":{"allow":["GET"]}}],"collection":[{"href":"https:\/\/portal.greekfarms.gov.gr\/tr\/wp-json\/wp\/v2\/pages"}],"about":[{"href":"https:\/\/portal.greekfarms.gov.gr\/tr\/wp-json\/wp\/v2\/types\/page"}],"author":[{"embeddable":true,"href":"https:\/\/portal.greekfarms.gov.gr\/tr\/wp-json\/wp\/v2\/users\/16"}],"replies":[{"embeddable":true,"href":"https:\/\/portal.greekfarms.gov.gr\/tr\/wp-json\/wp\/v2\/comments?post=14895"}],"version-history":[{"count":1,"href":"https:\/\/portal.greekfarms.gov.gr\/tr\/wp-json\/wp\/v2\/pages\/14895\/revisions"}],"predecessor-version":[{"id":14896,"href":"https:\/\/portal.greekfarms.gov.gr\/tr\/wp-json\/wp\/v2\/pages\/14895\/revisions\/14896"}],"wp:attachment":[{"href":"https:\/\/portal.greekfarms.gov.gr\/tr\/wp-json\/wp\/v2\/media?parent=14895"}],"curies":[{"name":"wp","href":"https:\/\/api.w.org\/{rel}","templated":true}]}}