{"id":13714,"date":"2025-06-26T13:21:01","date_gmt":"2025-06-26T13:21:01","guid":{"rendered":"https:\/\/portal.greekfarms.gov.gr\/?page_id=13714"},"modified":"2026-01-29T15:24:47","modified_gmt":"2026-01-29T15:24:47","slug":"badge-landing","status":"publish","type":"page","link":"https:\/\/portal.greekfarms.gov.gr\/tr\/badge-landing\/","title":{"rendered":"Greek Farms \u0130\u015faret Sistemi"},"content":{"rendered":"\n<p>A\u015fa\u011f\u0131daki gruplar <strong>Greek Farms Sertifikas\u0131<\/strong> i\u00e7in ba\u015fvuruda bulunabilir:<br>\u2022 \u00dcretici \u2013 \u00e7ift\u00e7i<br>\u2022 Yiyecek-i\u00e7ecek i\u015fletmeleri ve oteller<br>\u2022 Diyetisyen, beslenme uzman\u0131, a\u015f\u00e7\u0131, \u015fef vb.<br>\u2022 G\u0131da sat\u0131\u015f i\u015fletmeleri<\/p>\n\n\n\n<p>Platform, sertifikal\u0131 diyetisyenler, a\u015f\u00e7\u0131lar ve g\u0131da sekt\u00f6r\u00fc profesyonellerinin sistemi kullanmas\u0131n\u0131 destekleyerek, belirli ko\u015fullar alt\u0131nda mesleki faaliyetleri kapsam\u0131nda Greek Farms Sertifikas\u0131 almalar\u0131na olanak tan\u0131r.<\/p>\n\n\n\n<p>Platform kullan\u0131c\u0131lar\u0131, Yunan g\u0131dalar\u0131n\u0131 \u00fcreten ve satan i\u015fletmelerin yan\u0131 s\u0131ra Yunan g\u0131dalar\u0131n\u0131 yeniden satan veya tariflere d\u00f6n\u00fc\u015ft\u00fcren kullan\u0131c\u0131lar olabilir.<\/p>\n\n\n\n<p>Mesleki kategorilerin sisteme kayd\u0131, ilgili meslek gruplar\u0131na ait resmi kay\u0131t sistemleriyle birlikte \u00e7al\u0131\u015fan birlikte \u00e7al\u0131\u015fabilirlik hizmetleri arac\u0131l\u0131\u011f\u0131yla do\u011frulanarak kat\u0131l\u0131mc\u0131lar\u0131n kimlik tespiti sa\u011flan\u0131r.<\/p>\n\n\n\n<p>Tarif kay\u0131t ba\u015fvurusu arac\u0131l\u0131\u011f\u0131yla diyetisyenler ve a\u015f\u00e7\u0131lar mesleki yeterliliklerinin ge\u00e7erlili\u011fi a\u00e7\u0131s\u0131ndan sertifikaland\u0131r\u0131l\u0131r ve Tarif Portal\u0131\u2019n\u0131n zenginle\u015ftirilmesine kat\u0131lma hakk\u0131 elde ederler.<\/p>\n","protected":false},"excerpt":{"rendered":"<p>A\u015fa\u011f\u0131daki gruplar Greek Farms Sertifikas\u0131 i\u00e7in ba\u015fvuruda bulunabilir:\u2022 \u00dcretici \u2013 \u00e7ift\u00e7i\u2022 Yiyecek-i\u00e7ecek i\u015fletmeleri ve oteller\u2022 Diyetisyen, beslenme uzman\u0131, a\u015f\u00e7\u0131, \u015fef&#8230;<\/p>\n","protected":false},"author":11,"featured_media":0,"parent":0,"menu_order":0,"comment_status":"closed","ping_status":"closed","template":"content-full-width.php","meta":{"inline_featured_image":false,"footnotes":""},"class_list":["post-13714","page","type-page","status-publish","hentry"],"yoast_head":"<!-- This site is optimized with the Yoast SEO plugin v26.9 - https:\/\/yoast.com\/product\/yoast-seo-wordpress\/ -->\n<title>Greek Farms \u0130\u015faret Sistemi - Tersine Tar\u0131m<\/title>\n<meta name=\"robots\" content=\"index, follow, max-snippet:-1, max-image-preview:large, max-video-preview:-1\" \/>\n<link rel=\"canonical\" href=\"https:\/\/portal.greekfarms.gov.gr\/tr\/badge-landing\/\" \/>\n<meta property=\"og:locale\" content=\"tr_TR\" \/>\n<meta property=\"og:type\" content=\"article\" \/>\n<meta property=\"og:title\" content=\"Greek Farms \u0130\u015faret Sistemi - Tersine Tar\u0131m\" \/>\n<meta property=\"og:description\" content=\"A\u015fa\u011f\u0131daki gruplar Greek Farms Sertifikas\u0131 i\u00e7in ba\u015fvuruda bulunabilir:\u2022 \u00dcretici \u2013 \u00e7ift\u00e7i\u2022 Yiyecek-i\u00e7ecek i\u015fletmeleri ve oteller\u2022 Diyetisyen, beslenme uzman\u0131, a\u015f\u00e7\u0131, \u015fef...\" \/>\n<meta property=\"og:url\" content=\"https:\/\/portal.greekfarms.gov.gr\/tr\/badge-landing\/\" \/>\n<meta property=\"og:site_name\" content=\"Tersine Tar\u0131m\" \/>\n<meta property=\"article:publisher\" content=\"https:\/\/www.facebook.com\/GreekFarmsOfficial\" \/>\n<meta property=\"article:modified_time\" content=\"2026-01-29T15:24:47+00:00\" \/>\n<meta name=\"twitter:card\" content=\"summary_large_image\" \/>\n<meta name=\"twitter:label1\" content=\"Tahmini okuma s\u00fcresi\" \/>\n\t<meta name=\"twitter:data1\" content=\"1 dakika\" \/>\n<script type=\"application\/ld+json\" class=\"yoast-schema-graph\">{\"@context\":\"https:\/\/schema.org\",\"@graph\":[{\"@type\":\"WebPage\",\"@id\":\"https:\/\/portal.greekfarms.gov.gr\/tr\/badge-landing\/\",\"url\":\"https:\/\/portal.greekfarms.gov.gr\/tr\/badge-landing\/\",\"name\":\"Greek Farms \u0130\u015faret Sistemi - Tersine Tar\u0131m\",\"isPartOf\":{\"@id\":\"https:\/\/portal.greekfarms.gov.gr\/tr\/#website\"},\"datePublished\":\"2025-06-26T13:21:01+00:00\",\"dateModified\":\"2026-01-29T15:24:47+00:00\",\"breadcrumb\":{\"@id\":\"https:\/\/portal.greekfarms.gov.gr\/tr\/badge-landing\/#breadcrumb\"},\"inLanguage\":\"tr\",\"potentialAction\":[{\"@type\":\"ReadAction\",\"target\":[\"https:\/\/portal.greekfarms.gov.gr\/tr\/badge-landing\/\"]}]},{\"@type\":\"BreadcrumbList\",\"@id\":\"https:\/\/portal.greekfarms.gov.gr\/tr\/badge-landing\/#breadcrumb\",\"itemListElement\":[{\"@type\":\"ListItem\",\"position\":1,\"name\":\"\u0391\u03c1\u03c7\u03b9\u03ba\u03ae\",\"item\":\"https:\/\/portal.greekfarms.gov.gr\/tr\/\"},{\"@type\":\"ListItem\",\"position\":2,\"name\":\"Greek Farms \u0130\u015faret Sistemi\"}]},{\"@type\":\"WebSite\",\"@id\":\"https:\/\/portal.greekfarms.gov.gr\/tr\/#website\",\"url\":\"https:\/\/portal.greekfarms.gov.gr\/tr\/\",\"name\":\"\u0395\u03be\u03c9\u03c3\u03c4\u03c1\u03b5\u03c6\u03ae\u03c2 \u0393\u03b5\u03c9\u03c1\u03b3\u03af\u03b1\",\"description\":\"\u039c\u03b9\u03b1 \u03b4\u03b9\u03b1\u03b4\u03b9\u03ba\u03c4\u03c5\u03b1\u03ba\u03ae \u03c0\u03bb\u03b1\u03c4\u03c6\u03cc\u03c1\u03bc\u03b1 \u03c0\u03bf\u03c5 \u03c3\u03c5\u03bd\u03b4\u03ad\u03b5\u03b9 \u03c4\u03bf\u03bd \u03ba\u03bb\u03ac\u03b4\u03bf \u03c4\u03b7\u03c2 \u03c6\u03b9\u03bb\u03bf\u03be\u03b5\u03bd\u03af\u03b1\u03c2 \u03bc\u03b5 \u0388\u03bb\u03bb\u03b7\u03bd\u03b5\u03c2 \u03c0\u03b1\u03c1\u03b1\u03b3\u03c9\u03b3\u03bf\u03cd\u03c2!\",\"publisher\":{\"@id\":\"https:\/\/portal.greekfarms.gov.gr\/tr\/#organization\"},\"alternateName\":\"Greek Farms\",\"potentialAction\":[{\"@type\":\"SearchAction\",\"target\":{\"@type\":\"EntryPoint\",\"urlTemplate\":\"https:\/\/portal.greekfarms.gov.gr\/tr\/?s={search_term_string}\"},\"query-input\":{\"@type\":\"PropertyValueSpecification\",\"valueRequired\":true,\"valueName\":\"search_term_string\"}}],\"inLanguage\":\"tr\"},{\"@type\":\"Organization\",\"@id\":\"https:\/\/portal.greekfarms.gov.gr\/tr\/#organization\",\"name\":\"\u03a5\u03c0\u03bf\u03c5\u03c1\u03b3\u03b5\u03af\u03bf \u0391\u03b3\u03c1\u03bf\u03c4\u03b9\u03ba\u03ae\u03c2 \u0391\u03bd\u03ac\u03c0\u03c4\u03c5\u03be\u03b7\u03c2 \u03ba\u03b1\u03b9 \u03a4\u03c1\u03bf\u03c6\u03af\u03bc\u03c9\u03bd\",\"url\":\"https:\/\/portal.greekfarms.gov.gr\/tr\/\",\"logo\":{\"@type\":\"ImageObject\",\"inLanguage\":\"tr\",\"@id\":\"https:\/\/portal.greekfarms.gov.gr\/tr\/#\/schema\/logo\/image\/\",\"url\":\"https:\/\/portal.greekfarms.gov.gr\/wp-content\/uploads\/2024\/02\/grfarms_logo_blue@w320px.png\",\"contentUrl\":\"https:\/\/portal.greekfarms.gov.gr\/wp-content\/uploads\/2024\/02\/grfarms_logo_blue@w320px.png\",\"width\":320,\"height\":408,\"caption\":\"\u03a5\u03c0\u03bf\u03c5\u03c1\u03b3\u03b5\u03af\u03bf \u0391\u03b3\u03c1\u03bf\u03c4\u03b9\u03ba\u03ae\u03c2 \u0391\u03bd\u03ac\u03c0\u03c4\u03c5\u03be\u03b7\u03c2 \u03ba\u03b1\u03b9 \u03a4\u03c1\u03bf\u03c6\u03af\u03bc\u03c9\u03bd\"},\"image\":{\"@id\":\"https:\/\/portal.greekfarms.gov.gr\/tr\/#\/schema\/logo\/image\/\"},\"sameAs\":[\"https:\/\/www.facebook.com\/GreekFarmsOfficial\",\"https:\/\/www.instagram.com\/greekfarms_official\/\",\"https:\/\/www.linkedin.com\/company\/greek-farms\/\",\"https:\/\/www.youtube.com\/@GreekFarmsOfficial\"]}]}<\/script>\n<!-- \/ Yoast SEO plugin. -->","yoast_head_json":{"title":"Greek Farms \u0130\u015faret Sistemi - Tersine Tar\u0131m","robots":{"index":"index","follow":"follow","max-snippet":"max-snippet:-1","max-image-preview":"max-image-preview:large","max-video-preview":"max-video-preview:-1"},"canonical":"https:\/\/portal.greekfarms.gov.gr\/tr\/badge-landing\/","og_locale":"tr_TR","og_type":"article","og_title":"Greek Farms \u0130\u015faret Sistemi - Tersine Tar\u0131m","og_description":"A\u015fa\u011f\u0131daki gruplar Greek Farms Sertifikas\u0131 i\u00e7in ba\u015fvuruda bulunabilir:\u2022 \u00dcretici \u2013 \u00e7ift\u00e7i\u2022 Yiyecek-i\u00e7ecek i\u015fletmeleri ve oteller\u2022 Diyetisyen, beslenme uzman\u0131, a\u015f\u00e7\u0131, \u015fef...","og_url":"https:\/\/portal.greekfarms.gov.gr\/tr\/badge-landing\/","og_site_name":"Tersine Tar\u0131m","article_publisher":"https:\/\/www.facebook.com\/GreekFarmsOfficial","article_modified_time":"2026-01-29T15:24:47+00:00","twitter_card":"summary_large_image","twitter_misc":{"Tahmini okuma s\u00fcresi":"1 dakika"},"schema":{"@context":"https:\/\/schema.org","@graph":[{"@type":"WebPage","@id":"https:\/\/portal.greekfarms.gov.gr\/tr\/badge-landing\/","url":"https:\/\/portal.greekfarms.gov.gr\/tr\/badge-landing\/","name":"Greek Farms \u0130\u015faret Sistemi - Tersine Tar\u0131m","isPartOf":{"@id":"https:\/\/portal.greekfarms.gov.gr\/tr\/#website"},"datePublished":"2025-06-26T13:21:01+00:00","dateModified":"2026-01-29T15:24:47+00:00","breadcrumb":{"@id":"https:\/\/portal.greekfarms.gov.gr\/tr\/badge-landing\/#breadcrumb"},"inLanguage":"tr","potentialAction":[{"@type":"ReadAction","target":["https:\/\/portal.greekfarms.gov.gr\/tr\/badge-landing\/"]}]},{"@type":"BreadcrumbList","@id":"https:\/\/portal.greekfarms.gov.gr\/tr\/badge-landing\/#breadcrumb","itemListElement":[{"@type":"ListItem","position":1,"name":"\u0391\u03c1\u03c7\u03b9\u03ba\u03ae","item":"https:\/\/portal.greekfarms.gov.gr\/tr\/"},{"@type":"ListItem","position":2,"name":"Greek Farms \u0130\u015faret Sistemi"}]},{"@type":"WebSite","@id":"https:\/\/portal.greekfarms.gov.gr\/tr\/#website","url":"https:\/\/portal.greekfarms.gov.gr\/tr\/","name":"\u0395\u03be\u03c9\u03c3\u03c4\u03c1\u03b5\u03c6\u03ae\u03c2 \u0393\u03b5\u03c9\u03c1\u03b3\u03af\u03b1","description":"\u039c\u03b9\u03b1 \u03b4\u03b9\u03b1\u03b4\u03b9\u03ba\u03c4\u03c5\u03b1\u03ba\u03ae \u03c0\u03bb\u03b1\u03c4\u03c6\u03cc\u03c1\u03bc\u03b1 \u03c0\u03bf\u03c5 \u03c3\u03c5\u03bd\u03b4\u03ad\u03b5\u03b9 \u03c4\u03bf\u03bd \u03ba\u03bb\u03ac\u03b4\u03bf \u03c4\u03b7\u03c2 \u03c6\u03b9\u03bb\u03bf\u03be\u03b5\u03bd\u03af\u03b1\u03c2 \u03bc\u03b5 \u0388\u03bb\u03bb\u03b7\u03bd\u03b5\u03c2 \u03c0\u03b1\u03c1\u03b1\u03b3\u03c9\u03b3\u03bf\u03cd\u03c2!","publisher":{"@id":"https:\/\/portal.greekfarms.gov.gr\/tr\/#organization"},"alternateName":"Greek Farms","potentialAction":[{"@type":"SearchAction","target":{"@type":"EntryPoint","urlTemplate":"https:\/\/portal.greekfarms.gov.gr\/tr\/?s={search_term_string}"},"query-input":{"@type":"PropertyValueSpecification","valueRequired":true,"valueName":"search_term_string"}}],"inLanguage":"tr"},{"@type":"Organization","@id":"https:\/\/portal.greekfarms.gov.gr\/tr\/#organization","name":"\u03a5\u03c0\u03bf\u03c5\u03c1\u03b3\u03b5\u03af\u03bf \u0391\u03b3\u03c1\u03bf\u03c4\u03b9\u03ba\u03ae\u03c2 \u0391\u03bd\u03ac\u03c0\u03c4\u03c5\u03be\u03b7\u03c2 \u03ba\u03b1\u03b9 \u03a4\u03c1\u03bf\u03c6\u03af\u03bc\u03c9\u03bd","url":"https:\/\/portal.greekfarms.gov.gr\/tr\/","logo":{"@type":"ImageObject","inLanguage":"tr","@id":"https:\/\/portal.greekfarms.gov.gr\/tr\/#\/schema\/logo\/image\/","url":"https:\/\/portal.greekfarms.gov.gr\/wp-content\/uploads\/2024\/02\/grfarms_logo_blue@w320px.png","contentUrl":"https:\/\/portal.greekfarms.gov.gr\/wp-content\/uploads\/2024\/02\/grfarms_logo_blue@w320px.png","width":320,"height":408,"caption":"\u03a5\u03c0\u03bf\u03c5\u03c1\u03b3\u03b5\u03af\u03bf \u0391\u03b3\u03c1\u03bf\u03c4\u03b9\u03ba\u03ae\u03c2 \u0391\u03bd\u03ac\u03c0\u03c4\u03c5\u03be\u03b7\u03c2 \u03ba\u03b1\u03b9 \u03a4\u03c1\u03bf\u03c6\u03af\u03bc\u03c9\u03bd"},"image":{"@id":"https:\/\/portal.greekfarms.gov.gr\/tr\/#\/schema\/logo\/image\/"},"sameAs":["https:\/\/www.facebook.com\/GreekFarmsOfficial","https:\/\/www.instagram.com\/greekfarms_official\/","https:\/\/www.linkedin.com\/company\/greek-farms\/","https:\/\/www.youtube.com\/@GreekFarmsOfficial"]}]}},"_links":{"self":[{"href":"https:\/\/portal.greekfarms.gov.gr\/tr\/wp-json\/wp\/v2\/pages\/13714","targetHints":{"allow":["GET"]}}],"collection":[{"href":"https:\/\/portal.greekfarms.gov.gr\/tr\/wp-json\/wp\/v2\/pages"}],"about":[{"href":"https:\/\/portal.greekfarms.gov.gr\/tr\/wp-json\/wp\/v2\/types\/page"}],"author":[{"embeddable":true,"href":"https:\/\/portal.greekfarms.gov.gr\/tr\/wp-json\/wp\/v2\/users\/11"}],"replies":[{"embeddable":true,"href":"https:\/\/portal.greekfarms.gov.gr\/tr\/wp-json\/wp\/v2\/comments?post=13714"}],"version-history":[{"count":3,"href":"https:\/\/portal.greekfarms.gov.gr\/tr\/wp-json\/wp\/v2\/pages\/13714\/revisions"}],"predecessor-version":[{"id":19178,"href":"https:\/\/portal.greekfarms.gov.gr\/tr\/wp-json\/wp\/v2\/pages\/13714\/revisions\/19178"}],"wp:attachment":[{"href":"https:\/\/portal.greekfarms.gov.gr\/tr\/wp-json\/wp\/v2\/media?parent=13714"}],"curies":[{"name":"wp","href":"https:\/\/api.w.org\/{rel}","templated":true}]}}