{"id":13682,"date":"2025-07-07T09:55:12","date_gmt":"2025-07-07T09:55:12","guid":{"rendered":"https:\/\/portal.greekfarms.gov.gr\/?page_id=13682"},"modified":"2026-01-29T14:30:57","modified_gmt":"2026-01-29T14:30:57","slug":"recipes-landing","status":"publish","type":"page","link":"https:\/\/portal.greekfarms.gov.gr\/tr\/recipes-landing\/","title":{"rendered":"Tarif Sistemi"},"content":{"rendered":"\n<p>Yunan Akdeniz Diyeti tariflerinin y\u00f6netimi, hem Yunan Akdeniz Diyeti\u2019nin tan\u0131t\u0131m\u0131 hem de Yunanistan\u2019da \u00fcretilen \u00fcr\u00fcnlerin te\u015fvik edilmesi a\u00e7\u0131s\u0131ndan projenin en kritik bile\u015fenlerinden birini olu\u015fturmaktad\u0131r. Dijital fuarlar alt sisteminde sunulan tar\u0131m ve g\u0131da \u00fcr\u00fcnleriyle do\u011frudan bir ba\u011flant\u0131 bulunmaktad\u0131r.<\/p>\n\n\n\n<p>Bu hedefe ula\u015fmak i\u00e7in Yunan \u00fcr\u00fcnlerinin \u00f6zg\u00fcn \u00f6zelliklerinin, k\u00fcresel t\u00fcketiciyi etkileyen kalite, iyi ya\u015fam, sa\u011fl\u0131\u011f\u0131 destekleyen g\u0131dalar ve uzun \u00f6m\u00fcr gibi pazarlama ilkeleri ve ihtiya\u00e7lar\u0131yla ili\u015fkilendirilmesi \u00f6nemlidir.<\/p>\n\n\n\n<p>Bu proje kapsam\u0131nda yukar\u0131da belirtilen hedefleri ve uygulama ara\u00e7lar\u0131n\u0131 bir araya getiren g\u0131da ve beslenme, uygun sunum ve tan\u0131t\u0131m faaliyetleri yoluyla hedefe ula\u015f\u0131lmas\u0131nda \u00f6nemli bir fakt\u00f6rd\u00fcr.<\/p>\n\n\n\n<p>Merkezi bir rol, Yunan \u00fcretimi ve Yunan g\u0131das\u0131n\u0131n k\u00fclt\u00fcrel, folklorik, dini, tarihsel ve turistik unsurlarla ili\u015fkilendirilmesiyle \u00fcstlenilmektedir. Bu yakla\u015f\u0131m, Yunan toplumunun bir\u00e7ok g\u00fcc\u00fcn\u00fc ve potansiyelini bir araya getirirken temel hedef olan, k\u00fcresel pazarda kaliteli Yunan \u00fcr\u00fcnlerine y\u00f6nelik talebin art\u0131r\u0131lmas\u0131 yoluyla ihracat\u0131n y\u00fckseltilmesine hizmet etmektedir.<\/p>\n\n\n\n<p>Portal, t\u00fcm i\u015flevleriyle yaln\u0131zca t\u00fcketiciler de\u011fil, ayn\u0131 zamanda Yunan Akdeniz Diyeti\u2019nin el\u00e7ilerini olu\u015fturmay\u0131 hedeflemektedir. Her y\u0131l \u00fclkeyi ziyaret eden milyonlarca ziyaret\u00e7inin gastronomik deneyimleri, yurtd\u0131\u015f\u0131ndaki en g\u00fc\u00e7l\u00fc tan\u0131t\u0131m unsurlar\u0131n\u0131 olu\u015fturmakta ve \u00fclkelerine d\u00f6nd\u00fcklerinde Yunan \u00fcr\u00fcnlerinin potansiyel t\u00fcketicileri haline gelmektedir.<br>Greek Farms Portal\u0131, ziyaretleri s\u0131ras\u0131nda y\u00fcksek kaliteli gastronomik bir deneyim sunmay\u0131 ve tarifler ile \u00fcretici bulma olanaklar\u0131 arac\u0131l\u0131\u011f\u0131yla bu deneyimlerin Yunanistan d\u0131\u015f\u0131nda da yeniden ya\u015fanabilmesini sa\u011flayarak Yunan g\u0131da \u00fcr\u00fcnlerinin t\u00fcketimini art\u0131rmay\u0131 ama\u00e7lamaktad\u0131r. Tar\u0131msal \u00fcretim payda\u015flar\u0131n\u0131 destekleyen tamamlay\u0131c\u0131 faaliyetler de ayn\u0131 portalda entegre edilmi\u015ftir ve t\u00fcm\u00fc talebin art\u0131r\u0131lmas\u0131 ve ihracat\u0131n geni\u015fletilmesi hedefiyle y\u00fcr\u00fct\u00fclmektedir.<\/p>\n\n\n<a href=\"https:\/\/portal.greekfarms.gov.gr\/tr\/tarifler\/\" class=\"read-more-btn\">Tarif Portal\u0131<svg id=\"6f4bfa77-4ec3-4f0e-b596-c3c1460c62cf\" data-name=\"Layer 1\" xmlns=\"http:\/\/www.w3.org\/2000\/svg\" viewBox=\"0 0 512 512\"><path d=\"M256,0C114.84,0,0,114.84,0,256S114.84,512,256,512,512,397.16,512,256,397.16,0,256,0Zm79.08,271.08L228.42,377.75a21.33,21.33,0,0,1-30.17-30.17L289.83,256l-91.58-91.58a21.33,21.33,0,1,1,30.17-30.17L335.08,240.92A21.31,21.31,0,0,1,335.08,271.08Z\"><\/path><\/svg><\/a>\n","protected":false},"excerpt":{"rendered":"<p>Yunan Akdeniz Diyeti tariflerinin y\u00f6netimi, hem Yunan Akdeniz Diyeti\u2019nin tan\u0131t\u0131m\u0131 hem de Yunanistan\u2019da \u00fcretilen \u00fcr\u00fcnlerin te\u015fvik edilmesi a\u00e7\u0131s\u0131ndan projenin en&#8230;<\/p>\n","protected":false},"author":11,"featured_media":0,"parent":0,"menu_order":0,"comment_status":"closed","ping_status":"closed","template":"content-full-width.php","meta":{"inline_featured_image":false,"footnotes":""},"class_list":["post-13682","page","type-page","status-publish","hentry"],"yoast_head":"<!-- This site is optimized with the Yoast SEO plugin v26.9 - https:\/\/yoast.com\/product\/yoast-seo-wordpress\/ -->\n<title>Tarif Sistemi - Tersine Tar\u0131m<\/title>\n<meta name=\"robots\" content=\"index, follow, max-snippet:-1, max-image-preview:large, max-video-preview:-1\" \/>\n<link rel=\"canonical\" href=\"https:\/\/portal.greekfarms.gov.gr\/tr\/recipes-landing\/\" \/>\n<meta property=\"og:locale\" content=\"tr_TR\" \/>\n<meta property=\"og:type\" content=\"article\" \/>\n<meta property=\"og:title\" content=\"Tarif Sistemi - Tersine Tar\u0131m\" \/>\n<meta property=\"og:description\" content=\"Yunan Akdeniz Diyeti tariflerinin y\u00f6netimi, hem Yunan Akdeniz Diyeti\u2019nin tan\u0131t\u0131m\u0131 hem de Yunanistan\u2019da \u00fcretilen \u00fcr\u00fcnlerin te\u015fvik edilmesi a\u00e7\u0131s\u0131ndan projenin en...\" \/>\n<meta property=\"og:url\" content=\"https:\/\/portal.greekfarms.gov.gr\/tr\/recipes-landing\/\" \/>\n<meta property=\"og:site_name\" content=\"Tersine Tar\u0131m\" \/>\n<meta property=\"article:publisher\" content=\"https:\/\/www.facebook.com\/GreekFarmsOfficial\" \/>\n<meta property=\"article:modified_time\" content=\"2026-01-29T14:30:57+00:00\" \/>\n<meta name=\"twitter:card\" content=\"summary_large_image\" \/>\n<meta name=\"twitter:label1\" content=\"Tahmini okuma s\u00fcresi\" \/>\n\t<meta name=\"twitter:data1\" content=\"2 dakika\" \/>\n<script type=\"application\/ld+json\" class=\"yoast-schema-graph\">{\"@context\":\"https:\/\/schema.org\",\"@graph\":[{\"@type\":\"WebPage\",\"@id\":\"https:\/\/portal.greekfarms.gov.gr\/tr\/recipes-landing\/\",\"url\":\"https:\/\/portal.greekfarms.gov.gr\/tr\/recipes-landing\/\",\"name\":\"Tarif Sistemi - Tersine Tar\u0131m\",\"isPartOf\":{\"@id\":\"https:\/\/portal.greekfarms.gov.gr\/tr\/#website\"},\"datePublished\":\"2025-07-07T09:55:12+00:00\",\"dateModified\":\"2026-01-29T14:30:57+00:00\",\"breadcrumb\":{\"@id\":\"https:\/\/portal.greekfarms.gov.gr\/tr\/recipes-landing\/#breadcrumb\"},\"inLanguage\":\"tr\",\"potentialAction\":[{\"@type\":\"ReadAction\",\"target\":[\"https:\/\/portal.greekfarms.gov.gr\/tr\/recipes-landing\/\"]}]},{\"@type\":\"BreadcrumbList\",\"@id\":\"https:\/\/portal.greekfarms.gov.gr\/tr\/recipes-landing\/#breadcrumb\",\"itemListElement\":[{\"@type\":\"ListItem\",\"position\":1,\"name\":\"\u0391\u03c1\u03c7\u03b9\u03ba\u03ae\",\"item\":\"https:\/\/portal.greekfarms.gov.gr\/tr\/\"},{\"@type\":\"ListItem\",\"position\":2,\"name\":\"Tarif Sistemi\"}]},{\"@type\":\"WebSite\",\"@id\":\"https:\/\/portal.greekfarms.gov.gr\/tr\/#website\",\"url\":\"https:\/\/portal.greekfarms.gov.gr\/tr\/\",\"name\":\"\u0395\u03be\u03c9\u03c3\u03c4\u03c1\u03b5\u03c6\u03ae\u03c2 \u0393\u03b5\u03c9\u03c1\u03b3\u03af\u03b1\",\"description\":\"\u039c\u03b9\u03b1 \u03b4\u03b9\u03b1\u03b4\u03b9\u03ba\u03c4\u03c5\u03b1\u03ba\u03ae \u03c0\u03bb\u03b1\u03c4\u03c6\u03cc\u03c1\u03bc\u03b1 \u03c0\u03bf\u03c5 \u03c3\u03c5\u03bd\u03b4\u03ad\u03b5\u03b9 \u03c4\u03bf\u03bd \u03ba\u03bb\u03ac\u03b4\u03bf \u03c4\u03b7\u03c2 \u03c6\u03b9\u03bb\u03bf\u03be\u03b5\u03bd\u03af\u03b1\u03c2 \u03bc\u03b5 \u0388\u03bb\u03bb\u03b7\u03bd\u03b5\u03c2 \u03c0\u03b1\u03c1\u03b1\u03b3\u03c9\u03b3\u03bf\u03cd\u03c2!\",\"publisher\":{\"@id\":\"https:\/\/portal.greekfarms.gov.gr\/tr\/#organization\"},\"alternateName\":\"Greek Farms\",\"potentialAction\":[{\"@type\":\"SearchAction\",\"target\":{\"@type\":\"EntryPoint\",\"urlTemplate\":\"https:\/\/portal.greekfarms.gov.gr\/tr\/?s={search_term_string}\"},\"query-input\":{\"@type\":\"PropertyValueSpecification\",\"valueRequired\":true,\"valueName\":\"search_term_string\"}}],\"inLanguage\":\"tr\"},{\"@type\":\"Organization\",\"@id\":\"https:\/\/portal.greekfarms.gov.gr\/tr\/#organization\",\"name\":\"\u03a5\u03c0\u03bf\u03c5\u03c1\u03b3\u03b5\u03af\u03bf \u0391\u03b3\u03c1\u03bf\u03c4\u03b9\u03ba\u03ae\u03c2 \u0391\u03bd\u03ac\u03c0\u03c4\u03c5\u03be\u03b7\u03c2 \u03ba\u03b1\u03b9 \u03a4\u03c1\u03bf\u03c6\u03af\u03bc\u03c9\u03bd\",\"url\":\"https:\/\/portal.greekfarms.gov.gr\/tr\/\",\"logo\":{\"@type\":\"ImageObject\",\"inLanguage\":\"tr\",\"@id\":\"https:\/\/portal.greekfarms.gov.gr\/tr\/#\/schema\/logo\/image\/\",\"url\":\"https:\/\/portal.greekfarms.gov.gr\/wp-content\/uploads\/2024\/02\/grfarms_logo_blue@w320px.png\",\"contentUrl\":\"https:\/\/portal.greekfarms.gov.gr\/wp-content\/uploads\/2024\/02\/grfarms_logo_blue@w320px.png\",\"width\":320,\"height\":408,\"caption\":\"\u03a5\u03c0\u03bf\u03c5\u03c1\u03b3\u03b5\u03af\u03bf \u0391\u03b3\u03c1\u03bf\u03c4\u03b9\u03ba\u03ae\u03c2 \u0391\u03bd\u03ac\u03c0\u03c4\u03c5\u03be\u03b7\u03c2 \u03ba\u03b1\u03b9 \u03a4\u03c1\u03bf\u03c6\u03af\u03bc\u03c9\u03bd\"},\"image\":{\"@id\":\"https:\/\/portal.greekfarms.gov.gr\/tr\/#\/schema\/logo\/image\/\"},\"sameAs\":[\"https:\/\/www.facebook.com\/GreekFarmsOfficial\",\"https:\/\/www.instagram.com\/greekfarms_official\/\",\"https:\/\/www.linkedin.com\/company\/greek-farms\/\",\"https:\/\/www.youtube.com\/@GreekFarmsOfficial\"]}]}<\/script>\n<!-- \/ Yoast SEO plugin. -->","yoast_head_json":{"title":"Tarif Sistemi - Tersine Tar\u0131m","robots":{"index":"index","follow":"follow","max-snippet":"max-snippet:-1","max-image-preview":"max-image-preview:large","max-video-preview":"max-video-preview:-1"},"canonical":"https:\/\/portal.greekfarms.gov.gr\/tr\/recipes-landing\/","og_locale":"tr_TR","og_type":"article","og_title":"Tarif Sistemi - Tersine Tar\u0131m","og_description":"Yunan Akdeniz Diyeti tariflerinin y\u00f6netimi, hem Yunan Akdeniz Diyeti\u2019nin tan\u0131t\u0131m\u0131 hem de Yunanistan\u2019da \u00fcretilen \u00fcr\u00fcnlerin te\u015fvik edilmesi a\u00e7\u0131s\u0131ndan projenin en...","og_url":"https:\/\/portal.greekfarms.gov.gr\/tr\/recipes-landing\/","og_site_name":"Tersine Tar\u0131m","article_publisher":"https:\/\/www.facebook.com\/GreekFarmsOfficial","article_modified_time":"2026-01-29T14:30:57+00:00","twitter_card":"summary_large_image","twitter_misc":{"Tahmini okuma s\u00fcresi":"2 dakika"},"schema":{"@context":"https:\/\/schema.org","@graph":[{"@type":"WebPage","@id":"https:\/\/portal.greekfarms.gov.gr\/tr\/recipes-landing\/","url":"https:\/\/portal.greekfarms.gov.gr\/tr\/recipes-landing\/","name":"Tarif Sistemi - Tersine Tar\u0131m","isPartOf":{"@id":"https:\/\/portal.greekfarms.gov.gr\/tr\/#website"},"datePublished":"2025-07-07T09:55:12+00:00","dateModified":"2026-01-29T14:30:57+00:00","breadcrumb":{"@id":"https:\/\/portal.greekfarms.gov.gr\/tr\/recipes-landing\/#breadcrumb"},"inLanguage":"tr","potentialAction":[{"@type":"ReadAction","target":["https:\/\/portal.greekfarms.gov.gr\/tr\/recipes-landing\/"]}]},{"@type":"BreadcrumbList","@id":"https:\/\/portal.greekfarms.gov.gr\/tr\/recipes-landing\/#breadcrumb","itemListElement":[{"@type":"ListItem","position":1,"name":"\u0391\u03c1\u03c7\u03b9\u03ba\u03ae","item":"https:\/\/portal.greekfarms.gov.gr\/tr\/"},{"@type":"ListItem","position":2,"name":"Tarif Sistemi"}]},{"@type":"WebSite","@id":"https:\/\/portal.greekfarms.gov.gr\/tr\/#website","url":"https:\/\/portal.greekfarms.gov.gr\/tr\/","name":"\u0395\u03be\u03c9\u03c3\u03c4\u03c1\u03b5\u03c6\u03ae\u03c2 \u0393\u03b5\u03c9\u03c1\u03b3\u03af\u03b1","description":"\u039c\u03b9\u03b1 \u03b4\u03b9\u03b1\u03b4\u03b9\u03ba\u03c4\u03c5\u03b1\u03ba\u03ae \u03c0\u03bb\u03b1\u03c4\u03c6\u03cc\u03c1\u03bc\u03b1 \u03c0\u03bf\u03c5 \u03c3\u03c5\u03bd\u03b4\u03ad\u03b5\u03b9 \u03c4\u03bf\u03bd \u03ba\u03bb\u03ac\u03b4\u03bf \u03c4\u03b7\u03c2 \u03c6\u03b9\u03bb\u03bf\u03be\u03b5\u03bd\u03af\u03b1\u03c2 \u03bc\u03b5 \u0388\u03bb\u03bb\u03b7\u03bd\u03b5\u03c2 \u03c0\u03b1\u03c1\u03b1\u03b3\u03c9\u03b3\u03bf\u03cd\u03c2!","publisher":{"@id":"https:\/\/portal.greekfarms.gov.gr\/tr\/#organization"},"alternateName":"Greek Farms","potentialAction":[{"@type":"SearchAction","target":{"@type":"EntryPoint","urlTemplate":"https:\/\/portal.greekfarms.gov.gr\/tr\/?s={search_term_string}"},"query-input":{"@type":"PropertyValueSpecification","valueRequired":true,"valueName":"search_term_string"}}],"inLanguage":"tr"},{"@type":"Organization","@id":"https:\/\/portal.greekfarms.gov.gr\/tr\/#organization","name":"\u03a5\u03c0\u03bf\u03c5\u03c1\u03b3\u03b5\u03af\u03bf \u0391\u03b3\u03c1\u03bf\u03c4\u03b9\u03ba\u03ae\u03c2 \u0391\u03bd\u03ac\u03c0\u03c4\u03c5\u03be\u03b7\u03c2 \u03ba\u03b1\u03b9 \u03a4\u03c1\u03bf\u03c6\u03af\u03bc\u03c9\u03bd","url":"https:\/\/portal.greekfarms.gov.gr\/tr\/","logo":{"@type":"ImageObject","inLanguage":"tr","@id":"https:\/\/portal.greekfarms.gov.gr\/tr\/#\/schema\/logo\/image\/","url":"https:\/\/portal.greekfarms.gov.gr\/wp-content\/uploads\/2024\/02\/grfarms_logo_blue@w320px.png","contentUrl":"https:\/\/portal.greekfarms.gov.gr\/wp-content\/uploads\/2024\/02\/grfarms_logo_blue@w320px.png","width":320,"height":408,"caption":"\u03a5\u03c0\u03bf\u03c5\u03c1\u03b3\u03b5\u03af\u03bf \u0391\u03b3\u03c1\u03bf\u03c4\u03b9\u03ba\u03ae\u03c2 \u0391\u03bd\u03ac\u03c0\u03c4\u03c5\u03be\u03b7\u03c2 \u03ba\u03b1\u03b9 \u03a4\u03c1\u03bf\u03c6\u03af\u03bc\u03c9\u03bd"},"image":{"@id":"https:\/\/portal.greekfarms.gov.gr\/tr\/#\/schema\/logo\/image\/"},"sameAs":["https:\/\/www.facebook.com\/GreekFarmsOfficial","https:\/\/www.instagram.com\/greekfarms_official\/","https:\/\/www.linkedin.com\/company\/greek-farms\/","https:\/\/www.youtube.com\/@GreekFarmsOfficial"]}]}},"_links":{"self":[{"href":"https:\/\/portal.greekfarms.gov.gr\/tr\/wp-json\/wp\/v2\/pages\/13682","targetHints":{"allow":["GET"]}}],"collection":[{"href":"https:\/\/portal.greekfarms.gov.gr\/tr\/wp-json\/wp\/v2\/pages"}],"about":[{"href":"https:\/\/portal.greekfarms.gov.gr\/tr\/wp-json\/wp\/v2\/types\/page"}],"author":[{"embeddable":true,"href":"https:\/\/portal.greekfarms.gov.gr\/tr\/wp-json\/wp\/v2\/users\/11"}],"replies":[{"embeddable":true,"href":"https:\/\/portal.greekfarms.gov.gr\/tr\/wp-json\/wp\/v2\/comments?post=13682"}],"version-history":[{"count":2,"href":"https:\/\/portal.greekfarms.gov.gr\/tr\/wp-json\/wp\/v2\/pages\/13682\/revisions"}],"predecessor-version":[{"id":19156,"href":"https:\/\/portal.greekfarms.gov.gr\/tr\/wp-json\/wp\/v2\/pages\/13682\/revisions\/19156"}],"wp:attachment":[{"href":"https:\/\/portal.greekfarms.gov.gr\/tr\/wp-json\/wp\/v2\/media?parent=13682"}],"curies":[{"name":"wp","href":"https:\/\/api.w.org\/{rel}","templated":true}]}}