{"id":12081,"date":"2025-05-04T14:41:18","date_gmt":"2025-05-04T14:41:18","guid":{"rendered":"https:\/\/portal.greekfarms.gov.gr\/main\/?page_id=12081"},"modified":"2026-01-29T13:48:44","modified_gmt":"2026-01-29T13:48:44","slug":"exhibition-landing","status":"publish","type":"page","link":"https:\/\/portal.greekfarms.gov.gr\/tr\/exhibition-landing\/","title":{"rendered":"Dijital Fuar Sistemi"},"content":{"rendered":"\n<p>Sistem, sisteme kay\u0131t olmu\u015f ve uygun ayr\u0131nt\u0131l\u0131 bir profil olu\u015fturmu\u015f sertifikal\u0131 kat\u0131l\u0131mc\u0131lar\u0131n ve al\u0131c\u0131lar\u0131n kat\u0131labilece\u011fi iki ana fuar t\u00fcr\u00fcn\u00fc desteklemektedir.<br>Sistemin destekledi\u011fi fuar t\u00fcrleri \u015funlard\u0131r:<\/p>\n\n\n\n<p><strong>1) S\u00fcrekli sanal \u00fcretici\u2013\u00fcr\u00fcn fuar\u0131<\/strong><br>Bu fuar, t\u00fcm sertifikal\u0131 kat\u0131l\u0131mc\u0131lar\u0131n sistemde olu\u015fturduklar\u0131 temel profilleri kullanarak \u00fcr\u00fcnlerini ve genel faaliyetlerini ayr\u0131nt\u0131l\u0131 \u015fekilde sunduklar\u0131 kal\u0131c\u0131 bir sanal fuard\u0131r.<\/p>\n\n\n\n<p><strong>2) Belirli zaman dilimlerinde ger\u00e7ekle\u015ftirilen uzmanla\u015fm\u0131\u015f sanal fuarlar<\/strong><br>Bu fuarlar daha uzmanla\u015fm\u0131\u015ft\u0131r. Fuar y\u00f6netim sistemi taraf\u0131ndan dinamik olarak olu\u015fturulur ve a\u015fa\u011f\u0131daki \u00f6zelliklere sahiptir:<\/p>\n\n\n\n<ul class=\"wp-block-list\">\n<li>belirli bir s\u00fcre (ba\u015flang\u0131\u00e7 ve biti\u015f tarihi)<\/li>\n\n\n\n<li>belirli \u00fcr\u00fcnlere veya \u00fcr\u00fcn kategorilerine odaklanabilir (\u00f6rne\u011fin \u015farap fuar\u0131)<\/li>\n\n\n\n<li>sertifikal\u0131 kat\u0131l\u0131mc\u0131lar kat\u0131l\u0131m ba\u015fvurusunda bulunur (t\u00fcm sertifikal\u0131 kat\u0131l\u0131mc\u0131lar otomatik olarak kat\u0131lmaz). Kat\u0131l\u0131mc\u0131lar, ilgili fuar i\u00e7in desteklenen \u00fcr\u00fcn kategorilerini tan\u0131tan \u00f6zel bir profil olu\u015fturur.<\/li>\n<\/ul>\n\n\n\n<p>Dijital fuar platformu, sanal fuarlar\u0131n yan\u0131 s\u0131ra a\u015fa\u011f\u0131dakileri i\u00e7eren fiziksel fuarlar\u0131 veya hibrit organizasyonlar\u0131 da destekler:<\/p>\n\n\n\n<ul class=\"wp-block-list\">\n<li>Kat\u0131l\u0131mc\u0131lar\u0131n \u00fcr\u00fcnlerini fiziksel olarak sergiledi\u011fi bir fuar alan\u0131nda d\u00fczenlenen fiziksel fuar<\/li>\n\n\n\n<li>Kat\u0131l\u0131mc\u0131lar\u0131n platformdaki profilleri arac\u0131l\u0131\u011f\u0131yla \u00fcr\u00fcnlerini sundu\u011fu paralel bir sanal fuar<\/li>\n\n\n\n<li>Fiziksel fuar\u0131 ziyaret eden ve platforma kay\u0131t olduktan sonra \u00fcretici ve \u00fcr\u00fcn aramas\u0131 yaparak fuar \u00f6ncesinde platform \u00fczerinden y\u00fcz y\u00fcze toplant\u0131lar organize edebilen al\u0131c\u0131lar<\/li>\n\n\n\n<li>Fiziksel fuar\u0131 ziyaret etmeyen ancak \u00fcr\u00fcn ve kat\u0131l\u0131mc\u0131 aramas\u0131 yapt\u0131ktan sonra platformun sundu\u011fu video konferans veya sohbet altyap\u0131s\u0131 \u00fczerinden sanal toplant\u0131lar d\u00fczenleyebilen al\u0131c\u0131lar.<\/li>\n<\/ul>\n\n\n<a href=\"https:\/\/apps.greekfarms.gov.gr\/VirtualExpo\/frmBase.zul?lang=tr\" class=\"read-more-btn\">Uygulamaya Giri\u015f<svg id=\"6f4bfa77-4ec3-4f0e-b596-c3c1460c62cf\" data-name=\"Layer 1\" xmlns=\"http:\/\/www.w3.org\/2000\/svg\" viewBox=\"0 0 512 512\"><path d=\"M256,0C114.84,0,0,114.84,0,256S114.84,512,256,512,512,397.16,512,256,397.16,0,256,0Zm79.08,271.08L228.42,377.75a21.33,21.33,0,0,1-30.17-30.17L289.83,256l-91.58-91.58a21.33,21.33,0,1,1,30.17-30.17L335.08,240.92A21.31,21.31,0,0,1,335.08,271.08Z\"><\/path><\/svg><\/a>\n\n\n\n<h2 class=\"wp-block-heading\"><\/h2>\n","protected":false},"excerpt":{"rendered":"<p>Sistem, sisteme kay\u0131t olmu\u015f ve uygun ayr\u0131nt\u0131l\u0131 bir profil olu\u015fturmu\u015f sertifikal\u0131 kat\u0131l\u0131mc\u0131lar\u0131n ve al\u0131c\u0131lar\u0131n kat\u0131labilece\u011fi iki ana fuar t\u00fcr\u00fcn\u00fc desteklemektedir.Sistemin&#8230;<\/p>\n","protected":false},"author":9,"featured_media":0,"parent":0,"menu_order":0,"comment_status":"closed","ping_status":"closed","template":"content-full-width.php","meta":{"inline_featured_image":false,"footnotes":""},"class_list":["post-12081","page","type-page","status-publish","hentry"],"yoast_head":"<!-- This site is optimized with the Yoast SEO plugin v26.9 - https:\/\/yoast.com\/product\/yoast-seo-wordpress\/ -->\n<title>Dijital Fuar Sistemi - Tersine Tar\u0131m<\/title>\n<meta name=\"robots\" content=\"index, follow, max-snippet:-1, max-image-preview:large, max-video-preview:-1\" \/>\n<link rel=\"canonical\" href=\"https:\/\/portal.greekfarms.gov.gr\/tr\/exhibition-landing\/\" \/>\n<meta property=\"og:locale\" content=\"tr_TR\" \/>\n<meta property=\"og:type\" content=\"article\" \/>\n<meta property=\"og:title\" content=\"Dijital Fuar Sistemi - Tersine Tar\u0131m\" \/>\n<meta property=\"og:description\" content=\"Sistem, sisteme kay\u0131t olmu\u015f ve uygun ayr\u0131nt\u0131l\u0131 bir profil olu\u015fturmu\u015f sertifikal\u0131 kat\u0131l\u0131mc\u0131lar\u0131n ve al\u0131c\u0131lar\u0131n kat\u0131labilece\u011fi iki ana fuar t\u00fcr\u00fcn\u00fc desteklemektedir.Sistemin...\" \/>\n<meta property=\"og:url\" content=\"https:\/\/portal.greekfarms.gov.gr\/tr\/exhibition-landing\/\" \/>\n<meta property=\"og:site_name\" content=\"Tersine Tar\u0131m\" \/>\n<meta property=\"article:publisher\" content=\"https:\/\/www.facebook.com\/GreekFarmsOfficial\" \/>\n<meta property=\"article:modified_time\" content=\"2026-01-29T13:48:44+00:00\" \/>\n<meta name=\"twitter:card\" content=\"summary_large_image\" \/>\n<meta name=\"twitter:label1\" content=\"Tahmini okuma s\u00fcresi\" \/>\n\t<meta name=\"twitter:data1\" content=\"1 dakika\" \/>\n<script type=\"application\/ld+json\" class=\"yoast-schema-graph\">{\"@context\":\"https:\/\/schema.org\",\"@graph\":[{\"@type\":\"WebPage\",\"@id\":\"https:\/\/portal.greekfarms.gov.gr\/tr\/exhibition-landing\/\",\"url\":\"https:\/\/portal.greekfarms.gov.gr\/tr\/exhibition-landing\/\",\"name\":\"Dijital Fuar Sistemi - Tersine Tar\u0131m\",\"isPartOf\":{\"@id\":\"https:\/\/portal.greekfarms.gov.gr\/tr\/#website\"},\"datePublished\":\"2025-05-04T14:41:18+00:00\",\"dateModified\":\"2026-01-29T13:48:44+00:00\",\"breadcrumb\":{\"@id\":\"https:\/\/portal.greekfarms.gov.gr\/tr\/exhibition-landing\/#breadcrumb\"},\"inLanguage\":\"tr\",\"potentialAction\":[{\"@type\":\"ReadAction\",\"target\":[\"https:\/\/portal.greekfarms.gov.gr\/tr\/exhibition-landing\/\"]}]},{\"@type\":\"BreadcrumbList\",\"@id\":\"https:\/\/portal.greekfarms.gov.gr\/tr\/exhibition-landing\/#breadcrumb\",\"itemListElement\":[{\"@type\":\"ListItem\",\"position\":1,\"name\":\"\u0391\u03c1\u03c7\u03b9\u03ba\u03ae\",\"item\":\"https:\/\/portal.greekfarms.gov.gr\/tr\/\"},{\"@type\":\"ListItem\",\"position\":2,\"name\":\"Dijital Fuar Sistemi\"}]},{\"@type\":\"WebSite\",\"@id\":\"https:\/\/portal.greekfarms.gov.gr\/tr\/#website\",\"url\":\"https:\/\/portal.greekfarms.gov.gr\/tr\/\",\"name\":\"\u0395\u03be\u03c9\u03c3\u03c4\u03c1\u03b5\u03c6\u03ae\u03c2 \u0393\u03b5\u03c9\u03c1\u03b3\u03af\u03b1\",\"description\":\"\u039c\u03b9\u03b1 \u03b4\u03b9\u03b1\u03b4\u03b9\u03ba\u03c4\u03c5\u03b1\u03ba\u03ae \u03c0\u03bb\u03b1\u03c4\u03c6\u03cc\u03c1\u03bc\u03b1 \u03c0\u03bf\u03c5 \u03c3\u03c5\u03bd\u03b4\u03ad\u03b5\u03b9 \u03c4\u03bf\u03bd \u03ba\u03bb\u03ac\u03b4\u03bf \u03c4\u03b7\u03c2 \u03c6\u03b9\u03bb\u03bf\u03be\u03b5\u03bd\u03af\u03b1\u03c2 \u03bc\u03b5 \u0388\u03bb\u03bb\u03b7\u03bd\u03b5\u03c2 \u03c0\u03b1\u03c1\u03b1\u03b3\u03c9\u03b3\u03bf\u03cd\u03c2!\",\"publisher\":{\"@id\":\"https:\/\/portal.greekfarms.gov.gr\/tr\/#organization\"},\"alternateName\":\"Greek Farms\",\"potentialAction\":[{\"@type\":\"SearchAction\",\"target\":{\"@type\":\"EntryPoint\",\"urlTemplate\":\"https:\/\/portal.greekfarms.gov.gr\/tr\/?s={search_term_string}\"},\"query-input\":{\"@type\":\"PropertyValueSpecification\",\"valueRequired\":true,\"valueName\":\"search_term_string\"}}],\"inLanguage\":\"tr\"},{\"@type\":\"Organization\",\"@id\":\"https:\/\/portal.greekfarms.gov.gr\/tr\/#organization\",\"name\":\"\u03a5\u03c0\u03bf\u03c5\u03c1\u03b3\u03b5\u03af\u03bf \u0391\u03b3\u03c1\u03bf\u03c4\u03b9\u03ba\u03ae\u03c2 \u0391\u03bd\u03ac\u03c0\u03c4\u03c5\u03be\u03b7\u03c2 \u03ba\u03b1\u03b9 \u03a4\u03c1\u03bf\u03c6\u03af\u03bc\u03c9\u03bd\",\"url\":\"https:\/\/portal.greekfarms.gov.gr\/tr\/\",\"logo\":{\"@type\":\"ImageObject\",\"inLanguage\":\"tr\",\"@id\":\"https:\/\/portal.greekfarms.gov.gr\/tr\/#\/schema\/logo\/image\/\",\"url\":\"https:\/\/portal.greekfarms.gov.gr\/wp-content\/uploads\/2024\/02\/grfarms_logo_blue@w320px.png\",\"contentUrl\":\"https:\/\/portal.greekfarms.gov.gr\/wp-content\/uploads\/2024\/02\/grfarms_logo_blue@w320px.png\",\"width\":320,\"height\":408,\"caption\":\"\u03a5\u03c0\u03bf\u03c5\u03c1\u03b3\u03b5\u03af\u03bf \u0391\u03b3\u03c1\u03bf\u03c4\u03b9\u03ba\u03ae\u03c2 \u0391\u03bd\u03ac\u03c0\u03c4\u03c5\u03be\u03b7\u03c2 \u03ba\u03b1\u03b9 \u03a4\u03c1\u03bf\u03c6\u03af\u03bc\u03c9\u03bd\"},\"image\":{\"@id\":\"https:\/\/portal.greekfarms.gov.gr\/tr\/#\/schema\/logo\/image\/\"},\"sameAs\":[\"https:\/\/www.facebook.com\/GreekFarmsOfficial\",\"https:\/\/www.instagram.com\/greekfarms_official\/\",\"https:\/\/www.linkedin.com\/company\/greek-farms\/\",\"https:\/\/www.youtube.com\/@GreekFarmsOfficial\"]}]}<\/script>\n<!-- \/ Yoast SEO plugin. -->","yoast_head_json":{"title":"Dijital Fuar Sistemi - Tersine Tar\u0131m","robots":{"index":"index","follow":"follow","max-snippet":"max-snippet:-1","max-image-preview":"max-image-preview:large","max-video-preview":"max-video-preview:-1"},"canonical":"https:\/\/portal.greekfarms.gov.gr\/tr\/exhibition-landing\/","og_locale":"tr_TR","og_type":"article","og_title":"Dijital Fuar Sistemi - Tersine Tar\u0131m","og_description":"Sistem, sisteme kay\u0131t olmu\u015f ve uygun ayr\u0131nt\u0131l\u0131 bir profil olu\u015fturmu\u015f sertifikal\u0131 kat\u0131l\u0131mc\u0131lar\u0131n ve al\u0131c\u0131lar\u0131n kat\u0131labilece\u011fi iki ana fuar t\u00fcr\u00fcn\u00fc desteklemektedir.Sistemin...","og_url":"https:\/\/portal.greekfarms.gov.gr\/tr\/exhibition-landing\/","og_site_name":"Tersine Tar\u0131m","article_publisher":"https:\/\/www.facebook.com\/GreekFarmsOfficial","article_modified_time":"2026-01-29T13:48:44+00:00","twitter_card":"summary_large_image","twitter_misc":{"Tahmini okuma s\u00fcresi":"1 dakika"},"schema":{"@context":"https:\/\/schema.org","@graph":[{"@type":"WebPage","@id":"https:\/\/portal.greekfarms.gov.gr\/tr\/exhibition-landing\/","url":"https:\/\/portal.greekfarms.gov.gr\/tr\/exhibition-landing\/","name":"Dijital Fuar Sistemi - Tersine Tar\u0131m","isPartOf":{"@id":"https:\/\/portal.greekfarms.gov.gr\/tr\/#website"},"datePublished":"2025-05-04T14:41:18+00:00","dateModified":"2026-01-29T13:48:44+00:00","breadcrumb":{"@id":"https:\/\/portal.greekfarms.gov.gr\/tr\/exhibition-landing\/#breadcrumb"},"inLanguage":"tr","potentialAction":[{"@type":"ReadAction","target":["https:\/\/portal.greekfarms.gov.gr\/tr\/exhibition-landing\/"]}]},{"@type":"BreadcrumbList","@id":"https:\/\/portal.greekfarms.gov.gr\/tr\/exhibition-landing\/#breadcrumb","itemListElement":[{"@type":"ListItem","position":1,"name":"\u0391\u03c1\u03c7\u03b9\u03ba\u03ae","item":"https:\/\/portal.greekfarms.gov.gr\/tr\/"},{"@type":"ListItem","position":2,"name":"Dijital Fuar Sistemi"}]},{"@type":"WebSite","@id":"https:\/\/portal.greekfarms.gov.gr\/tr\/#website","url":"https:\/\/portal.greekfarms.gov.gr\/tr\/","name":"\u0395\u03be\u03c9\u03c3\u03c4\u03c1\u03b5\u03c6\u03ae\u03c2 \u0393\u03b5\u03c9\u03c1\u03b3\u03af\u03b1","description":"\u039c\u03b9\u03b1 \u03b4\u03b9\u03b1\u03b4\u03b9\u03ba\u03c4\u03c5\u03b1\u03ba\u03ae \u03c0\u03bb\u03b1\u03c4\u03c6\u03cc\u03c1\u03bc\u03b1 \u03c0\u03bf\u03c5 \u03c3\u03c5\u03bd\u03b4\u03ad\u03b5\u03b9 \u03c4\u03bf\u03bd \u03ba\u03bb\u03ac\u03b4\u03bf \u03c4\u03b7\u03c2 \u03c6\u03b9\u03bb\u03bf\u03be\u03b5\u03bd\u03af\u03b1\u03c2 \u03bc\u03b5 \u0388\u03bb\u03bb\u03b7\u03bd\u03b5\u03c2 \u03c0\u03b1\u03c1\u03b1\u03b3\u03c9\u03b3\u03bf\u03cd\u03c2!","publisher":{"@id":"https:\/\/portal.greekfarms.gov.gr\/tr\/#organization"},"alternateName":"Greek Farms","potentialAction":[{"@type":"SearchAction","target":{"@type":"EntryPoint","urlTemplate":"https:\/\/portal.greekfarms.gov.gr\/tr\/?s={search_term_string}"},"query-input":{"@type":"PropertyValueSpecification","valueRequired":true,"valueName":"search_term_string"}}],"inLanguage":"tr"},{"@type":"Organization","@id":"https:\/\/portal.greekfarms.gov.gr\/tr\/#organization","name":"\u03a5\u03c0\u03bf\u03c5\u03c1\u03b3\u03b5\u03af\u03bf \u0391\u03b3\u03c1\u03bf\u03c4\u03b9\u03ba\u03ae\u03c2 \u0391\u03bd\u03ac\u03c0\u03c4\u03c5\u03be\u03b7\u03c2 \u03ba\u03b1\u03b9 \u03a4\u03c1\u03bf\u03c6\u03af\u03bc\u03c9\u03bd","url":"https:\/\/portal.greekfarms.gov.gr\/tr\/","logo":{"@type":"ImageObject","inLanguage":"tr","@id":"https:\/\/portal.greekfarms.gov.gr\/tr\/#\/schema\/logo\/image\/","url":"https:\/\/portal.greekfarms.gov.gr\/wp-content\/uploads\/2024\/02\/grfarms_logo_blue@w320px.png","contentUrl":"https:\/\/portal.greekfarms.gov.gr\/wp-content\/uploads\/2024\/02\/grfarms_logo_blue@w320px.png","width":320,"height":408,"caption":"\u03a5\u03c0\u03bf\u03c5\u03c1\u03b3\u03b5\u03af\u03bf \u0391\u03b3\u03c1\u03bf\u03c4\u03b9\u03ba\u03ae\u03c2 \u0391\u03bd\u03ac\u03c0\u03c4\u03c5\u03be\u03b7\u03c2 \u03ba\u03b1\u03b9 \u03a4\u03c1\u03bf\u03c6\u03af\u03bc\u03c9\u03bd"},"image":{"@id":"https:\/\/portal.greekfarms.gov.gr\/tr\/#\/schema\/logo\/image\/"},"sameAs":["https:\/\/www.facebook.com\/GreekFarmsOfficial","https:\/\/www.instagram.com\/greekfarms_official\/","https:\/\/www.linkedin.com\/company\/greek-farms\/","https:\/\/www.youtube.com\/@GreekFarmsOfficial"]}]}},"_links":{"self":[{"href":"https:\/\/portal.greekfarms.gov.gr\/tr\/wp-json\/wp\/v2\/pages\/12081","targetHints":{"allow":["GET"]}}],"collection":[{"href":"https:\/\/portal.greekfarms.gov.gr\/tr\/wp-json\/wp\/v2\/pages"}],"about":[{"href":"https:\/\/portal.greekfarms.gov.gr\/tr\/wp-json\/wp\/v2\/types\/page"}],"author":[{"embeddable":true,"href":"https:\/\/portal.greekfarms.gov.gr\/tr\/wp-json\/wp\/v2\/users\/9"}],"replies":[{"embeddable":true,"href":"https:\/\/portal.greekfarms.gov.gr\/tr\/wp-json\/wp\/v2\/comments?post=12081"}],"version-history":[{"count":5,"href":"https:\/\/portal.greekfarms.gov.gr\/tr\/wp-json\/wp\/v2\/pages\/12081\/revisions"}],"predecessor-version":[{"id":19141,"href":"https:\/\/portal.greekfarms.gov.gr\/tr\/wp-json\/wp\/v2\/pages\/12081\/revisions\/19141"}],"wp:attachment":[{"href":"https:\/\/portal.greekfarms.gov.gr\/tr\/wp-json\/wp\/v2\/media?parent=12081"}],"curies":[{"name":"wp","href":"https:\/\/api.w.org\/{rel}","templated":true}]}}