{"id":14893,"date":"2025-04-23T13:51:25","date_gmt":"2025-04-23T13:51:25","guid":{"rendered":"https:\/\/portal.greekfarms.gov.gr\/?page_id=14893"},"modified":"2025-10-02T08:12:05","modified_gmt":"2025-10-02T08:12:05","slug":"greek-farms","status":"publish","type":"page","link":"https:\/\/portal.greekfarms.gov.gr\/sv\/greek-farms\/","title":{"rendered":"Greek Farms"},"content":{"rendered":"\n<p>V\u00e4lkommen till Greek Farms \u2013 plattformen som presenterar Greklands produkter, m\u00e4nniskor och smaker!<\/p>\n\n\n\n<p>Greek Farms skapades med syftet att ta dig med p\u00e5 en resa till en v\u00e4rld av autentiska grekiska smaker och introducera dig f\u00f6r hemligheterna med v\u00e5r ber\u00f6mda medelhavsdiet.<\/p>\n\n\n\n<p>Syftet \u00e4r att lyfta fram och sprida v\u00e5rt rika gastronomiska arv, som \u00e4r ouppl\u00f6sligt kopplat till Greklands historia, kultur och traditioner.<\/p>\n\n\n\n<p>H\u00e4r f\u00e5r du m\u00f6jlighet att tr\u00e4ffa producenterna som med k\u00e4rlek och omsorg producerar grekiska produkter av utm\u00e4rkt kvalitet. Genom omfattande audiovisuellt material kan du uppt\u00e4cka historien bakom varje produkt, dess n\u00e4ringsv\u00e4rden och hur du anv\u00e4nder den.<\/p>\n\n\n\n<p>V\u00e5rt m\u00e5l \u00e4r att st\u00f6dja grekiska producenter, sm\u00e5 som stora, att g\u00f6ra sina produkter k\u00e4nda \u00f6ver hela v\u00e4rlden, skapa nya kommersiella m\u00f6jligheter och f\u00f6ra samman m\u00e4nniskor som letar efter autentiska smaker.<\/p>\n\n\n\n<p>Samtidigt l\u00e4ggs s\u00e4rskild vikt vid att skydda grekiska produkters \u00e4kthet fr\u00e5n vilseledande metoder.<\/p>\n\n\n\n<p>Kom och l\u00e4r k\u00e4nna Greklands smaker och skatter tillsammans!<\/p>\n","protected":false},"excerpt":{"rendered":"<p>V\u00e4lkommen till Greek Farms \u2013 plattformen som presenterar Greklands produkter, m\u00e4nniskor och smaker! Greek Farms skapades med syftet att ta&#8230;<\/p>\n","protected":false},"author":16,"featured_media":0,"parent":0,"menu_order":0,"comment_status":"closed","ping_status":"closed","template":"full-width.php","meta":{"inline_featured_image":false,"footnotes":""},"class_list":["post-14893","page","type-page","status-publish","hentry"],"yoast_head":"<!-- This site is optimized with the Yoast SEO plugin v26.9 - https:\/\/yoast.com\/product\/yoast-seo-wordpress\/ -->\n<title>Greek Farms - Omv\u00e4nt jordbruk<\/title>\n<meta name=\"robots\" content=\"index, follow, max-snippet:-1, max-image-preview:large, max-video-preview:-1\" \/>\n<link rel=\"canonical\" href=\"https:\/\/portal.greekfarms.gov.gr\/sv\/greek-farms\/\" \/>\n<meta property=\"og:locale\" content=\"sv_SE\" \/>\n<meta property=\"og:type\" content=\"article\" \/>\n<meta property=\"og:title\" content=\"Greek Farms - Omv\u00e4nt jordbruk\" \/>\n<meta property=\"og:description\" content=\"V\u00e4lkommen till Greek Farms \u2013 plattformen som presenterar Greklands produkter, m\u00e4nniskor och smaker! Greek Farms skapades med syftet att ta...\" \/>\n<meta property=\"og:url\" content=\"https:\/\/portal.greekfarms.gov.gr\/sv\/greek-farms\/\" \/>\n<meta property=\"og:site_name\" content=\"Omv\u00e4nt jordbruk\" \/>\n<meta property=\"article:publisher\" content=\"https:\/\/www.facebook.com\/GreekFarmsOfficial\" \/>\n<meta property=\"article:modified_time\" content=\"2025-10-02T08:12:05+00:00\" \/>\n<meta name=\"twitter:card\" content=\"summary_large_image\" \/>\n<meta name=\"twitter:label1\" content=\"Ber\u00e4knad l\u00e4stid\" \/>\n\t<meta name=\"twitter:data1\" content=\"1 minut\" \/>\n<script type=\"application\/ld+json\" class=\"yoast-schema-graph\">{\"@context\":\"https:\/\/schema.org\",\"@graph\":[{\"@type\":\"WebPage\",\"@id\":\"https:\/\/portal.greekfarms.gov.gr\/sv\/greek-farms\/\",\"url\":\"https:\/\/portal.greekfarms.gov.gr\/sv\/greek-farms\/\",\"name\":\"Greek Farms - Omv\u00e4nt jordbruk\",\"isPartOf\":{\"@id\":\"https:\/\/portal.greekfarms.gov.gr\/sv\/#website\"},\"datePublished\":\"2025-04-23T13:51:25+00:00\",\"dateModified\":\"2025-10-02T08:12:05+00:00\",\"breadcrumb\":{\"@id\":\"https:\/\/portal.greekfarms.gov.gr\/sv\/greek-farms\/#breadcrumb\"},\"inLanguage\":\"sv-SE\",\"potentialAction\":[{\"@type\":\"ReadAction\",\"target\":[\"https:\/\/portal.greekfarms.gov.gr\/sv\/greek-farms\/\"]}]},{\"@type\":\"BreadcrumbList\",\"@id\":\"https:\/\/portal.greekfarms.gov.gr\/sv\/greek-farms\/#breadcrumb\",\"itemListElement\":[{\"@type\":\"ListItem\",\"position\":1,\"name\":\"\u0391\u03c1\u03c7\u03b9\u03ba\u03ae\",\"item\":\"https:\/\/portal.greekfarms.gov.gr\/sv\/\"},{\"@type\":\"ListItem\",\"position\":2,\"name\":\"Greek Farms\"}]},{\"@type\":\"WebSite\",\"@id\":\"https:\/\/portal.greekfarms.gov.gr\/sv\/#website\",\"url\":\"https:\/\/portal.greekfarms.gov.gr\/sv\/\",\"name\":\"\u0395\u03be\u03c9\u03c3\u03c4\u03c1\u03b5\u03c6\u03ae\u03c2 \u0393\u03b5\u03c9\u03c1\u03b3\u03af\u03b1\",\"description\":\"\u039c\u03b9\u03b1 \u03b4\u03b9\u03b1\u03b4\u03b9\u03ba\u03c4\u03c5\u03b1\u03ba\u03ae \u03c0\u03bb\u03b1\u03c4\u03c6\u03cc\u03c1\u03bc\u03b1 \u03c0\u03bf\u03c5 \u03c3\u03c5\u03bd\u03b4\u03ad\u03b5\u03b9 \u03c4\u03bf\u03bd \u03ba\u03bb\u03ac\u03b4\u03bf \u03c4\u03b7\u03c2 \u03c6\u03b9\u03bb\u03bf\u03be\u03b5\u03bd\u03af\u03b1\u03c2 \u03bc\u03b5 \u0388\u03bb\u03bb\u03b7\u03bd\u03b5\u03c2 \u03c0\u03b1\u03c1\u03b1\u03b3\u03c9\u03b3\u03bf\u03cd\u03c2!\",\"publisher\":{\"@id\":\"https:\/\/portal.greekfarms.gov.gr\/sv\/#organization\"},\"alternateName\":\"Greek Farms\",\"potentialAction\":[{\"@type\":\"SearchAction\",\"target\":{\"@type\":\"EntryPoint\",\"urlTemplate\":\"https:\/\/portal.greekfarms.gov.gr\/sv\/?s={search_term_string}\"},\"query-input\":{\"@type\":\"PropertyValueSpecification\",\"valueRequired\":true,\"valueName\":\"search_term_string\"}}],\"inLanguage\":\"sv-SE\"},{\"@type\":\"Organization\",\"@id\":\"https:\/\/portal.greekfarms.gov.gr\/sv\/#organization\",\"name\":\"\u03a5\u03c0\u03bf\u03c5\u03c1\u03b3\u03b5\u03af\u03bf \u0391\u03b3\u03c1\u03bf\u03c4\u03b9\u03ba\u03ae\u03c2 \u0391\u03bd\u03ac\u03c0\u03c4\u03c5\u03be\u03b7\u03c2 \u03ba\u03b1\u03b9 \u03a4\u03c1\u03bf\u03c6\u03af\u03bc\u03c9\u03bd\",\"url\":\"https:\/\/portal.greekfarms.gov.gr\/sv\/\",\"logo\":{\"@type\":\"ImageObject\",\"inLanguage\":\"sv-SE\",\"@id\":\"https:\/\/portal.greekfarms.gov.gr\/sv\/#\/schema\/logo\/image\/\",\"url\":\"https:\/\/portal.greekfarms.gov.gr\/wp-content\/uploads\/2024\/02\/grfarms_logo_blue@w320px.png\",\"contentUrl\":\"https:\/\/portal.greekfarms.gov.gr\/wp-content\/uploads\/2024\/02\/grfarms_logo_blue@w320px.png\",\"width\":320,\"height\":408,\"caption\":\"\u03a5\u03c0\u03bf\u03c5\u03c1\u03b3\u03b5\u03af\u03bf \u0391\u03b3\u03c1\u03bf\u03c4\u03b9\u03ba\u03ae\u03c2 \u0391\u03bd\u03ac\u03c0\u03c4\u03c5\u03be\u03b7\u03c2 \u03ba\u03b1\u03b9 \u03a4\u03c1\u03bf\u03c6\u03af\u03bc\u03c9\u03bd\"},\"image\":{\"@id\":\"https:\/\/portal.greekfarms.gov.gr\/sv\/#\/schema\/logo\/image\/\"},\"sameAs\":[\"https:\/\/www.facebook.com\/GreekFarmsOfficial\",\"https:\/\/www.instagram.com\/greekfarms_official\/\",\"https:\/\/www.linkedin.com\/company\/greek-farms\/\",\"https:\/\/www.youtube.com\/@GreekFarmsOfficial\"]}]}<\/script>\n<!-- \/ Yoast SEO plugin. -->","yoast_head_json":{"title":"Greek Farms - Omv\u00e4nt jordbruk","robots":{"index":"index","follow":"follow","max-snippet":"max-snippet:-1","max-image-preview":"max-image-preview:large","max-video-preview":"max-video-preview:-1"},"canonical":"https:\/\/portal.greekfarms.gov.gr\/sv\/greek-farms\/","og_locale":"sv_SE","og_type":"article","og_title":"Greek Farms - Omv\u00e4nt jordbruk","og_description":"V\u00e4lkommen till Greek Farms \u2013 plattformen som presenterar Greklands produkter, m\u00e4nniskor och smaker! Greek Farms skapades med syftet att ta...","og_url":"https:\/\/portal.greekfarms.gov.gr\/sv\/greek-farms\/","og_site_name":"Omv\u00e4nt jordbruk","article_publisher":"https:\/\/www.facebook.com\/GreekFarmsOfficial","article_modified_time":"2025-10-02T08:12:05+00:00","twitter_card":"summary_large_image","twitter_misc":{"Ber\u00e4knad l\u00e4stid":"1 minut"},"schema":{"@context":"https:\/\/schema.org","@graph":[{"@type":"WebPage","@id":"https:\/\/portal.greekfarms.gov.gr\/sv\/greek-farms\/","url":"https:\/\/portal.greekfarms.gov.gr\/sv\/greek-farms\/","name":"Greek Farms - Omv\u00e4nt jordbruk","isPartOf":{"@id":"https:\/\/portal.greekfarms.gov.gr\/sv\/#website"},"datePublished":"2025-04-23T13:51:25+00:00","dateModified":"2025-10-02T08:12:05+00:00","breadcrumb":{"@id":"https:\/\/portal.greekfarms.gov.gr\/sv\/greek-farms\/#breadcrumb"},"inLanguage":"sv-SE","potentialAction":[{"@type":"ReadAction","target":["https:\/\/portal.greekfarms.gov.gr\/sv\/greek-farms\/"]}]},{"@type":"BreadcrumbList","@id":"https:\/\/portal.greekfarms.gov.gr\/sv\/greek-farms\/#breadcrumb","itemListElement":[{"@type":"ListItem","position":1,"name":"\u0391\u03c1\u03c7\u03b9\u03ba\u03ae","item":"https:\/\/portal.greekfarms.gov.gr\/sv\/"},{"@type":"ListItem","position":2,"name":"Greek Farms"}]},{"@type":"WebSite","@id":"https:\/\/portal.greekfarms.gov.gr\/sv\/#website","url":"https:\/\/portal.greekfarms.gov.gr\/sv\/","name":"\u0395\u03be\u03c9\u03c3\u03c4\u03c1\u03b5\u03c6\u03ae\u03c2 \u0393\u03b5\u03c9\u03c1\u03b3\u03af\u03b1","description":"\u039c\u03b9\u03b1 \u03b4\u03b9\u03b1\u03b4\u03b9\u03ba\u03c4\u03c5\u03b1\u03ba\u03ae \u03c0\u03bb\u03b1\u03c4\u03c6\u03cc\u03c1\u03bc\u03b1 \u03c0\u03bf\u03c5 \u03c3\u03c5\u03bd\u03b4\u03ad\u03b5\u03b9 \u03c4\u03bf\u03bd \u03ba\u03bb\u03ac\u03b4\u03bf \u03c4\u03b7\u03c2 \u03c6\u03b9\u03bb\u03bf\u03be\u03b5\u03bd\u03af\u03b1\u03c2 \u03bc\u03b5 \u0388\u03bb\u03bb\u03b7\u03bd\u03b5\u03c2 \u03c0\u03b1\u03c1\u03b1\u03b3\u03c9\u03b3\u03bf\u03cd\u03c2!","publisher":{"@id":"https:\/\/portal.greekfarms.gov.gr\/sv\/#organization"},"alternateName":"Greek Farms","potentialAction":[{"@type":"SearchAction","target":{"@type":"EntryPoint","urlTemplate":"https:\/\/portal.greekfarms.gov.gr\/sv\/?s={search_term_string}"},"query-input":{"@type":"PropertyValueSpecification","valueRequired":true,"valueName":"search_term_string"}}],"inLanguage":"sv-SE"},{"@type":"Organization","@id":"https:\/\/portal.greekfarms.gov.gr\/sv\/#organization","name":"\u03a5\u03c0\u03bf\u03c5\u03c1\u03b3\u03b5\u03af\u03bf \u0391\u03b3\u03c1\u03bf\u03c4\u03b9\u03ba\u03ae\u03c2 \u0391\u03bd\u03ac\u03c0\u03c4\u03c5\u03be\u03b7\u03c2 \u03ba\u03b1\u03b9 \u03a4\u03c1\u03bf\u03c6\u03af\u03bc\u03c9\u03bd","url":"https:\/\/portal.greekfarms.gov.gr\/sv\/","logo":{"@type":"ImageObject","inLanguage":"sv-SE","@id":"https:\/\/portal.greekfarms.gov.gr\/sv\/#\/schema\/logo\/image\/","url":"https:\/\/portal.greekfarms.gov.gr\/wp-content\/uploads\/2024\/02\/grfarms_logo_blue@w320px.png","contentUrl":"https:\/\/portal.greekfarms.gov.gr\/wp-content\/uploads\/2024\/02\/grfarms_logo_blue@w320px.png","width":320,"height":408,"caption":"\u03a5\u03c0\u03bf\u03c5\u03c1\u03b3\u03b5\u03af\u03bf \u0391\u03b3\u03c1\u03bf\u03c4\u03b9\u03ba\u03ae\u03c2 \u0391\u03bd\u03ac\u03c0\u03c4\u03c5\u03be\u03b7\u03c2 \u03ba\u03b1\u03b9 \u03a4\u03c1\u03bf\u03c6\u03af\u03bc\u03c9\u03bd"},"image":{"@id":"https:\/\/portal.greekfarms.gov.gr\/sv\/#\/schema\/logo\/image\/"},"sameAs":["https:\/\/www.facebook.com\/GreekFarmsOfficial","https:\/\/www.instagram.com\/greekfarms_official\/","https:\/\/www.linkedin.com\/company\/greek-farms\/","https:\/\/www.youtube.com\/@GreekFarmsOfficial"]}]}},"_links":{"self":[{"href":"https:\/\/portal.greekfarms.gov.gr\/sv\/wp-json\/wp\/v2\/pages\/14893","targetHints":{"allow":["GET"]}}],"collection":[{"href":"https:\/\/portal.greekfarms.gov.gr\/sv\/wp-json\/wp\/v2\/pages"}],"about":[{"href":"https:\/\/portal.greekfarms.gov.gr\/sv\/wp-json\/wp\/v2\/types\/page"}],"author":[{"embeddable":true,"href":"https:\/\/portal.greekfarms.gov.gr\/sv\/wp-json\/wp\/v2\/users\/16"}],"replies":[{"embeddable":true,"href":"https:\/\/portal.greekfarms.gov.gr\/sv\/wp-json\/wp\/v2\/comments?post=14893"}],"version-history":[{"count":1,"href":"https:\/\/portal.greekfarms.gov.gr\/sv\/wp-json\/wp\/v2\/pages\/14893\/revisions"}],"predecessor-version":[{"id":14894,"href":"https:\/\/portal.greekfarms.gov.gr\/sv\/wp-json\/wp\/v2\/pages\/14893\/revisions\/14894"}],"wp:attachment":[{"href":"https:\/\/portal.greekfarms.gov.gr\/sv\/wp-json\/wp\/v2\/media?parent=14893"}],"curies":[{"name":"wp","href":"https:\/\/api.w.org\/{rel}","templated":true}]}}