{"id":13677,"date":"2025-07-07T09:55:12","date_gmt":"2025-07-07T09:55:12","guid":{"rendered":"https:\/\/portal.greekfarms.gov.gr\/?page_id=13677"},"modified":"2026-01-29T14:30:30","modified_gmt":"2026-01-29T14:30:30","slug":"recipes-landing","status":"publish","type":"page","link":"https:\/\/portal.greekfarms.gov.gr\/sv\/recipes-landing\/","title":{"rendered":"Receptsystem"},"content":{"rendered":"\n<p>F\u00f6rvaltningen av recept f\u00f6r den grekiska medelhavskosten utg\u00f6r en av projektets mest kritiska parametrar, b\u00e5de f\u00f6r att fr\u00e4mja den grekiska medelhavskosten och de produkter som produceras i Grekland. Det finns en direkt koppling till de jordbruks- och livsmedelsprodukter som presenteras i delsystemet f\u00f6r digitala m\u00e4ssor.<\/p>\n\n\n\n<p>F\u00f6r att uppn\u00e5 detta m\u00e5l \u00e4r det viktigt att koppla de specifika egenskaperna hos grekiska produkter till de principer, behov och marknadsf\u00f6ringselement som dominerar den globala konsumenten, s\u00e5som kvalitet, v\u00e4lbefinnande, h\u00e4lsofr\u00e4mjande livsmedel och l\u00e5ng livsl\u00e4ngd.<\/p>\n\n\n\n<p>Mat och livsmedel, genom vilka projektet f\u00f6rs\u00f6ker kombinera ovanst\u00e5ende m\u00e5l och medel, utg\u00f6r en betydande faktor f\u00f6r att uppn\u00e5 m\u00e5let genom l\u00e4mpliga presentations- och marknadsf\u00f6rings\u00e5tg\u00e4rder.<\/p>\n\n\n\n<p>En central roll spelas av kopplingen mellan grekisk produktion och grekisk mat med kulturella, folkloristiska, religi\u00f6sa, historiska och turistiska element, vilket sammanf\u00f6r m\u00e5nga av det grekiska samh\u00e4llets styrkor. M\u00e5let f\u00f6rblir att \u00f6ka exporten genom att \u00f6ka efterfr\u00e5gan p\u00e5 den globala marknaden f\u00f6r h\u00f6gkvalitativa grekiska produkter.<\/p>\n\n\n\n<p>Portalen syftar genom alla sina funktioner till att skapa inte bara konsumenter utan \u00e4ven ambassad\u00f6rer f\u00f6r den grekiska medelhavskosten. Erfarenheterna fr\u00e5n de miljontals \u00e5rliga bes\u00f6karna \u00e4r de b\u00e4sta ambassad\u00f6rerna utomlands, beroende p\u00e5 deras kulinariska upplevelser, och utg\u00f6r de f\u00f6rsta potentiella framtida konsumenterna av grekiska produkter efter hemkomsten.<br>Greek Farms-portalen str\u00e4var efter att s\u00e4kerst\u00e4lla en h\u00f6gkvalitativ gastronomisk upplevelse under bes\u00f6ket i Grekland samt att erbjuda m\u00f6jligheten att \u00e5terskapa dessa upplevelser utanf\u00f6r Grekland genom recept och producentlokalisering, vilket \u00f6kar konsumtionen av grekiska livsmedel. Kompletterande \u00e5tg\u00e4rder f\u00f6r att st\u00f6dja akt\u00f6rer inom jordbruksproduktionen integreras ocks\u00e5 i samma portal, alltid med m\u00e5let att \u00f6ka efterfr\u00e5gan och utvidga exporten.<\/p>\n\n\n<a href=\"https:\/\/portal.greekfarms.gov.gr\/sv\/recept\/\" class=\"read-more-btn\">Receptportal<svg id=\"6f4bfa77-4ec3-4f0e-b596-c3c1460c62cf\" data-name=\"Layer 1\" xmlns=\"http:\/\/www.w3.org\/2000\/svg\" viewBox=\"0 0 512 512\"><path d=\"M256,0C114.84,0,0,114.84,0,256S114.84,512,256,512,512,397.16,512,256,397.16,0,256,0Zm79.08,271.08L228.42,377.75a21.33,21.33,0,0,1-30.17-30.17L289.83,256l-91.58-91.58a21.33,21.33,0,1,1,30.17-30.17L335.08,240.92A21.31,21.31,0,0,1,335.08,271.08Z\"><\/path><\/svg><\/a>\n","protected":false},"excerpt":{"rendered":"<p>F\u00f6rvaltningen av recept f\u00f6r den grekiska medelhavskosten utg\u00f6r en av projektets mest kritiska parametrar, b\u00e5de f\u00f6r att fr\u00e4mja den grekiska&#8230;<\/p>\n","protected":false},"author":11,"featured_media":0,"parent":0,"menu_order":0,"comment_status":"closed","ping_status":"closed","template":"content-full-width.php","meta":{"inline_featured_image":false,"footnotes":""},"class_list":["post-13677","page","type-page","status-publish","hentry"],"yoast_head":"<!-- This site is optimized with the Yoast SEO plugin v26.9 - https:\/\/yoast.com\/product\/yoast-seo-wordpress\/ -->\n<title>Receptsystem - Omv\u00e4nt jordbruk<\/title>\n<meta name=\"robots\" content=\"index, follow, max-snippet:-1, max-image-preview:large, max-video-preview:-1\" \/>\n<link rel=\"canonical\" href=\"https:\/\/portal.greekfarms.gov.gr\/sv\/recipes-landing\/\" \/>\n<meta property=\"og:locale\" content=\"sv_SE\" \/>\n<meta property=\"og:type\" content=\"article\" \/>\n<meta property=\"og:title\" content=\"Receptsystem - Omv\u00e4nt jordbruk\" \/>\n<meta property=\"og:description\" content=\"F\u00f6rvaltningen av recept f\u00f6r den grekiska medelhavskosten utg\u00f6r en av projektets mest kritiska parametrar, b\u00e5de f\u00f6r att fr\u00e4mja den grekiska...\" \/>\n<meta property=\"og:url\" content=\"https:\/\/portal.greekfarms.gov.gr\/sv\/recipes-landing\/\" \/>\n<meta property=\"og:site_name\" content=\"Omv\u00e4nt jordbruk\" \/>\n<meta property=\"article:publisher\" content=\"https:\/\/www.facebook.com\/GreekFarmsOfficial\" \/>\n<meta property=\"article:modified_time\" content=\"2026-01-29T14:30:30+00:00\" \/>\n<meta name=\"twitter:card\" content=\"summary_large_image\" \/>\n<meta name=\"twitter:label1\" content=\"Ber\u00e4knad l\u00e4stid\" \/>\n\t<meta name=\"twitter:data1\" content=\"1 minut\" \/>\n<script type=\"application\/ld+json\" class=\"yoast-schema-graph\">{\"@context\":\"https:\/\/schema.org\",\"@graph\":[{\"@type\":\"WebPage\",\"@id\":\"https:\/\/portal.greekfarms.gov.gr\/sv\/recipes-landing\/\",\"url\":\"https:\/\/portal.greekfarms.gov.gr\/sv\/recipes-landing\/\",\"name\":\"Receptsystem - Omv\u00e4nt jordbruk\",\"isPartOf\":{\"@id\":\"https:\/\/portal.greekfarms.gov.gr\/sv\/#website\"},\"datePublished\":\"2025-07-07T09:55:12+00:00\",\"dateModified\":\"2026-01-29T14:30:30+00:00\",\"breadcrumb\":{\"@id\":\"https:\/\/portal.greekfarms.gov.gr\/sv\/recipes-landing\/#breadcrumb\"},\"inLanguage\":\"sv-SE\",\"potentialAction\":[{\"@type\":\"ReadAction\",\"target\":[\"https:\/\/portal.greekfarms.gov.gr\/sv\/recipes-landing\/\"]}]},{\"@type\":\"BreadcrumbList\",\"@id\":\"https:\/\/portal.greekfarms.gov.gr\/sv\/recipes-landing\/#breadcrumb\",\"itemListElement\":[{\"@type\":\"ListItem\",\"position\":1,\"name\":\"\u0391\u03c1\u03c7\u03b9\u03ba\u03ae\",\"item\":\"https:\/\/portal.greekfarms.gov.gr\/sv\/\"},{\"@type\":\"ListItem\",\"position\":2,\"name\":\"Receptsystem\"}]},{\"@type\":\"WebSite\",\"@id\":\"https:\/\/portal.greekfarms.gov.gr\/sv\/#website\",\"url\":\"https:\/\/portal.greekfarms.gov.gr\/sv\/\",\"name\":\"\u0395\u03be\u03c9\u03c3\u03c4\u03c1\u03b5\u03c6\u03ae\u03c2 \u0393\u03b5\u03c9\u03c1\u03b3\u03af\u03b1\",\"description\":\"\u039c\u03b9\u03b1 \u03b4\u03b9\u03b1\u03b4\u03b9\u03ba\u03c4\u03c5\u03b1\u03ba\u03ae \u03c0\u03bb\u03b1\u03c4\u03c6\u03cc\u03c1\u03bc\u03b1 \u03c0\u03bf\u03c5 \u03c3\u03c5\u03bd\u03b4\u03ad\u03b5\u03b9 \u03c4\u03bf\u03bd \u03ba\u03bb\u03ac\u03b4\u03bf \u03c4\u03b7\u03c2 \u03c6\u03b9\u03bb\u03bf\u03be\u03b5\u03bd\u03af\u03b1\u03c2 \u03bc\u03b5 \u0388\u03bb\u03bb\u03b7\u03bd\u03b5\u03c2 \u03c0\u03b1\u03c1\u03b1\u03b3\u03c9\u03b3\u03bf\u03cd\u03c2!\",\"publisher\":{\"@id\":\"https:\/\/portal.greekfarms.gov.gr\/sv\/#organization\"},\"alternateName\":\"Greek Farms\",\"potentialAction\":[{\"@type\":\"SearchAction\",\"target\":{\"@type\":\"EntryPoint\",\"urlTemplate\":\"https:\/\/portal.greekfarms.gov.gr\/sv\/?s={search_term_string}\"},\"query-input\":{\"@type\":\"PropertyValueSpecification\",\"valueRequired\":true,\"valueName\":\"search_term_string\"}}],\"inLanguage\":\"sv-SE\"},{\"@type\":\"Organization\",\"@id\":\"https:\/\/portal.greekfarms.gov.gr\/sv\/#organization\",\"name\":\"\u03a5\u03c0\u03bf\u03c5\u03c1\u03b3\u03b5\u03af\u03bf \u0391\u03b3\u03c1\u03bf\u03c4\u03b9\u03ba\u03ae\u03c2 \u0391\u03bd\u03ac\u03c0\u03c4\u03c5\u03be\u03b7\u03c2 \u03ba\u03b1\u03b9 \u03a4\u03c1\u03bf\u03c6\u03af\u03bc\u03c9\u03bd\",\"url\":\"https:\/\/portal.greekfarms.gov.gr\/sv\/\",\"logo\":{\"@type\":\"ImageObject\",\"inLanguage\":\"sv-SE\",\"@id\":\"https:\/\/portal.greekfarms.gov.gr\/sv\/#\/schema\/logo\/image\/\",\"url\":\"https:\/\/portal.greekfarms.gov.gr\/wp-content\/uploads\/2024\/02\/grfarms_logo_blue@w320px.png\",\"contentUrl\":\"https:\/\/portal.greekfarms.gov.gr\/wp-content\/uploads\/2024\/02\/grfarms_logo_blue@w320px.png\",\"width\":320,\"height\":408,\"caption\":\"\u03a5\u03c0\u03bf\u03c5\u03c1\u03b3\u03b5\u03af\u03bf \u0391\u03b3\u03c1\u03bf\u03c4\u03b9\u03ba\u03ae\u03c2 \u0391\u03bd\u03ac\u03c0\u03c4\u03c5\u03be\u03b7\u03c2 \u03ba\u03b1\u03b9 \u03a4\u03c1\u03bf\u03c6\u03af\u03bc\u03c9\u03bd\"},\"image\":{\"@id\":\"https:\/\/portal.greekfarms.gov.gr\/sv\/#\/schema\/logo\/image\/\"},\"sameAs\":[\"https:\/\/www.facebook.com\/GreekFarmsOfficial\",\"https:\/\/www.instagram.com\/greekfarms_official\/\",\"https:\/\/www.linkedin.com\/company\/greek-farms\/\",\"https:\/\/www.youtube.com\/@GreekFarmsOfficial\"]}]}<\/script>\n<!-- \/ Yoast SEO plugin. -->","yoast_head_json":{"title":"Receptsystem - Omv\u00e4nt jordbruk","robots":{"index":"index","follow":"follow","max-snippet":"max-snippet:-1","max-image-preview":"max-image-preview:large","max-video-preview":"max-video-preview:-1"},"canonical":"https:\/\/portal.greekfarms.gov.gr\/sv\/recipes-landing\/","og_locale":"sv_SE","og_type":"article","og_title":"Receptsystem - Omv\u00e4nt jordbruk","og_description":"F\u00f6rvaltningen av recept f\u00f6r den grekiska medelhavskosten utg\u00f6r en av projektets mest kritiska parametrar, b\u00e5de f\u00f6r att fr\u00e4mja den grekiska...","og_url":"https:\/\/portal.greekfarms.gov.gr\/sv\/recipes-landing\/","og_site_name":"Omv\u00e4nt jordbruk","article_publisher":"https:\/\/www.facebook.com\/GreekFarmsOfficial","article_modified_time":"2026-01-29T14:30:30+00:00","twitter_card":"summary_large_image","twitter_misc":{"Ber\u00e4knad l\u00e4stid":"1 minut"},"schema":{"@context":"https:\/\/schema.org","@graph":[{"@type":"WebPage","@id":"https:\/\/portal.greekfarms.gov.gr\/sv\/recipes-landing\/","url":"https:\/\/portal.greekfarms.gov.gr\/sv\/recipes-landing\/","name":"Receptsystem - Omv\u00e4nt jordbruk","isPartOf":{"@id":"https:\/\/portal.greekfarms.gov.gr\/sv\/#website"},"datePublished":"2025-07-07T09:55:12+00:00","dateModified":"2026-01-29T14:30:30+00:00","breadcrumb":{"@id":"https:\/\/portal.greekfarms.gov.gr\/sv\/recipes-landing\/#breadcrumb"},"inLanguage":"sv-SE","potentialAction":[{"@type":"ReadAction","target":["https:\/\/portal.greekfarms.gov.gr\/sv\/recipes-landing\/"]}]},{"@type":"BreadcrumbList","@id":"https:\/\/portal.greekfarms.gov.gr\/sv\/recipes-landing\/#breadcrumb","itemListElement":[{"@type":"ListItem","position":1,"name":"\u0391\u03c1\u03c7\u03b9\u03ba\u03ae","item":"https:\/\/portal.greekfarms.gov.gr\/sv\/"},{"@type":"ListItem","position":2,"name":"Receptsystem"}]},{"@type":"WebSite","@id":"https:\/\/portal.greekfarms.gov.gr\/sv\/#website","url":"https:\/\/portal.greekfarms.gov.gr\/sv\/","name":"\u0395\u03be\u03c9\u03c3\u03c4\u03c1\u03b5\u03c6\u03ae\u03c2 \u0393\u03b5\u03c9\u03c1\u03b3\u03af\u03b1","description":"\u039c\u03b9\u03b1 \u03b4\u03b9\u03b1\u03b4\u03b9\u03ba\u03c4\u03c5\u03b1\u03ba\u03ae \u03c0\u03bb\u03b1\u03c4\u03c6\u03cc\u03c1\u03bc\u03b1 \u03c0\u03bf\u03c5 \u03c3\u03c5\u03bd\u03b4\u03ad\u03b5\u03b9 \u03c4\u03bf\u03bd \u03ba\u03bb\u03ac\u03b4\u03bf \u03c4\u03b7\u03c2 \u03c6\u03b9\u03bb\u03bf\u03be\u03b5\u03bd\u03af\u03b1\u03c2 \u03bc\u03b5 \u0388\u03bb\u03bb\u03b7\u03bd\u03b5\u03c2 \u03c0\u03b1\u03c1\u03b1\u03b3\u03c9\u03b3\u03bf\u03cd\u03c2!","publisher":{"@id":"https:\/\/portal.greekfarms.gov.gr\/sv\/#organization"},"alternateName":"Greek Farms","potentialAction":[{"@type":"SearchAction","target":{"@type":"EntryPoint","urlTemplate":"https:\/\/portal.greekfarms.gov.gr\/sv\/?s={search_term_string}"},"query-input":{"@type":"PropertyValueSpecification","valueRequired":true,"valueName":"search_term_string"}}],"inLanguage":"sv-SE"},{"@type":"Organization","@id":"https:\/\/portal.greekfarms.gov.gr\/sv\/#organization","name":"\u03a5\u03c0\u03bf\u03c5\u03c1\u03b3\u03b5\u03af\u03bf \u0391\u03b3\u03c1\u03bf\u03c4\u03b9\u03ba\u03ae\u03c2 \u0391\u03bd\u03ac\u03c0\u03c4\u03c5\u03be\u03b7\u03c2 \u03ba\u03b1\u03b9 \u03a4\u03c1\u03bf\u03c6\u03af\u03bc\u03c9\u03bd","url":"https:\/\/portal.greekfarms.gov.gr\/sv\/","logo":{"@type":"ImageObject","inLanguage":"sv-SE","@id":"https:\/\/portal.greekfarms.gov.gr\/sv\/#\/schema\/logo\/image\/","url":"https:\/\/portal.greekfarms.gov.gr\/wp-content\/uploads\/2024\/02\/grfarms_logo_blue@w320px.png","contentUrl":"https:\/\/portal.greekfarms.gov.gr\/wp-content\/uploads\/2024\/02\/grfarms_logo_blue@w320px.png","width":320,"height":408,"caption":"\u03a5\u03c0\u03bf\u03c5\u03c1\u03b3\u03b5\u03af\u03bf \u0391\u03b3\u03c1\u03bf\u03c4\u03b9\u03ba\u03ae\u03c2 \u0391\u03bd\u03ac\u03c0\u03c4\u03c5\u03be\u03b7\u03c2 \u03ba\u03b1\u03b9 \u03a4\u03c1\u03bf\u03c6\u03af\u03bc\u03c9\u03bd"},"image":{"@id":"https:\/\/portal.greekfarms.gov.gr\/sv\/#\/schema\/logo\/image\/"},"sameAs":["https:\/\/www.facebook.com\/GreekFarmsOfficial","https:\/\/www.instagram.com\/greekfarms_official\/","https:\/\/www.linkedin.com\/company\/greek-farms\/","https:\/\/www.youtube.com\/@GreekFarmsOfficial"]}]}},"_links":{"self":[{"href":"https:\/\/portal.greekfarms.gov.gr\/sv\/wp-json\/wp\/v2\/pages\/13677","targetHints":{"allow":["GET"]}}],"collection":[{"href":"https:\/\/portal.greekfarms.gov.gr\/sv\/wp-json\/wp\/v2\/pages"}],"about":[{"href":"https:\/\/portal.greekfarms.gov.gr\/sv\/wp-json\/wp\/v2\/types\/page"}],"author":[{"embeddable":true,"href":"https:\/\/portal.greekfarms.gov.gr\/sv\/wp-json\/wp\/v2\/users\/11"}],"replies":[{"embeddable":true,"href":"https:\/\/portal.greekfarms.gov.gr\/sv\/wp-json\/wp\/v2\/comments?post=13677"}],"version-history":[{"count":3,"href":"https:\/\/portal.greekfarms.gov.gr\/sv\/wp-json\/wp\/v2\/pages\/13677\/revisions"}],"predecessor-version":[{"id":19155,"href":"https:\/\/portal.greekfarms.gov.gr\/sv\/wp-json\/wp\/v2\/pages\/13677\/revisions\/19155"}],"wp:attachment":[{"href":"https:\/\/portal.greekfarms.gov.gr\/sv\/wp-json\/wp\/v2\/media?parent=13677"}],"curies":[{"name":"wp","href":"https:\/\/api.w.org\/{rel}","templated":true}]}}