{"id":13663,"date":"2025-05-04T14:41:18","date_gmt":"2025-05-04T14:41:18","guid":{"rendered":"https:\/\/portal.greekfarms.gov.gr\/?page_id=13663"},"modified":"2026-01-29T13:48:12","modified_gmt":"2026-01-29T13:48:12","slug":"exhibition-landing","status":"publish","type":"page","link":"https:\/\/portal.greekfarms.gov.gr\/sv\/exhibition-landing\/","title":{"rendered":"Digitalt utst\u00e4llningssystem"},"content":{"rendered":"\n<p>Systemet st\u00f6djer tv\u00e5 huvudtyper av m\u00e4ssor d\u00e4r certifierade utst\u00e4llare och k\u00f6pare kan delta, f\u00f6rutsatt att de \u00e4r registrerade i systemet och har skapat en l\u00e4mplig detaljerad profil.<br>De typer av m\u00e4ssor som systemet st\u00f6djer \u00e4r f\u00f6ljande:<\/p>\n\n\n\n<p><strong>1) Kontinuerlig virtuell producent- och produktm\u00e4ssa<\/strong><br>Denna m\u00e4ssa \u00e4r en permanent virtuell m\u00e4ssa d\u00e4r alla certifierade utst\u00e4llare deltar med den grundprofil de har skapat i systemet och presenterar sina produkter och sin verksamhet i detalj.<\/p>\n\n\n\n<p><strong>2) Specialiserade virtuella m\u00e4ssor som \u00e4ger rum under specifika tidsperioder<\/strong><br>Dessa m\u00e4ssor \u00e4r mer specialiserade. De skapas dynamiskt av m\u00e4sshanteringssystemet och har s\u00e4rskilda egenskaper s\u00e5som:<\/p>\n\n\n\n<ul class=\"wp-block-list\">\n<li>en best\u00e4md varaktighet (start- och slutdatum)<\/li>\n\n\n\n<li>de kan avse specifika produkter eller produktkategorier (t.ex. vinm\u00e4ssa)<\/li>\n\n\n\n<li>certifierade utst\u00e4llare anm\u00e4ler sitt deltagande (alla certifierade utst\u00e4llare deltar inte automatiskt). Deltagarna skapar en s\u00e4rskild profil f\u00f6r den specifika m\u00e4ssan och presenterar de produktkategorier som st\u00f6ds.<\/li>\n<\/ul>\n\n\n\n<p>Den digitala m\u00e4ssplattformen st\u00f6der, ut\u00f6ver virtuella m\u00e4ssor, \u00e4ven fysiska m\u00e4ssor eller hybridevenemang som inkluderar:<\/p>\n\n\n\n<ul class=\"wp-block-list\">\n<li>En fysisk m\u00e4ssa i en utst\u00e4llningslokal d\u00e4r utst\u00e4llare deltar p\u00e5 plats och presenterar sina produkter<\/li>\n\n\n\n<li>En parallell virtuell m\u00e4ssa d\u00e4r utst\u00e4llare presenterar sina produkter via sin profil p\u00e5 plattformen<\/li>\n\n\n\n<li>K\u00f6pare som bes\u00f6ker den fysiska m\u00e4ssan och efter registrering kan s\u00f6ka producenter och produkter samt organisera fysiska m\u00f6ten via plattformen f\u00f6re m\u00e4ssan<\/li>\n\n\n\n<li>K\u00f6pare som inte bes\u00f6ker den fysiska m\u00e4ssan men som efter s\u00f6kning kan organisera virtuella m\u00f6ten via videokonferens eller chatt.<\/li>\n<\/ul>\n\n\n<a href=\"https:\/\/apps.greekfarms.gov.gr\/VirtualExpo\/frmBase.zul?lang=sv\" class=\"read-more-btn\">Inloggning till applikationen<svg id=\"6f4bfa77-4ec3-4f0e-b596-c3c1460c62cf\" data-name=\"Layer 1\" xmlns=\"http:\/\/www.w3.org\/2000\/svg\" viewBox=\"0 0 512 512\"><path d=\"M256,0C114.84,0,0,114.84,0,256S114.84,512,256,512,512,397.16,512,256,397.16,0,256,0Zm79.08,271.08L228.42,377.75a21.33,21.33,0,0,1-30.17-30.17L289.83,256l-91.58-91.58a21.33,21.33,0,1,1,30.17-30.17L335.08,240.92A21.31,21.31,0,0,1,335.08,271.08Z\"><\/path><\/svg><\/a>\n","protected":false},"excerpt":{"rendered":"<p>Systemet st\u00f6djer tv\u00e5 huvudtyper av m\u00e4ssor d\u00e4r certifierade utst\u00e4llare och k\u00f6pare kan delta, f\u00f6rutsatt att de \u00e4r registrerade i systemet&#8230;<\/p>\n","protected":false},"author":11,"featured_media":0,"parent":0,"menu_order":0,"comment_status":"closed","ping_status":"closed","template":"content-full-width.php","meta":{"inline_featured_image":false,"footnotes":""},"class_list":["post-13663","page","type-page","status-publish","hentry"],"yoast_head":"<!-- This site is optimized with the Yoast SEO plugin v26.9 - https:\/\/yoast.com\/product\/yoast-seo-wordpress\/ -->\n<title>Digitalt utst\u00e4llningssystem - Omv\u00e4nt jordbruk<\/title>\n<meta name=\"robots\" content=\"index, follow, max-snippet:-1, max-image-preview:large, max-video-preview:-1\" \/>\n<link rel=\"canonical\" href=\"https:\/\/portal.greekfarms.gov.gr\/sv\/exhibition-landing\/\" \/>\n<meta property=\"og:locale\" content=\"sv_SE\" \/>\n<meta property=\"og:type\" content=\"article\" \/>\n<meta property=\"og:title\" content=\"Digitalt utst\u00e4llningssystem - Omv\u00e4nt jordbruk\" \/>\n<meta property=\"og:description\" content=\"Systemet st\u00f6djer tv\u00e5 huvudtyper av m\u00e4ssor d\u00e4r certifierade utst\u00e4llare och k\u00f6pare kan delta, f\u00f6rutsatt att de \u00e4r registrerade i systemet...\" \/>\n<meta property=\"og:url\" content=\"https:\/\/portal.greekfarms.gov.gr\/sv\/exhibition-landing\/\" \/>\n<meta property=\"og:site_name\" content=\"Omv\u00e4nt jordbruk\" \/>\n<meta property=\"article:publisher\" content=\"https:\/\/www.facebook.com\/GreekFarmsOfficial\" \/>\n<meta property=\"article:modified_time\" content=\"2026-01-29T13:48:12+00:00\" \/>\n<meta name=\"twitter:card\" content=\"summary_large_image\" \/>\n<meta name=\"twitter:label1\" content=\"Ber\u00e4knad l\u00e4stid\" \/>\n\t<meta name=\"twitter:data1\" content=\"1 minut\" \/>\n<script type=\"application\/ld+json\" class=\"yoast-schema-graph\">{\"@context\":\"https:\/\/schema.org\",\"@graph\":[{\"@type\":\"WebPage\",\"@id\":\"https:\/\/portal.greekfarms.gov.gr\/sv\/exhibition-landing\/\",\"url\":\"https:\/\/portal.greekfarms.gov.gr\/sv\/exhibition-landing\/\",\"name\":\"Digitalt utst\u00e4llningssystem - Omv\u00e4nt jordbruk\",\"isPartOf\":{\"@id\":\"https:\/\/portal.greekfarms.gov.gr\/sv\/#website\"},\"datePublished\":\"2025-05-04T14:41:18+00:00\",\"dateModified\":\"2026-01-29T13:48:12+00:00\",\"breadcrumb\":{\"@id\":\"https:\/\/portal.greekfarms.gov.gr\/sv\/exhibition-landing\/#breadcrumb\"},\"inLanguage\":\"sv-SE\",\"potentialAction\":[{\"@type\":\"ReadAction\",\"target\":[\"https:\/\/portal.greekfarms.gov.gr\/sv\/exhibition-landing\/\"]}]},{\"@type\":\"BreadcrumbList\",\"@id\":\"https:\/\/portal.greekfarms.gov.gr\/sv\/exhibition-landing\/#breadcrumb\",\"itemListElement\":[{\"@type\":\"ListItem\",\"position\":1,\"name\":\"\u0391\u03c1\u03c7\u03b9\u03ba\u03ae\",\"item\":\"https:\/\/portal.greekfarms.gov.gr\/sv\/\"},{\"@type\":\"ListItem\",\"position\":2,\"name\":\"Digitalt utst\u00e4llningssystem\"}]},{\"@type\":\"WebSite\",\"@id\":\"https:\/\/portal.greekfarms.gov.gr\/sv\/#website\",\"url\":\"https:\/\/portal.greekfarms.gov.gr\/sv\/\",\"name\":\"\u0395\u03be\u03c9\u03c3\u03c4\u03c1\u03b5\u03c6\u03ae\u03c2 \u0393\u03b5\u03c9\u03c1\u03b3\u03af\u03b1\",\"description\":\"\u039c\u03b9\u03b1 \u03b4\u03b9\u03b1\u03b4\u03b9\u03ba\u03c4\u03c5\u03b1\u03ba\u03ae \u03c0\u03bb\u03b1\u03c4\u03c6\u03cc\u03c1\u03bc\u03b1 \u03c0\u03bf\u03c5 \u03c3\u03c5\u03bd\u03b4\u03ad\u03b5\u03b9 \u03c4\u03bf\u03bd \u03ba\u03bb\u03ac\u03b4\u03bf \u03c4\u03b7\u03c2 \u03c6\u03b9\u03bb\u03bf\u03be\u03b5\u03bd\u03af\u03b1\u03c2 \u03bc\u03b5 \u0388\u03bb\u03bb\u03b7\u03bd\u03b5\u03c2 \u03c0\u03b1\u03c1\u03b1\u03b3\u03c9\u03b3\u03bf\u03cd\u03c2!\",\"publisher\":{\"@id\":\"https:\/\/portal.greekfarms.gov.gr\/sv\/#organization\"},\"alternateName\":\"Greek Farms\",\"potentialAction\":[{\"@type\":\"SearchAction\",\"target\":{\"@type\":\"EntryPoint\",\"urlTemplate\":\"https:\/\/portal.greekfarms.gov.gr\/sv\/?s={search_term_string}\"},\"query-input\":{\"@type\":\"PropertyValueSpecification\",\"valueRequired\":true,\"valueName\":\"search_term_string\"}}],\"inLanguage\":\"sv-SE\"},{\"@type\":\"Organization\",\"@id\":\"https:\/\/portal.greekfarms.gov.gr\/sv\/#organization\",\"name\":\"\u03a5\u03c0\u03bf\u03c5\u03c1\u03b3\u03b5\u03af\u03bf \u0391\u03b3\u03c1\u03bf\u03c4\u03b9\u03ba\u03ae\u03c2 \u0391\u03bd\u03ac\u03c0\u03c4\u03c5\u03be\u03b7\u03c2 \u03ba\u03b1\u03b9 \u03a4\u03c1\u03bf\u03c6\u03af\u03bc\u03c9\u03bd\",\"url\":\"https:\/\/portal.greekfarms.gov.gr\/sv\/\",\"logo\":{\"@type\":\"ImageObject\",\"inLanguage\":\"sv-SE\",\"@id\":\"https:\/\/portal.greekfarms.gov.gr\/sv\/#\/schema\/logo\/image\/\",\"url\":\"https:\/\/portal.greekfarms.gov.gr\/wp-content\/uploads\/2024\/02\/grfarms_logo_blue@w320px.png\",\"contentUrl\":\"https:\/\/portal.greekfarms.gov.gr\/wp-content\/uploads\/2024\/02\/grfarms_logo_blue@w320px.png\",\"width\":320,\"height\":408,\"caption\":\"\u03a5\u03c0\u03bf\u03c5\u03c1\u03b3\u03b5\u03af\u03bf \u0391\u03b3\u03c1\u03bf\u03c4\u03b9\u03ba\u03ae\u03c2 \u0391\u03bd\u03ac\u03c0\u03c4\u03c5\u03be\u03b7\u03c2 \u03ba\u03b1\u03b9 \u03a4\u03c1\u03bf\u03c6\u03af\u03bc\u03c9\u03bd\"},\"image\":{\"@id\":\"https:\/\/portal.greekfarms.gov.gr\/sv\/#\/schema\/logo\/image\/\"},\"sameAs\":[\"https:\/\/www.facebook.com\/GreekFarmsOfficial\",\"https:\/\/www.instagram.com\/greekfarms_official\/\",\"https:\/\/www.linkedin.com\/company\/greek-farms\/\",\"https:\/\/www.youtube.com\/@GreekFarmsOfficial\"]}]}<\/script>\n<!-- \/ Yoast SEO plugin. -->","yoast_head_json":{"title":"Digitalt utst\u00e4llningssystem - Omv\u00e4nt jordbruk","robots":{"index":"index","follow":"follow","max-snippet":"max-snippet:-1","max-image-preview":"max-image-preview:large","max-video-preview":"max-video-preview:-1"},"canonical":"https:\/\/portal.greekfarms.gov.gr\/sv\/exhibition-landing\/","og_locale":"sv_SE","og_type":"article","og_title":"Digitalt utst\u00e4llningssystem - Omv\u00e4nt jordbruk","og_description":"Systemet st\u00f6djer tv\u00e5 huvudtyper av m\u00e4ssor d\u00e4r certifierade utst\u00e4llare och k\u00f6pare kan delta, f\u00f6rutsatt att de \u00e4r registrerade i systemet...","og_url":"https:\/\/portal.greekfarms.gov.gr\/sv\/exhibition-landing\/","og_site_name":"Omv\u00e4nt jordbruk","article_publisher":"https:\/\/www.facebook.com\/GreekFarmsOfficial","article_modified_time":"2026-01-29T13:48:12+00:00","twitter_card":"summary_large_image","twitter_misc":{"Ber\u00e4knad l\u00e4stid":"1 minut"},"schema":{"@context":"https:\/\/schema.org","@graph":[{"@type":"WebPage","@id":"https:\/\/portal.greekfarms.gov.gr\/sv\/exhibition-landing\/","url":"https:\/\/portal.greekfarms.gov.gr\/sv\/exhibition-landing\/","name":"Digitalt utst\u00e4llningssystem - Omv\u00e4nt jordbruk","isPartOf":{"@id":"https:\/\/portal.greekfarms.gov.gr\/sv\/#website"},"datePublished":"2025-05-04T14:41:18+00:00","dateModified":"2026-01-29T13:48:12+00:00","breadcrumb":{"@id":"https:\/\/portal.greekfarms.gov.gr\/sv\/exhibition-landing\/#breadcrumb"},"inLanguage":"sv-SE","potentialAction":[{"@type":"ReadAction","target":["https:\/\/portal.greekfarms.gov.gr\/sv\/exhibition-landing\/"]}]},{"@type":"BreadcrumbList","@id":"https:\/\/portal.greekfarms.gov.gr\/sv\/exhibition-landing\/#breadcrumb","itemListElement":[{"@type":"ListItem","position":1,"name":"\u0391\u03c1\u03c7\u03b9\u03ba\u03ae","item":"https:\/\/portal.greekfarms.gov.gr\/sv\/"},{"@type":"ListItem","position":2,"name":"Digitalt utst\u00e4llningssystem"}]},{"@type":"WebSite","@id":"https:\/\/portal.greekfarms.gov.gr\/sv\/#website","url":"https:\/\/portal.greekfarms.gov.gr\/sv\/","name":"\u0395\u03be\u03c9\u03c3\u03c4\u03c1\u03b5\u03c6\u03ae\u03c2 \u0393\u03b5\u03c9\u03c1\u03b3\u03af\u03b1","description":"\u039c\u03b9\u03b1 \u03b4\u03b9\u03b1\u03b4\u03b9\u03ba\u03c4\u03c5\u03b1\u03ba\u03ae \u03c0\u03bb\u03b1\u03c4\u03c6\u03cc\u03c1\u03bc\u03b1 \u03c0\u03bf\u03c5 \u03c3\u03c5\u03bd\u03b4\u03ad\u03b5\u03b9 \u03c4\u03bf\u03bd \u03ba\u03bb\u03ac\u03b4\u03bf \u03c4\u03b7\u03c2 \u03c6\u03b9\u03bb\u03bf\u03be\u03b5\u03bd\u03af\u03b1\u03c2 \u03bc\u03b5 \u0388\u03bb\u03bb\u03b7\u03bd\u03b5\u03c2 \u03c0\u03b1\u03c1\u03b1\u03b3\u03c9\u03b3\u03bf\u03cd\u03c2!","publisher":{"@id":"https:\/\/portal.greekfarms.gov.gr\/sv\/#organization"},"alternateName":"Greek Farms","potentialAction":[{"@type":"SearchAction","target":{"@type":"EntryPoint","urlTemplate":"https:\/\/portal.greekfarms.gov.gr\/sv\/?s={search_term_string}"},"query-input":{"@type":"PropertyValueSpecification","valueRequired":true,"valueName":"search_term_string"}}],"inLanguage":"sv-SE"},{"@type":"Organization","@id":"https:\/\/portal.greekfarms.gov.gr\/sv\/#organization","name":"\u03a5\u03c0\u03bf\u03c5\u03c1\u03b3\u03b5\u03af\u03bf \u0391\u03b3\u03c1\u03bf\u03c4\u03b9\u03ba\u03ae\u03c2 \u0391\u03bd\u03ac\u03c0\u03c4\u03c5\u03be\u03b7\u03c2 \u03ba\u03b1\u03b9 \u03a4\u03c1\u03bf\u03c6\u03af\u03bc\u03c9\u03bd","url":"https:\/\/portal.greekfarms.gov.gr\/sv\/","logo":{"@type":"ImageObject","inLanguage":"sv-SE","@id":"https:\/\/portal.greekfarms.gov.gr\/sv\/#\/schema\/logo\/image\/","url":"https:\/\/portal.greekfarms.gov.gr\/wp-content\/uploads\/2024\/02\/grfarms_logo_blue@w320px.png","contentUrl":"https:\/\/portal.greekfarms.gov.gr\/wp-content\/uploads\/2024\/02\/grfarms_logo_blue@w320px.png","width":320,"height":408,"caption":"\u03a5\u03c0\u03bf\u03c5\u03c1\u03b3\u03b5\u03af\u03bf \u0391\u03b3\u03c1\u03bf\u03c4\u03b9\u03ba\u03ae\u03c2 \u0391\u03bd\u03ac\u03c0\u03c4\u03c5\u03be\u03b7\u03c2 \u03ba\u03b1\u03b9 \u03a4\u03c1\u03bf\u03c6\u03af\u03bc\u03c9\u03bd"},"image":{"@id":"https:\/\/portal.greekfarms.gov.gr\/sv\/#\/schema\/logo\/image\/"},"sameAs":["https:\/\/www.facebook.com\/GreekFarmsOfficial","https:\/\/www.instagram.com\/greekfarms_official\/","https:\/\/www.linkedin.com\/company\/greek-farms\/","https:\/\/www.youtube.com\/@GreekFarmsOfficial"]}]}},"_links":{"self":[{"href":"https:\/\/portal.greekfarms.gov.gr\/sv\/wp-json\/wp\/v2\/pages\/13663","targetHints":{"allow":["GET"]}}],"collection":[{"href":"https:\/\/portal.greekfarms.gov.gr\/sv\/wp-json\/wp\/v2\/pages"}],"about":[{"href":"https:\/\/portal.greekfarms.gov.gr\/sv\/wp-json\/wp\/v2\/types\/page"}],"author":[{"embeddable":true,"href":"https:\/\/portal.greekfarms.gov.gr\/sv\/wp-json\/wp\/v2\/users\/11"}],"replies":[{"embeddable":true,"href":"https:\/\/portal.greekfarms.gov.gr\/sv\/wp-json\/wp\/v2\/comments?post=13663"}],"version-history":[{"count":2,"href":"https:\/\/portal.greekfarms.gov.gr\/sv\/wp-json\/wp\/v2\/pages\/13663\/revisions"}],"predecessor-version":[{"id":19140,"href":"https:\/\/portal.greekfarms.gov.gr\/sv\/wp-json\/wp\/v2\/pages\/13663\/revisions\/19140"}],"wp:attachment":[{"href":"https:\/\/portal.greekfarms.gov.gr\/sv\/wp-json\/wp\/v2\/media?parent=13663"}],"curies":[{"name":"wp","href":"https:\/\/api.w.org\/{rel}","templated":true}]}}