{"id":9531,"date":"2025-05-04T14:41:18","date_gmt":"2025-05-04T14:41:18","guid":{"rendered":"https:\/\/portal.greekfarms.gov.gr\/main\/?page_id=9531"},"modified":"2026-01-29T13:34:44","modified_gmt":"2026-01-29T13:34:44","slug":"exhibition-landing","status":"publish","type":"page","link":"https:\/\/portal.greekfarms.gov.gr\/fr\/exhibition-landing\/","title":{"rendered":"Syst\u00e8me d\u2019expositions num\u00e9riques"},"content":{"rendered":"\n<p>Le syst\u00e8me prend en charge deux principaux types de salons auxquels peuvent participer des exposants et des acheteurs certifi\u00e9s, \u00e0 condition qu\u2019ils soient inscrits sur la plateforme et qu\u2019ils aient cr\u00e9\u00e9 un profil d\u00e9taill\u00e9 appropri\u00e9.<br>Les types de salons pris en charge par le syst\u00e8me sont les suivants :<\/p>\n\n\n\n<p><strong>1) Salon virtuel continu producteurs\u2013produits<\/strong><br>Ce salon est un salon virtuel permanent dans lequel tous les exposants certifi\u00e9s participent \u00e0 l\u2019aide du profil de base qu\u2019ils ont cr\u00e9\u00e9 sur la plateforme, en pr\u00e9sentant en d\u00e9tail leurs produits ainsi que leurs activit\u00e9s en g\u00e9n\u00e9ral.<\/p>\n\n\n\n<p><strong>2) Salons virtuels sp\u00e9cialis\u00e9s organis\u00e9s sur des p\u00e9riodes sp\u00e9cifiques<\/strong><br>Ces salons sont plus sp\u00e9cialis\u00e9s. Ils sont cr\u00e9\u00e9s dynamiquement par le syst\u00e8me de gestion des salons et poss\u00e8dent des caract\u00e9ristiques sp\u00e9cifiques telles que :<\/p>\n\n\n\n<ul class=\"wp-block-list\">\n<li>une dur\u00e9e d\u00e9finie (date de d\u00e9but \u2013 date de fin)<\/li>\n\n\n\n<li>ils peuvent concerner des produits ou des cat\u00e9gories de produits sp\u00e9cifiques (par exemple, un salon du vin)<\/li>\n\n\n\n<li>les exposants certifi\u00e9s d\u00e9clarent leur participation (tous les exposants certifi\u00e9s ne participent pas automatiquement). Les participants cr\u00e9ent un profil sp\u00e9cial pour le salon concern\u00e9, mettant en avant les cat\u00e9gories de produits prises en charge.<\/li>\n<\/ul>\n\n\n\n<p>La plateforme de salons num\u00e9riques, en plus des salons virtuels, permet \u00e9galement la prise en charge de salons physiques ou d\u2019\u00e9v\u00e9nements hybrides comprenant :<\/p>\n\n\n\n<ul class=\"wp-block-list\">\n<li>Un salon physique dans un espace d\u2019exposition o\u00f9 les exposants participent en pr\u00e9sentiel en pr\u00e9sentant leurs produits<\/li>\n\n\n\n<li>Un salon virtuel parall\u00e8le o\u00f9 les exposants pr\u00e9sentent leurs produits via leur profil sur la plateforme<\/li>\n\n\n\n<li>Des acheteurs visitant le salon physique qui, apr\u00e8s inscription, peuvent rechercher des producteurs et des produits et organiser des rendez-vous physiques avec les producteurs via la plateforme avant le salon<\/li>\n\n\n\n<li>Des acheteurs ne visitant pas le salon physique mais pouvant organiser des r\u00e9unions virtuelles via visioconf\u00e9rence ou chat apr\u00e8s recherche de produits et d\u2019exposants.<\/li>\n<\/ul>\n\n\n<a href=\"https:\/\/apps.greekfarms.gov.gr\/VirtualExpo\/frmBase.zul?lang=fr\" class=\"read-more-btn\">Connexion \u00e0 l\u2019application<svg id=\"6f4bfa77-4ec3-4f0e-b596-c3c1460c62cf\" data-name=\"Layer 1\" xmlns=\"http:\/\/www.w3.org\/2000\/svg\" viewBox=\"0 0 512 512\"><path d=\"M256,0C114.84,0,0,114.84,0,256S114.84,512,256,512,512,397.16,512,256,397.16,0,256,0Zm79.08,271.08L228.42,377.75a21.33,21.33,0,0,1-30.17-30.17L289.83,256l-91.58-91.58a21.33,21.33,0,1,1,30.17-30.17L335.08,240.92A21.31,21.31,0,0,1,335.08,271.08Z\"><\/path><\/svg><\/a>\n","protected":false},"excerpt":{"rendered":"<p>Le syst\u00e8me prend en charge deux principaux types de salons auxquels peuvent participer des exposants et des acheteurs certifi\u00e9s, \u00e0&#8230;<\/p>\n","protected":false},"author":2,"featured_media":0,"parent":0,"menu_order":0,"comment_status":"closed","ping_status":"closed","template":"content-full-width.php","meta":{"inline_featured_image":false,"footnotes":""},"class_list":["post-9531","page","type-page","status-publish","hentry"],"yoast_head":"<!-- This site is optimized with the Yoast SEO plugin v26.9 - https:\/\/yoast.com\/product\/yoast-seo-wordpress\/ -->\n<title>Syst\u00e8me d\u2019expositions num\u00e9riques - Agriculture invers\u00e9e<\/title>\n<meta name=\"robots\" content=\"index, follow, max-snippet:-1, max-image-preview:large, max-video-preview:-1\" \/>\n<link rel=\"canonical\" href=\"https:\/\/portal.greekfarms.gov.gr\/fr\/exhibition-landing\/\" \/>\n<meta property=\"og:locale\" content=\"fr_FR\" \/>\n<meta property=\"og:type\" content=\"article\" \/>\n<meta property=\"og:title\" content=\"Syst\u00e8me d\u2019expositions num\u00e9riques - Agriculture invers\u00e9e\" \/>\n<meta property=\"og:description\" content=\"Le syst\u00e8me prend en charge deux principaux types de salons auxquels peuvent participer des exposants et des acheteurs certifi\u00e9s, \u00e0...\" \/>\n<meta property=\"og:url\" content=\"https:\/\/portal.greekfarms.gov.gr\/fr\/exhibition-landing\/\" \/>\n<meta property=\"og:site_name\" content=\"Agriculture invers\u00e9e\" \/>\n<meta property=\"article:publisher\" content=\"https:\/\/www.facebook.com\/GreekFarmsOfficial\" \/>\n<meta property=\"article:modified_time\" content=\"2026-01-29T13:34:44+00:00\" \/>\n<meta name=\"twitter:card\" content=\"summary_large_image\" \/>\n<meta name=\"twitter:label1\" content=\"Dur\u00e9e de lecture estim\u00e9e\" \/>\n\t<meta name=\"twitter:data1\" content=\"2 minutes\" \/>\n<script type=\"application\/ld+json\" class=\"yoast-schema-graph\">{\"@context\":\"https:\/\/schema.org\",\"@graph\":[{\"@type\":\"WebPage\",\"@id\":\"https:\/\/portal.greekfarms.gov.gr\/fr\/exhibition-landing\/\",\"url\":\"https:\/\/portal.greekfarms.gov.gr\/fr\/exhibition-landing\/\",\"name\":\"Syst\u00e8me d\u2019expositions num\u00e9riques - Agriculture invers\u00e9e\",\"isPartOf\":{\"@id\":\"https:\/\/portal.greekfarms.gov.gr\/fr\/#website\"},\"datePublished\":\"2025-05-04T14:41:18+00:00\",\"dateModified\":\"2026-01-29T13:34:44+00:00\",\"breadcrumb\":{\"@id\":\"https:\/\/portal.greekfarms.gov.gr\/fr\/exhibition-landing\/#breadcrumb\"},\"inLanguage\":\"fr-FR\",\"potentialAction\":[{\"@type\":\"ReadAction\",\"target\":[\"https:\/\/portal.greekfarms.gov.gr\/fr\/exhibition-landing\/\"]}]},{\"@type\":\"BreadcrumbList\",\"@id\":\"https:\/\/portal.greekfarms.gov.gr\/fr\/exhibition-landing\/#breadcrumb\",\"itemListElement\":[{\"@type\":\"ListItem\",\"position\":1,\"name\":\"\u0391\u03c1\u03c7\u03b9\u03ba\u03ae\",\"item\":\"https:\/\/portal.greekfarms.gov.gr\/fr\/\"},{\"@type\":\"ListItem\",\"position\":2,\"name\":\"Syst\u00e8me d\u2019expositions num\u00e9riques\"}]},{\"@type\":\"WebSite\",\"@id\":\"https:\/\/portal.greekfarms.gov.gr\/fr\/#website\",\"url\":\"https:\/\/portal.greekfarms.gov.gr\/fr\/\",\"name\":\"\u0395\u03be\u03c9\u03c3\u03c4\u03c1\u03b5\u03c6\u03ae\u03c2 \u0393\u03b5\u03c9\u03c1\u03b3\u03af\u03b1\",\"description\":\"\u039c\u03b9\u03b1 \u03b4\u03b9\u03b1\u03b4\u03b9\u03ba\u03c4\u03c5\u03b1\u03ba\u03ae \u03c0\u03bb\u03b1\u03c4\u03c6\u03cc\u03c1\u03bc\u03b1 \u03c0\u03bf\u03c5 \u03c3\u03c5\u03bd\u03b4\u03ad\u03b5\u03b9 \u03c4\u03bf\u03bd \u03ba\u03bb\u03ac\u03b4\u03bf \u03c4\u03b7\u03c2 \u03c6\u03b9\u03bb\u03bf\u03be\u03b5\u03bd\u03af\u03b1\u03c2 \u03bc\u03b5 \u0388\u03bb\u03bb\u03b7\u03bd\u03b5\u03c2 \u03c0\u03b1\u03c1\u03b1\u03b3\u03c9\u03b3\u03bf\u03cd\u03c2!\",\"publisher\":{\"@id\":\"https:\/\/portal.greekfarms.gov.gr\/fr\/#organization\"},\"alternateName\":\"Greek Farms\",\"potentialAction\":[{\"@type\":\"SearchAction\",\"target\":{\"@type\":\"EntryPoint\",\"urlTemplate\":\"https:\/\/portal.greekfarms.gov.gr\/fr\/?s={search_term_string}\"},\"query-input\":{\"@type\":\"PropertyValueSpecification\",\"valueRequired\":true,\"valueName\":\"search_term_string\"}}],\"inLanguage\":\"fr-FR\"},{\"@type\":\"Organization\",\"@id\":\"https:\/\/portal.greekfarms.gov.gr\/fr\/#organization\",\"name\":\"\u03a5\u03c0\u03bf\u03c5\u03c1\u03b3\u03b5\u03af\u03bf \u0391\u03b3\u03c1\u03bf\u03c4\u03b9\u03ba\u03ae\u03c2 \u0391\u03bd\u03ac\u03c0\u03c4\u03c5\u03be\u03b7\u03c2 \u03ba\u03b1\u03b9 \u03a4\u03c1\u03bf\u03c6\u03af\u03bc\u03c9\u03bd\",\"url\":\"https:\/\/portal.greekfarms.gov.gr\/fr\/\",\"logo\":{\"@type\":\"ImageObject\",\"inLanguage\":\"fr-FR\",\"@id\":\"https:\/\/portal.greekfarms.gov.gr\/fr\/#\/schema\/logo\/image\/\",\"url\":\"https:\/\/portal.greekfarms.gov.gr\/wp-content\/uploads\/2024\/02\/grfarms_logo_blue@w320px.png\",\"contentUrl\":\"https:\/\/portal.greekfarms.gov.gr\/wp-content\/uploads\/2024\/02\/grfarms_logo_blue@w320px.png\",\"width\":320,\"height\":408,\"caption\":\"\u03a5\u03c0\u03bf\u03c5\u03c1\u03b3\u03b5\u03af\u03bf \u0391\u03b3\u03c1\u03bf\u03c4\u03b9\u03ba\u03ae\u03c2 \u0391\u03bd\u03ac\u03c0\u03c4\u03c5\u03be\u03b7\u03c2 \u03ba\u03b1\u03b9 \u03a4\u03c1\u03bf\u03c6\u03af\u03bc\u03c9\u03bd\"},\"image\":{\"@id\":\"https:\/\/portal.greekfarms.gov.gr\/fr\/#\/schema\/logo\/image\/\"},\"sameAs\":[\"https:\/\/www.facebook.com\/GreekFarmsOfficial\",\"https:\/\/www.instagram.com\/greekfarms_official\/\",\"https:\/\/www.linkedin.com\/company\/greek-farms\/\",\"https:\/\/www.youtube.com\/@GreekFarmsOfficial\"]}]}<\/script>\n<!-- \/ Yoast SEO plugin. -->","yoast_head_json":{"title":"Syst\u00e8me d\u2019expositions num\u00e9riques - Agriculture invers\u00e9e","robots":{"index":"index","follow":"follow","max-snippet":"max-snippet:-1","max-image-preview":"max-image-preview:large","max-video-preview":"max-video-preview:-1"},"canonical":"https:\/\/portal.greekfarms.gov.gr\/fr\/exhibition-landing\/","og_locale":"fr_FR","og_type":"article","og_title":"Syst\u00e8me d\u2019expositions num\u00e9riques - Agriculture invers\u00e9e","og_description":"Le syst\u00e8me prend en charge deux principaux types de salons auxquels peuvent participer des exposants et des acheteurs certifi\u00e9s, \u00e0...","og_url":"https:\/\/portal.greekfarms.gov.gr\/fr\/exhibition-landing\/","og_site_name":"Agriculture invers\u00e9e","article_publisher":"https:\/\/www.facebook.com\/GreekFarmsOfficial","article_modified_time":"2026-01-29T13:34:44+00:00","twitter_card":"summary_large_image","twitter_misc":{"Dur\u00e9e de lecture estim\u00e9e":"2 minutes"},"schema":{"@context":"https:\/\/schema.org","@graph":[{"@type":"WebPage","@id":"https:\/\/portal.greekfarms.gov.gr\/fr\/exhibition-landing\/","url":"https:\/\/portal.greekfarms.gov.gr\/fr\/exhibition-landing\/","name":"Syst\u00e8me d\u2019expositions num\u00e9riques - Agriculture invers\u00e9e","isPartOf":{"@id":"https:\/\/portal.greekfarms.gov.gr\/fr\/#website"},"datePublished":"2025-05-04T14:41:18+00:00","dateModified":"2026-01-29T13:34:44+00:00","breadcrumb":{"@id":"https:\/\/portal.greekfarms.gov.gr\/fr\/exhibition-landing\/#breadcrumb"},"inLanguage":"fr-FR","potentialAction":[{"@type":"ReadAction","target":["https:\/\/portal.greekfarms.gov.gr\/fr\/exhibition-landing\/"]}]},{"@type":"BreadcrumbList","@id":"https:\/\/portal.greekfarms.gov.gr\/fr\/exhibition-landing\/#breadcrumb","itemListElement":[{"@type":"ListItem","position":1,"name":"\u0391\u03c1\u03c7\u03b9\u03ba\u03ae","item":"https:\/\/portal.greekfarms.gov.gr\/fr\/"},{"@type":"ListItem","position":2,"name":"Syst\u00e8me d\u2019expositions num\u00e9riques"}]},{"@type":"WebSite","@id":"https:\/\/portal.greekfarms.gov.gr\/fr\/#website","url":"https:\/\/portal.greekfarms.gov.gr\/fr\/","name":"\u0395\u03be\u03c9\u03c3\u03c4\u03c1\u03b5\u03c6\u03ae\u03c2 \u0393\u03b5\u03c9\u03c1\u03b3\u03af\u03b1","description":"\u039c\u03b9\u03b1 \u03b4\u03b9\u03b1\u03b4\u03b9\u03ba\u03c4\u03c5\u03b1\u03ba\u03ae \u03c0\u03bb\u03b1\u03c4\u03c6\u03cc\u03c1\u03bc\u03b1 \u03c0\u03bf\u03c5 \u03c3\u03c5\u03bd\u03b4\u03ad\u03b5\u03b9 \u03c4\u03bf\u03bd \u03ba\u03bb\u03ac\u03b4\u03bf \u03c4\u03b7\u03c2 \u03c6\u03b9\u03bb\u03bf\u03be\u03b5\u03bd\u03af\u03b1\u03c2 \u03bc\u03b5 \u0388\u03bb\u03bb\u03b7\u03bd\u03b5\u03c2 \u03c0\u03b1\u03c1\u03b1\u03b3\u03c9\u03b3\u03bf\u03cd\u03c2!","publisher":{"@id":"https:\/\/portal.greekfarms.gov.gr\/fr\/#organization"},"alternateName":"Greek Farms","potentialAction":[{"@type":"SearchAction","target":{"@type":"EntryPoint","urlTemplate":"https:\/\/portal.greekfarms.gov.gr\/fr\/?s={search_term_string}"},"query-input":{"@type":"PropertyValueSpecification","valueRequired":true,"valueName":"search_term_string"}}],"inLanguage":"fr-FR"},{"@type":"Organization","@id":"https:\/\/portal.greekfarms.gov.gr\/fr\/#organization","name":"\u03a5\u03c0\u03bf\u03c5\u03c1\u03b3\u03b5\u03af\u03bf \u0391\u03b3\u03c1\u03bf\u03c4\u03b9\u03ba\u03ae\u03c2 \u0391\u03bd\u03ac\u03c0\u03c4\u03c5\u03be\u03b7\u03c2 \u03ba\u03b1\u03b9 \u03a4\u03c1\u03bf\u03c6\u03af\u03bc\u03c9\u03bd","url":"https:\/\/portal.greekfarms.gov.gr\/fr\/","logo":{"@type":"ImageObject","inLanguage":"fr-FR","@id":"https:\/\/portal.greekfarms.gov.gr\/fr\/#\/schema\/logo\/image\/","url":"https:\/\/portal.greekfarms.gov.gr\/wp-content\/uploads\/2024\/02\/grfarms_logo_blue@w320px.png","contentUrl":"https:\/\/portal.greekfarms.gov.gr\/wp-content\/uploads\/2024\/02\/grfarms_logo_blue@w320px.png","width":320,"height":408,"caption":"\u03a5\u03c0\u03bf\u03c5\u03c1\u03b3\u03b5\u03af\u03bf \u0391\u03b3\u03c1\u03bf\u03c4\u03b9\u03ba\u03ae\u03c2 \u0391\u03bd\u03ac\u03c0\u03c4\u03c5\u03be\u03b7\u03c2 \u03ba\u03b1\u03b9 \u03a4\u03c1\u03bf\u03c6\u03af\u03bc\u03c9\u03bd"},"image":{"@id":"https:\/\/portal.greekfarms.gov.gr\/fr\/#\/schema\/logo\/image\/"},"sameAs":["https:\/\/www.facebook.com\/GreekFarmsOfficial","https:\/\/www.instagram.com\/greekfarms_official\/","https:\/\/www.linkedin.com\/company\/greek-farms\/","https:\/\/www.youtube.com\/@GreekFarmsOfficial"]}]}},"_links":{"self":[{"href":"https:\/\/portal.greekfarms.gov.gr\/fr\/wp-json\/wp\/v2\/pages\/9531","targetHints":{"allow":["GET"]}}],"collection":[{"href":"https:\/\/portal.greekfarms.gov.gr\/fr\/wp-json\/wp\/v2\/pages"}],"about":[{"href":"https:\/\/portal.greekfarms.gov.gr\/fr\/wp-json\/wp\/v2\/types\/page"}],"author":[{"embeddable":true,"href":"https:\/\/portal.greekfarms.gov.gr\/fr\/wp-json\/wp\/v2\/users\/2"}],"replies":[{"embeddable":true,"href":"https:\/\/portal.greekfarms.gov.gr\/fr\/wp-json\/wp\/v2\/comments?post=9531"}],"version-history":[{"count":2,"href":"https:\/\/portal.greekfarms.gov.gr\/fr\/wp-json\/wp\/v2\/pages\/9531\/revisions"}],"predecessor-version":[{"id":19137,"href":"https:\/\/portal.greekfarms.gov.gr\/fr\/wp-json\/wp\/v2\/pages\/9531\/revisions\/19137"}],"wp:attachment":[{"href":"https:\/\/portal.greekfarms.gov.gr\/fr\/wp-json\/wp\/v2\/media?parent=9531"}],"curies":[{"name":"wp","href":"https:\/\/api.w.org\/{rel}","templated":true}]}}