{"id":14887,"date":"2025-04-23T13:51:25","date_gmt":"2025-04-23T13:51:25","guid":{"rendered":"https:\/\/portal.greekfarms.gov.gr\/?page_id=14887"},"modified":"2025-10-02T08:10:16","modified_gmt":"2025-10-02T08:10:16","slug":"greek-farms","status":"publish","type":"page","link":"https:\/\/portal.greekfarms.gov.gr\/fr\/greek-farms\/","title":{"rendered":"Greek Farms"},"content":{"rendered":"\n<p>Bienvenue chez Greek Farms, la plateforme o\u00f9 les produits, les talents et les saveurs de la Gr\u00e8ce prennent toute leur valeur !<\/p>\n\n\n\n<p>Greek Farms a \u00e9t\u00e9 cr\u00e9\u00e9e pour vous faire voyager au c\u0153ur des saveurs grecques authentiques et vous initier aux secrets de notre c\u00e9l\u00e8bre r\u00e9gime m\u00e9diterran\u00e9en.<\/p>\n\n\n\n<p>Sa vocation est de valoriser et de diffuser la richesse gastronomique grecque, indissociable de son histoire, de sa culture et de ses traditions.<\/p>\n\n\n\n<p>Ici, vous irez \u00e0 la rencontre de producteurs passionn\u00e9s qui fa\u00e7onnent avec amour et soin des produits grecs d\u2019une qualit\u00e9 exceptionnelle. A travers un riche contenu audiovisuel, vous d\u00e9couvrirez l&rsquo;histoire de chaque produit, ses bienfaits nutritionnels et ses multiples usages.<\/p>\n\n\n\n<p>Notre objectif est de soutenir les producteurs grecs, petits et grands, en faisant rayonner leurs produits \u00e0 travers le monde, en cr\u00e9ant de nouvelles opportunit\u00e9s commerciales et en rapprochant ceux qui recherchent des saveurs authentiques.<\/p>\n\n\n\n<p>Parall\u00e8lement, nous accordons une importance particuli\u00e8re \u00e0 la pr\u00e9servation de l&rsquo;authenticit\u00e9 des produits grecs tout en luttant contre les pratiques trompeuses.<strong><\/strong><\/p>\n\n\n\n<p>Venez d\u00e9couvrir avec nous les saveurs et les tr\u00e9sors de la Gr\u00e8ce !<\/p>\n","protected":false},"excerpt":{"rendered":"<p>Bienvenue chez Greek Farms, la plateforme o\u00f9 les produits, les talents et les saveurs de la Gr\u00e8ce prennent toute leur&#8230;<\/p>\n","protected":false},"author":16,"featured_media":0,"parent":0,"menu_order":0,"comment_status":"closed","ping_status":"closed","template":"full-width.php","meta":{"inline_featured_image":false,"footnotes":""},"class_list":["post-14887","page","type-page","status-publish","hentry"],"yoast_head":"<!-- This site is optimized with the Yoast SEO plugin v26.9 - https:\/\/yoast.com\/product\/yoast-seo-wordpress\/ -->\n<title>Greek Farms - Agriculture invers\u00e9e<\/title>\n<meta name=\"robots\" content=\"index, follow, max-snippet:-1, max-image-preview:large, max-video-preview:-1\" \/>\n<link rel=\"canonical\" href=\"https:\/\/portal.greekfarms.gov.gr\/fr\/greek-farms\/\" \/>\n<meta property=\"og:locale\" content=\"fr_FR\" \/>\n<meta property=\"og:type\" content=\"article\" \/>\n<meta property=\"og:title\" content=\"Greek Farms - Agriculture invers\u00e9e\" \/>\n<meta property=\"og:description\" content=\"Bienvenue chez Greek Farms, la plateforme o\u00f9 les produits, les talents et les saveurs de la Gr\u00e8ce prennent toute leur...\" \/>\n<meta property=\"og:url\" content=\"https:\/\/portal.greekfarms.gov.gr\/fr\/greek-farms\/\" \/>\n<meta property=\"og:site_name\" content=\"Agriculture invers\u00e9e\" \/>\n<meta property=\"article:publisher\" content=\"https:\/\/www.facebook.com\/GreekFarmsOfficial\" \/>\n<meta property=\"article:modified_time\" content=\"2025-10-02T08:10:16+00:00\" \/>\n<meta name=\"twitter:card\" content=\"summary_large_image\" \/>\n<meta name=\"twitter:label1\" content=\"Dur\u00e9e de lecture estim\u00e9e\" \/>\n\t<meta name=\"twitter:data1\" content=\"1 minute\" \/>\n<script type=\"application\/ld+json\" class=\"yoast-schema-graph\">{\"@context\":\"https:\/\/schema.org\",\"@graph\":[{\"@type\":\"WebPage\",\"@id\":\"https:\/\/portal.greekfarms.gov.gr\/fr\/greek-farms\/\",\"url\":\"https:\/\/portal.greekfarms.gov.gr\/fr\/greek-farms\/\",\"name\":\"Greek Farms - Agriculture invers\u00e9e\",\"isPartOf\":{\"@id\":\"https:\/\/portal.greekfarms.gov.gr\/fr\/#website\"},\"datePublished\":\"2025-04-23T13:51:25+00:00\",\"dateModified\":\"2025-10-02T08:10:16+00:00\",\"breadcrumb\":{\"@id\":\"https:\/\/portal.greekfarms.gov.gr\/fr\/greek-farms\/#breadcrumb\"},\"inLanguage\":\"fr-FR\",\"potentialAction\":[{\"@type\":\"ReadAction\",\"target\":[\"https:\/\/portal.greekfarms.gov.gr\/fr\/greek-farms\/\"]}]},{\"@type\":\"BreadcrumbList\",\"@id\":\"https:\/\/portal.greekfarms.gov.gr\/fr\/greek-farms\/#breadcrumb\",\"itemListElement\":[{\"@type\":\"ListItem\",\"position\":1,\"name\":\"\u0391\u03c1\u03c7\u03b9\u03ba\u03ae\",\"item\":\"https:\/\/portal.greekfarms.gov.gr\/fr\/\"},{\"@type\":\"ListItem\",\"position\":2,\"name\":\"Greek Farms\"}]},{\"@type\":\"WebSite\",\"@id\":\"https:\/\/portal.greekfarms.gov.gr\/fr\/#website\",\"url\":\"https:\/\/portal.greekfarms.gov.gr\/fr\/\",\"name\":\"\u0395\u03be\u03c9\u03c3\u03c4\u03c1\u03b5\u03c6\u03ae\u03c2 \u0393\u03b5\u03c9\u03c1\u03b3\u03af\u03b1\",\"description\":\"\u039c\u03b9\u03b1 \u03b4\u03b9\u03b1\u03b4\u03b9\u03ba\u03c4\u03c5\u03b1\u03ba\u03ae \u03c0\u03bb\u03b1\u03c4\u03c6\u03cc\u03c1\u03bc\u03b1 \u03c0\u03bf\u03c5 \u03c3\u03c5\u03bd\u03b4\u03ad\u03b5\u03b9 \u03c4\u03bf\u03bd \u03ba\u03bb\u03ac\u03b4\u03bf \u03c4\u03b7\u03c2 \u03c6\u03b9\u03bb\u03bf\u03be\u03b5\u03bd\u03af\u03b1\u03c2 \u03bc\u03b5 \u0388\u03bb\u03bb\u03b7\u03bd\u03b5\u03c2 \u03c0\u03b1\u03c1\u03b1\u03b3\u03c9\u03b3\u03bf\u03cd\u03c2!\",\"publisher\":{\"@id\":\"https:\/\/portal.greekfarms.gov.gr\/fr\/#organization\"},\"alternateName\":\"Greek Farms\",\"potentialAction\":[{\"@type\":\"SearchAction\",\"target\":{\"@type\":\"EntryPoint\",\"urlTemplate\":\"https:\/\/portal.greekfarms.gov.gr\/fr\/?s={search_term_string}\"},\"query-input\":{\"@type\":\"PropertyValueSpecification\",\"valueRequired\":true,\"valueName\":\"search_term_string\"}}],\"inLanguage\":\"fr-FR\"},{\"@type\":\"Organization\",\"@id\":\"https:\/\/portal.greekfarms.gov.gr\/fr\/#organization\",\"name\":\"\u03a5\u03c0\u03bf\u03c5\u03c1\u03b3\u03b5\u03af\u03bf \u0391\u03b3\u03c1\u03bf\u03c4\u03b9\u03ba\u03ae\u03c2 \u0391\u03bd\u03ac\u03c0\u03c4\u03c5\u03be\u03b7\u03c2 \u03ba\u03b1\u03b9 \u03a4\u03c1\u03bf\u03c6\u03af\u03bc\u03c9\u03bd\",\"url\":\"https:\/\/portal.greekfarms.gov.gr\/fr\/\",\"logo\":{\"@type\":\"ImageObject\",\"inLanguage\":\"fr-FR\",\"@id\":\"https:\/\/portal.greekfarms.gov.gr\/fr\/#\/schema\/logo\/image\/\",\"url\":\"https:\/\/portal.greekfarms.gov.gr\/wp-content\/uploads\/2024\/02\/grfarms_logo_blue@w320px.png\",\"contentUrl\":\"https:\/\/portal.greekfarms.gov.gr\/wp-content\/uploads\/2024\/02\/grfarms_logo_blue@w320px.png\",\"width\":320,\"height\":408,\"caption\":\"\u03a5\u03c0\u03bf\u03c5\u03c1\u03b3\u03b5\u03af\u03bf \u0391\u03b3\u03c1\u03bf\u03c4\u03b9\u03ba\u03ae\u03c2 \u0391\u03bd\u03ac\u03c0\u03c4\u03c5\u03be\u03b7\u03c2 \u03ba\u03b1\u03b9 \u03a4\u03c1\u03bf\u03c6\u03af\u03bc\u03c9\u03bd\"},\"image\":{\"@id\":\"https:\/\/portal.greekfarms.gov.gr\/fr\/#\/schema\/logo\/image\/\"},\"sameAs\":[\"https:\/\/www.facebook.com\/GreekFarmsOfficial\",\"https:\/\/www.instagram.com\/greekfarms_official\/\",\"https:\/\/www.linkedin.com\/company\/greek-farms\/\",\"https:\/\/www.youtube.com\/@GreekFarmsOfficial\"]}]}<\/script>\n<!-- \/ Yoast SEO plugin. -->","yoast_head_json":{"title":"Greek Farms - Agriculture invers\u00e9e","robots":{"index":"index","follow":"follow","max-snippet":"max-snippet:-1","max-image-preview":"max-image-preview:large","max-video-preview":"max-video-preview:-1"},"canonical":"https:\/\/portal.greekfarms.gov.gr\/fr\/greek-farms\/","og_locale":"fr_FR","og_type":"article","og_title":"Greek Farms - Agriculture invers\u00e9e","og_description":"Bienvenue chez Greek Farms, la plateforme o\u00f9 les produits, les talents et les saveurs de la Gr\u00e8ce prennent toute leur...","og_url":"https:\/\/portal.greekfarms.gov.gr\/fr\/greek-farms\/","og_site_name":"Agriculture invers\u00e9e","article_publisher":"https:\/\/www.facebook.com\/GreekFarmsOfficial","article_modified_time":"2025-10-02T08:10:16+00:00","twitter_card":"summary_large_image","twitter_misc":{"Dur\u00e9e de lecture estim\u00e9e":"1 minute"},"schema":{"@context":"https:\/\/schema.org","@graph":[{"@type":"WebPage","@id":"https:\/\/portal.greekfarms.gov.gr\/fr\/greek-farms\/","url":"https:\/\/portal.greekfarms.gov.gr\/fr\/greek-farms\/","name":"Greek Farms - Agriculture invers\u00e9e","isPartOf":{"@id":"https:\/\/portal.greekfarms.gov.gr\/fr\/#website"},"datePublished":"2025-04-23T13:51:25+00:00","dateModified":"2025-10-02T08:10:16+00:00","breadcrumb":{"@id":"https:\/\/portal.greekfarms.gov.gr\/fr\/greek-farms\/#breadcrumb"},"inLanguage":"fr-FR","potentialAction":[{"@type":"ReadAction","target":["https:\/\/portal.greekfarms.gov.gr\/fr\/greek-farms\/"]}]},{"@type":"BreadcrumbList","@id":"https:\/\/portal.greekfarms.gov.gr\/fr\/greek-farms\/#breadcrumb","itemListElement":[{"@type":"ListItem","position":1,"name":"\u0391\u03c1\u03c7\u03b9\u03ba\u03ae","item":"https:\/\/portal.greekfarms.gov.gr\/fr\/"},{"@type":"ListItem","position":2,"name":"Greek Farms"}]},{"@type":"WebSite","@id":"https:\/\/portal.greekfarms.gov.gr\/fr\/#website","url":"https:\/\/portal.greekfarms.gov.gr\/fr\/","name":"\u0395\u03be\u03c9\u03c3\u03c4\u03c1\u03b5\u03c6\u03ae\u03c2 \u0393\u03b5\u03c9\u03c1\u03b3\u03af\u03b1","description":"\u039c\u03b9\u03b1 \u03b4\u03b9\u03b1\u03b4\u03b9\u03ba\u03c4\u03c5\u03b1\u03ba\u03ae \u03c0\u03bb\u03b1\u03c4\u03c6\u03cc\u03c1\u03bc\u03b1 \u03c0\u03bf\u03c5 \u03c3\u03c5\u03bd\u03b4\u03ad\u03b5\u03b9 \u03c4\u03bf\u03bd \u03ba\u03bb\u03ac\u03b4\u03bf \u03c4\u03b7\u03c2 \u03c6\u03b9\u03bb\u03bf\u03be\u03b5\u03bd\u03af\u03b1\u03c2 \u03bc\u03b5 \u0388\u03bb\u03bb\u03b7\u03bd\u03b5\u03c2 \u03c0\u03b1\u03c1\u03b1\u03b3\u03c9\u03b3\u03bf\u03cd\u03c2!","publisher":{"@id":"https:\/\/portal.greekfarms.gov.gr\/fr\/#organization"},"alternateName":"Greek Farms","potentialAction":[{"@type":"SearchAction","target":{"@type":"EntryPoint","urlTemplate":"https:\/\/portal.greekfarms.gov.gr\/fr\/?s={search_term_string}"},"query-input":{"@type":"PropertyValueSpecification","valueRequired":true,"valueName":"search_term_string"}}],"inLanguage":"fr-FR"},{"@type":"Organization","@id":"https:\/\/portal.greekfarms.gov.gr\/fr\/#organization","name":"\u03a5\u03c0\u03bf\u03c5\u03c1\u03b3\u03b5\u03af\u03bf \u0391\u03b3\u03c1\u03bf\u03c4\u03b9\u03ba\u03ae\u03c2 \u0391\u03bd\u03ac\u03c0\u03c4\u03c5\u03be\u03b7\u03c2 \u03ba\u03b1\u03b9 \u03a4\u03c1\u03bf\u03c6\u03af\u03bc\u03c9\u03bd","url":"https:\/\/portal.greekfarms.gov.gr\/fr\/","logo":{"@type":"ImageObject","inLanguage":"fr-FR","@id":"https:\/\/portal.greekfarms.gov.gr\/fr\/#\/schema\/logo\/image\/","url":"https:\/\/portal.greekfarms.gov.gr\/wp-content\/uploads\/2024\/02\/grfarms_logo_blue@w320px.png","contentUrl":"https:\/\/portal.greekfarms.gov.gr\/wp-content\/uploads\/2024\/02\/grfarms_logo_blue@w320px.png","width":320,"height":408,"caption":"\u03a5\u03c0\u03bf\u03c5\u03c1\u03b3\u03b5\u03af\u03bf \u0391\u03b3\u03c1\u03bf\u03c4\u03b9\u03ba\u03ae\u03c2 \u0391\u03bd\u03ac\u03c0\u03c4\u03c5\u03be\u03b7\u03c2 \u03ba\u03b1\u03b9 \u03a4\u03c1\u03bf\u03c6\u03af\u03bc\u03c9\u03bd"},"image":{"@id":"https:\/\/portal.greekfarms.gov.gr\/fr\/#\/schema\/logo\/image\/"},"sameAs":["https:\/\/www.facebook.com\/GreekFarmsOfficial","https:\/\/www.instagram.com\/greekfarms_official\/","https:\/\/www.linkedin.com\/company\/greek-farms\/","https:\/\/www.youtube.com\/@GreekFarmsOfficial"]}]}},"_links":{"self":[{"href":"https:\/\/portal.greekfarms.gov.gr\/fr\/wp-json\/wp\/v2\/pages\/14887","targetHints":{"allow":["GET"]}}],"collection":[{"href":"https:\/\/portal.greekfarms.gov.gr\/fr\/wp-json\/wp\/v2\/pages"}],"about":[{"href":"https:\/\/portal.greekfarms.gov.gr\/fr\/wp-json\/wp\/v2\/types\/page"}],"author":[{"embeddable":true,"href":"https:\/\/portal.greekfarms.gov.gr\/fr\/wp-json\/wp\/v2\/users\/16"}],"replies":[{"embeddable":true,"href":"https:\/\/portal.greekfarms.gov.gr\/fr\/wp-json\/wp\/v2\/comments?post=14887"}],"version-history":[{"count":1,"href":"https:\/\/portal.greekfarms.gov.gr\/fr\/wp-json\/wp\/v2\/pages\/14887\/revisions"}],"predecessor-version":[{"id":14888,"href":"https:\/\/portal.greekfarms.gov.gr\/fr\/wp-json\/wp\/v2\/pages\/14887\/revisions\/14888"}],"wp:attachment":[{"href":"https:\/\/portal.greekfarms.gov.gr\/fr\/wp-json\/wp\/v2\/media?parent=14887"}],"curies":[{"name":"wp","href":"https:\/\/api.w.org\/{rel}","templated":true}]}}