{"id":13710,"date":"2025-06-26T13:21:01","date_gmt":"2025-06-26T13:21:01","guid":{"rendered":"https:\/\/portal.greekfarms.gov.gr\/?page_id=13710"},"modified":"2026-01-29T15:23:28","modified_gmt":"2026-01-29T15:23:28","slug":"badge-landing","status":"publish","type":"page","link":"https:\/\/portal.greekfarms.gov.gr\/fr\/badge-landing\/","title":{"rendered":"Syst\u00e8me de Label Greek Farms"},"content":{"rendered":"\n<p>Les groupes suivants peuvent demander l\u2019obtention du <strong>label Greek Farms<\/strong> :<br>\u2022 Producteur \u2013 agriculteur<br>\u2022 Entreprises de restauration et h\u00f4tels<br>\u2022 Di\u00e9t\u00e9ticien, nutritionniste, cuisinier, chef, etc.<br>\u2022 Entreprises de vente de produits alimentaires<\/p>\n\n\n\n<p>La plateforme prend en charge l\u2019utilisation du syst\u00e8me par des di\u00e9t\u00e9ticiens certifi\u00e9s, des cuisiniers et des professionnels de l\u2019alimentation en leur offrant, sous certaines conditions, la possibilit\u00e9 d\u2019obtenir le label Greek Farms dans le cadre de leur activit\u00e9 professionnelle.<\/p>\n\n\n\n<p>Les utilisateurs de la plateforme peuvent \u00eatre des entreprises produisant et distribuant des produits alimentaires grecs, soutenues par la plateforme de salons num\u00e9riques, ainsi que des utilisateurs qui revendent ou transforment des produits alimentaires grecs en recettes.<\/p>\n\n\n\n<p>L\u2019enregistrement des cat\u00e9gories professionnelles dans le syst\u00e8me est v\u00e9rifi\u00e9 via des services d\u2019interop\u00e9rabilit\u00e9 avec les registres professionnels appropri\u00e9s, afin de garantir l\u2019identification des participants.<\/p>\n\n\n\n<p>Gr\u00e2ce \u00e0 la demande d\u2019enregistrement de recette, les di\u00e9t\u00e9ticiens et cuisiniers sont certifi\u00e9s quant \u00e0 la validit\u00e9 de leur statut professionnel et peuvent participer \u00e0 l\u2019enrichissement du portail des recettes.<\/p>\n","protected":false},"excerpt":{"rendered":"<p>Les groupes suivants peuvent demander l\u2019obtention du label Greek Farms :\u2022 Producteur \u2013 agriculteur\u2022 Entreprises de restauration et h\u00f4tels\u2022 Di\u00e9t\u00e9ticien,&#8230;<\/p>\n","protected":false},"author":11,"featured_media":0,"parent":0,"menu_order":0,"comment_status":"closed","ping_status":"closed","template":"content-full-width.php","meta":{"inline_featured_image":false,"footnotes":""},"class_list":["post-13710","page","type-page","status-publish","hentry"],"yoast_head":"<!-- This site is optimized with the Yoast SEO plugin v26.9 - https:\/\/yoast.com\/product\/yoast-seo-wordpress\/ -->\n<title>Syst\u00e8me de Label Greek Farms - Agriculture invers\u00e9e<\/title>\n<meta name=\"robots\" content=\"index, follow, max-snippet:-1, max-image-preview:large, max-video-preview:-1\" \/>\n<link rel=\"canonical\" href=\"https:\/\/portal.greekfarms.gov.gr\/fr\/badge-landing\/\" \/>\n<meta property=\"og:locale\" content=\"fr_FR\" \/>\n<meta property=\"og:type\" content=\"article\" \/>\n<meta property=\"og:title\" content=\"Syst\u00e8me de Label Greek Farms - Agriculture invers\u00e9e\" \/>\n<meta property=\"og:description\" content=\"Les groupes suivants peuvent demander l\u2019obtention du label Greek Farms :\u2022 Producteur \u2013 agriculteur\u2022 Entreprises de restauration et h\u00f4tels\u2022 Di\u00e9t\u00e9ticien,...\" \/>\n<meta property=\"og:url\" content=\"https:\/\/portal.greekfarms.gov.gr\/fr\/badge-landing\/\" \/>\n<meta property=\"og:site_name\" content=\"Agriculture invers\u00e9e\" \/>\n<meta property=\"article:publisher\" content=\"https:\/\/www.facebook.com\/GreekFarmsOfficial\" \/>\n<meta property=\"article:modified_time\" content=\"2026-01-29T15:23:28+00:00\" \/>\n<meta name=\"twitter:card\" content=\"summary_large_image\" \/>\n<meta name=\"twitter:label1\" content=\"Dur\u00e9e de lecture estim\u00e9e\" \/>\n\t<meta name=\"twitter:data1\" content=\"1 minute\" \/>\n<script type=\"application\/ld+json\" class=\"yoast-schema-graph\">{\"@context\":\"https:\/\/schema.org\",\"@graph\":[{\"@type\":\"WebPage\",\"@id\":\"https:\/\/portal.greekfarms.gov.gr\/fr\/badge-landing\/\",\"url\":\"https:\/\/portal.greekfarms.gov.gr\/fr\/badge-landing\/\",\"name\":\"Syst\u00e8me de Label Greek Farms - Agriculture invers\u00e9e\",\"isPartOf\":{\"@id\":\"https:\/\/portal.greekfarms.gov.gr\/fr\/#website\"},\"datePublished\":\"2025-06-26T13:21:01+00:00\",\"dateModified\":\"2026-01-29T15:23:28+00:00\",\"breadcrumb\":{\"@id\":\"https:\/\/portal.greekfarms.gov.gr\/fr\/badge-landing\/#breadcrumb\"},\"inLanguage\":\"fr-FR\",\"potentialAction\":[{\"@type\":\"ReadAction\",\"target\":[\"https:\/\/portal.greekfarms.gov.gr\/fr\/badge-landing\/\"]}]},{\"@type\":\"BreadcrumbList\",\"@id\":\"https:\/\/portal.greekfarms.gov.gr\/fr\/badge-landing\/#breadcrumb\",\"itemListElement\":[{\"@type\":\"ListItem\",\"position\":1,\"name\":\"\u0391\u03c1\u03c7\u03b9\u03ba\u03ae\",\"item\":\"https:\/\/portal.greekfarms.gov.gr\/fr\/\"},{\"@type\":\"ListItem\",\"position\":2,\"name\":\"Syst\u00e8me de Label Greek Farms\"}]},{\"@type\":\"WebSite\",\"@id\":\"https:\/\/portal.greekfarms.gov.gr\/fr\/#website\",\"url\":\"https:\/\/portal.greekfarms.gov.gr\/fr\/\",\"name\":\"\u0395\u03be\u03c9\u03c3\u03c4\u03c1\u03b5\u03c6\u03ae\u03c2 \u0393\u03b5\u03c9\u03c1\u03b3\u03af\u03b1\",\"description\":\"\u039c\u03b9\u03b1 \u03b4\u03b9\u03b1\u03b4\u03b9\u03ba\u03c4\u03c5\u03b1\u03ba\u03ae \u03c0\u03bb\u03b1\u03c4\u03c6\u03cc\u03c1\u03bc\u03b1 \u03c0\u03bf\u03c5 \u03c3\u03c5\u03bd\u03b4\u03ad\u03b5\u03b9 \u03c4\u03bf\u03bd \u03ba\u03bb\u03ac\u03b4\u03bf \u03c4\u03b7\u03c2 \u03c6\u03b9\u03bb\u03bf\u03be\u03b5\u03bd\u03af\u03b1\u03c2 \u03bc\u03b5 \u0388\u03bb\u03bb\u03b7\u03bd\u03b5\u03c2 \u03c0\u03b1\u03c1\u03b1\u03b3\u03c9\u03b3\u03bf\u03cd\u03c2!\",\"publisher\":{\"@id\":\"https:\/\/portal.greekfarms.gov.gr\/fr\/#organization\"},\"alternateName\":\"Greek Farms\",\"potentialAction\":[{\"@type\":\"SearchAction\",\"target\":{\"@type\":\"EntryPoint\",\"urlTemplate\":\"https:\/\/portal.greekfarms.gov.gr\/fr\/?s={search_term_string}\"},\"query-input\":{\"@type\":\"PropertyValueSpecification\",\"valueRequired\":true,\"valueName\":\"search_term_string\"}}],\"inLanguage\":\"fr-FR\"},{\"@type\":\"Organization\",\"@id\":\"https:\/\/portal.greekfarms.gov.gr\/fr\/#organization\",\"name\":\"\u03a5\u03c0\u03bf\u03c5\u03c1\u03b3\u03b5\u03af\u03bf \u0391\u03b3\u03c1\u03bf\u03c4\u03b9\u03ba\u03ae\u03c2 \u0391\u03bd\u03ac\u03c0\u03c4\u03c5\u03be\u03b7\u03c2 \u03ba\u03b1\u03b9 \u03a4\u03c1\u03bf\u03c6\u03af\u03bc\u03c9\u03bd\",\"url\":\"https:\/\/portal.greekfarms.gov.gr\/fr\/\",\"logo\":{\"@type\":\"ImageObject\",\"inLanguage\":\"fr-FR\",\"@id\":\"https:\/\/portal.greekfarms.gov.gr\/fr\/#\/schema\/logo\/image\/\",\"url\":\"https:\/\/portal.greekfarms.gov.gr\/wp-content\/uploads\/2024\/02\/grfarms_logo_blue@w320px.png\",\"contentUrl\":\"https:\/\/portal.greekfarms.gov.gr\/wp-content\/uploads\/2024\/02\/grfarms_logo_blue@w320px.png\",\"width\":320,\"height\":408,\"caption\":\"\u03a5\u03c0\u03bf\u03c5\u03c1\u03b3\u03b5\u03af\u03bf \u0391\u03b3\u03c1\u03bf\u03c4\u03b9\u03ba\u03ae\u03c2 \u0391\u03bd\u03ac\u03c0\u03c4\u03c5\u03be\u03b7\u03c2 \u03ba\u03b1\u03b9 \u03a4\u03c1\u03bf\u03c6\u03af\u03bc\u03c9\u03bd\"},\"image\":{\"@id\":\"https:\/\/portal.greekfarms.gov.gr\/fr\/#\/schema\/logo\/image\/\"},\"sameAs\":[\"https:\/\/www.facebook.com\/GreekFarmsOfficial\",\"https:\/\/www.instagram.com\/greekfarms_official\/\",\"https:\/\/www.linkedin.com\/company\/greek-farms\/\",\"https:\/\/www.youtube.com\/@GreekFarmsOfficial\"]}]}<\/script>\n<!-- \/ Yoast SEO plugin. -->","yoast_head_json":{"title":"Syst\u00e8me de Label Greek Farms - Agriculture invers\u00e9e","robots":{"index":"index","follow":"follow","max-snippet":"max-snippet:-1","max-image-preview":"max-image-preview:large","max-video-preview":"max-video-preview:-1"},"canonical":"https:\/\/portal.greekfarms.gov.gr\/fr\/badge-landing\/","og_locale":"fr_FR","og_type":"article","og_title":"Syst\u00e8me de Label Greek Farms - Agriculture invers\u00e9e","og_description":"Les groupes suivants peuvent demander l\u2019obtention du label Greek Farms :\u2022 Producteur \u2013 agriculteur\u2022 Entreprises de restauration et h\u00f4tels\u2022 Di\u00e9t\u00e9ticien,...","og_url":"https:\/\/portal.greekfarms.gov.gr\/fr\/badge-landing\/","og_site_name":"Agriculture invers\u00e9e","article_publisher":"https:\/\/www.facebook.com\/GreekFarmsOfficial","article_modified_time":"2026-01-29T15:23:28+00:00","twitter_card":"summary_large_image","twitter_misc":{"Dur\u00e9e de lecture estim\u00e9e":"1 minute"},"schema":{"@context":"https:\/\/schema.org","@graph":[{"@type":"WebPage","@id":"https:\/\/portal.greekfarms.gov.gr\/fr\/badge-landing\/","url":"https:\/\/portal.greekfarms.gov.gr\/fr\/badge-landing\/","name":"Syst\u00e8me de Label Greek Farms - Agriculture invers\u00e9e","isPartOf":{"@id":"https:\/\/portal.greekfarms.gov.gr\/fr\/#website"},"datePublished":"2025-06-26T13:21:01+00:00","dateModified":"2026-01-29T15:23:28+00:00","breadcrumb":{"@id":"https:\/\/portal.greekfarms.gov.gr\/fr\/badge-landing\/#breadcrumb"},"inLanguage":"fr-FR","potentialAction":[{"@type":"ReadAction","target":["https:\/\/portal.greekfarms.gov.gr\/fr\/badge-landing\/"]}]},{"@type":"BreadcrumbList","@id":"https:\/\/portal.greekfarms.gov.gr\/fr\/badge-landing\/#breadcrumb","itemListElement":[{"@type":"ListItem","position":1,"name":"\u0391\u03c1\u03c7\u03b9\u03ba\u03ae","item":"https:\/\/portal.greekfarms.gov.gr\/fr\/"},{"@type":"ListItem","position":2,"name":"Syst\u00e8me de Label Greek Farms"}]},{"@type":"WebSite","@id":"https:\/\/portal.greekfarms.gov.gr\/fr\/#website","url":"https:\/\/portal.greekfarms.gov.gr\/fr\/","name":"\u0395\u03be\u03c9\u03c3\u03c4\u03c1\u03b5\u03c6\u03ae\u03c2 \u0393\u03b5\u03c9\u03c1\u03b3\u03af\u03b1","description":"\u039c\u03b9\u03b1 \u03b4\u03b9\u03b1\u03b4\u03b9\u03ba\u03c4\u03c5\u03b1\u03ba\u03ae \u03c0\u03bb\u03b1\u03c4\u03c6\u03cc\u03c1\u03bc\u03b1 \u03c0\u03bf\u03c5 \u03c3\u03c5\u03bd\u03b4\u03ad\u03b5\u03b9 \u03c4\u03bf\u03bd \u03ba\u03bb\u03ac\u03b4\u03bf \u03c4\u03b7\u03c2 \u03c6\u03b9\u03bb\u03bf\u03be\u03b5\u03bd\u03af\u03b1\u03c2 \u03bc\u03b5 \u0388\u03bb\u03bb\u03b7\u03bd\u03b5\u03c2 \u03c0\u03b1\u03c1\u03b1\u03b3\u03c9\u03b3\u03bf\u03cd\u03c2!","publisher":{"@id":"https:\/\/portal.greekfarms.gov.gr\/fr\/#organization"},"alternateName":"Greek Farms","potentialAction":[{"@type":"SearchAction","target":{"@type":"EntryPoint","urlTemplate":"https:\/\/portal.greekfarms.gov.gr\/fr\/?s={search_term_string}"},"query-input":{"@type":"PropertyValueSpecification","valueRequired":true,"valueName":"search_term_string"}}],"inLanguage":"fr-FR"},{"@type":"Organization","@id":"https:\/\/portal.greekfarms.gov.gr\/fr\/#organization","name":"\u03a5\u03c0\u03bf\u03c5\u03c1\u03b3\u03b5\u03af\u03bf \u0391\u03b3\u03c1\u03bf\u03c4\u03b9\u03ba\u03ae\u03c2 \u0391\u03bd\u03ac\u03c0\u03c4\u03c5\u03be\u03b7\u03c2 \u03ba\u03b1\u03b9 \u03a4\u03c1\u03bf\u03c6\u03af\u03bc\u03c9\u03bd","url":"https:\/\/portal.greekfarms.gov.gr\/fr\/","logo":{"@type":"ImageObject","inLanguage":"fr-FR","@id":"https:\/\/portal.greekfarms.gov.gr\/fr\/#\/schema\/logo\/image\/","url":"https:\/\/portal.greekfarms.gov.gr\/wp-content\/uploads\/2024\/02\/grfarms_logo_blue@w320px.png","contentUrl":"https:\/\/portal.greekfarms.gov.gr\/wp-content\/uploads\/2024\/02\/grfarms_logo_blue@w320px.png","width":320,"height":408,"caption":"\u03a5\u03c0\u03bf\u03c5\u03c1\u03b3\u03b5\u03af\u03bf \u0391\u03b3\u03c1\u03bf\u03c4\u03b9\u03ba\u03ae\u03c2 \u0391\u03bd\u03ac\u03c0\u03c4\u03c5\u03be\u03b7\u03c2 \u03ba\u03b1\u03b9 \u03a4\u03c1\u03bf\u03c6\u03af\u03bc\u03c9\u03bd"},"image":{"@id":"https:\/\/portal.greekfarms.gov.gr\/fr\/#\/schema\/logo\/image\/"},"sameAs":["https:\/\/www.facebook.com\/GreekFarmsOfficial","https:\/\/www.instagram.com\/greekfarms_official\/","https:\/\/www.linkedin.com\/company\/greek-farms\/","https:\/\/www.youtube.com\/@GreekFarmsOfficial"]}]}},"_links":{"self":[{"href":"https:\/\/portal.greekfarms.gov.gr\/fr\/wp-json\/wp\/v2\/pages\/13710","targetHints":{"allow":["GET"]}}],"collection":[{"href":"https:\/\/portal.greekfarms.gov.gr\/fr\/wp-json\/wp\/v2\/pages"}],"about":[{"href":"https:\/\/portal.greekfarms.gov.gr\/fr\/wp-json\/wp\/v2\/types\/page"}],"author":[{"embeddable":true,"href":"https:\/\/portal.greekfarms.gov.gr\/fr\/wp-json\/wp\/v2\/users\/11"}],"replies":[{"embeddable":true,"href":"https:\/\/portal.greekfarms.gov.gr\/fr\/wp-json\/wp\/v2\/comments?post=13710"}],"version-history":[{"count":3,"href":"https:\/\/portal.greekfarms.gov.gr\/fr\/wp-json\/wp\/v2\/pages\/13710\/revisions"}],"predecessor-version":[{"id":19174,"href":"https:\/\/portal.greekfarms.gov.gr\/fr\/wp-json\/wp\/v2\/pages\/13710\/revisions\/19174"}],"wp:attachment":[{"href":"https:\/\/portal.greekfarms.gov.gr\/fr\/wp-json\/wp\/v2\/media?parent=13710"}],"curies":[{"name":"wp","href":"https:\/\/api.w.org\/{rel}","templated":true}]}}