{"id":13695,"date":"2025-05-22T14:54:44","date_gmt":"2025-05-22T14:54:44","guid":{"rendered":"https:\/\/portal.greekfarms.gov.gr\/?page_id=13695"},"modified":"2026-02-10T08:25:20","modified_gmt":"2026-02-10T08:25:20","slug":"farmworkers-landing","status":"publish","type":"page","link":"https:\/\/portal.greekfarms.gov.gr\/fr\/farmworkers-landing\/","title":{"rendered":"Syst\u00e8me des Ouvriers Agricoles"},"content":{"rendered":"\n<p>La plateforme num\u00e9rique Greek Farms offre aujourd\u2019hui aux producteurs grecs la possibilit\u00e9 de publier des offres d\u2019emploi pour du personnel sp\u00e9cialis\u00e9 pour une dur\u00e9e limit\u00e9e, en fonction des besoins de leurs cultures et des diff\u00e9rentes \u00e9tapes de chaque culture (par exemple, plantation, r\u00e9colte, etc.).<\/p>\n\n\n\n<p>Cette fonctionnalit\u00e9 vise \u00e0 la fois la main-d\u2019\u0153uvre nationale et l\u2019attraction de travailleurs agricoles saisonniers provenant de pays tiers.<\/p>\n\n\n\n<p>Chaque producteur, lors de la cr\u00e9ation ou de la modification d\u2019une offre d\u2019emploi, pr\u00e9cise :<br>\u2022 la culture pour laquelle du personnel est recherch\u00e9,<br>\u2022 la nature du travail (stade de la culture),<br>\u2022 la p\u00e9riode d\u2019emploi,<br>\u2022 ainsi que les \u00e9ventuels avantages suppl\u00e9mentaires offerts au personnel (par exemple, h\u00e9bergement, restauration, etc.).<\/p>\n\n\n\n<p>Le sous-syst\u00e8me de recrutement de Greek Farms comprend des fonctionnalit\u00e9s de publication d\u2019offres d\u2019emploi ainsi qu\u2019une fonction de communication entre les candidats et les employeurs.<\/p>\n\n\n<a href=\"https:\/\/apps.greekfarms.gov.gr\/ad-employee-portal\/?&#038;lang=en\" class=\"read-more-btn\">Connexion \u00e0 l\u2019application (travailleurs)<svg id=\"6f4bfa77-4ec3-4f0e-b596-c3c1460c62cf\" data-name=\"Layer 1\" xmlns=\"http:\/\/www.w3.org\/2000\/svg\" viewBox=\"0 0 512 512\"><path d=\"M256,0C114.84,0,0,114.84,0,256S114.84,512,256,512,512,397.16,512,256,397.16,0,256,0Zm79.08,271.08L228.42,377.75a21.33,21.33,0,0,1-30.17-30.17L289.83,256l-91.58-91.58a21.33,21.33,0,1,1,30.17-30.17L335.08,240.92A21.31,21.31,0,0,1,335.08,271.08Z\"><\/path><\/svg><\/a>\n","protected":false},"excerpt":{"rendered":"<p>La plateforme num\u00e9rique Greek Farms offre aujourd\u2019hui aux producteurs grecs la possibilit\u00e9 de publier des offres d\u2019emploi pour du personnel&#8230;<\/p>\n","protected":false},"author":11,"featured_media":0,"parent":0,"menu_order":0,"comment_status":"closed","ping_status":"closed","template":"content-full-width.php","meta":{"inline_featured_image":false,"footnotes":""},"class_list":["post-13695","page","type-page","status-publish","hentry"],"yoast_head":"<!-- This site is optimized with the Yoast SEO plugin v26.9 - https:\/\/yoast.com\/product\/yoast-seo-wordpress\/ -->\n<title>Syst\u00e8me des Ouvriers Agricoles - Agriculture invers\u00e9e<\/title>\n<meta name=\"robots\" content=\"index, follow, max-snippet:-1, max-image-preview:large, max-video-preview:-1\" \/>\n<link rel=\"canonical\" href=\"https:\/\/portal.greekfarms.gov.gr\/fr\/farmworkers-landing\/\" \/>\n<meta property=\"og:locale\" content=\"fr_FR\" \/>\n<meta property=\"og:type\" content=\"article\" \/>\n<meta property=\"og:title\" content=\"Syst\u00e8me des Ouvriers Agricoles - Agriculture invers\u00e9e\" \/>\n<meta property=\"og:description\" content=\"La plateforme num\u00e9rique Greek Farms offre aujourd\u2019hui aux producteurs grecs la possibilit\u00e9 de publier des offres d\u2019emploi pour du personnel...\" \/>\n<meta property=\"og:url\" content=\"https:\/\/portal.greekfarms.gov.gr\/fr\/farmworkers-landing\/\" \/>\n<meta property=\"og:site_name\" content=\"Agriculture invers\u00e9e\" \/>\n<meta property=\"article:publisher\" content=\"https:\/\/www.facebook.com\/GreekFarmsOfficial\" \/>\n<meta property=\"article:modified_time\" content=\"2026-02-10T08:25:20+00:00\" \/>\n<meta name=\"twitter:card\" content=\"summary_large_image\" \/>\n<meta name=\"twitter:label1\" content=\"Dur\u00e9e de lecture estim\u00e9e\" \/>\n\t<meta name=\"twitter:data1\" content=\"1 minute\" \/>\n<script type=\"application\/ld+json\" class=\"yoast-schema-graph\">{\"@context\":\"https:\/\/schema.org\",\"@graph\":[{\"@type\":\"WebPage\",\"@id\":\"https:\/\/portal.greekfarms.gov.gr\/fr\/farmworkers-landing\/\",\"url\":\"https:\/\/portal.greekfarms.gov.gr\/fr\/farmworkers-landing\/\",\"name\":\"Syst\u00e8me des Ouvriers Agricoles - Agriculture invers\u00e9e\",\"isPartOf\":{\"@id\":\"https:\/\/portal.greekfarms.gov.gr\/fr\/#website\"},\"datePublished\":\"2025-05-22T14:54:44+00:00\",\"dateModified\":\"2026-02-10T08:25:20+00:00\",\"breadcrumb\":{\"@id\":\"https:\/\/portal.greekfarms.gov.gr\/fr\/farmworkers-landing\/#breadcrumb\"},\"inLanguage\":\"fr-FR\",\"potentialAction\":[{\"@type\":\"ReadAction\",\"target\":[\"https:\/\/portal.greekfarms.gov.gr\/fr\/farmworkers-landing\/\"]}]},{\"@type\":\"BreadcrumbList\",\"@id\":\"https:\/\/portal.greekfarms.gov.gr\/fr\/farmworkers-landing\/#breadcrumb\",\"itemListElement\":[{\"@type\":\"ListItem\",\"position\":1,\"name\":\"\u0391\u03c1\u03c7\u03b9\u03ba\u03ae\",\"item\":\"https:\/\/portal.greekfarms.gov.gr\/fr\/\"},{\"@type\":\"ListItem\",\"position\":2,\"name\":\"Syst\u00e8me des Ouvriers Agricoles\"}]},{\"@type\":\"WebSite\",\"@id\":\"https:\/\/portal.greekfarms.gov.gr\/fr\/#website\",\"url\":\"https:\/\/portal.greekfarms.gov.gr\/fr\/\",\"name\":\"\u0395\u03be\u03c9\u03c3\u03c4\u03c1\u03b5\u03c6\u03ae\u03c2 \u0393\u03b5\u03c9\u03c1\u03b3\u03af\u03b1\",\"description\":\"\u039c\u03b9\u03b1 \u03b4\u03b9\u03b1\u03b4\u03b9\u03ba\u03c4\u03c5\u03b1\u03ba\u03ae \u03c0\u03bb\u03b1\u03c4\u03c6\u03cc\u03c1\u03bc\u03b1 \u03c0\u03bf\u03c5 \u03c3\u03c5\u03bd\u03b4\u03ad\u03b5\u03b9 \u03c4\u03bf\u03bd \u03ba\u03bb\u03ac\u03b4\u03bf \u03c4\u03b7\u03c2 \u03c6\u03b9\u03bb\u03bf\u03be\u03b5\u03bd\u03af\u03b1\u03c2 \u03bc\u03b5 \u0388\u03bb\u03bb\u03b7\u03bd\u03b5\u03c2 \u03c0\u03b1\u03c1\u03b1\u03b3\u03c9\u03b3\u03bf\u03cd\u03c2!\",\"publisher\":{\"@id\":\"https:\/\/portal.greekfarms.gov.gr\/fr\/#organization\"},\"alternateName\":\"Greek Farms\",\"potentialAction\":[{\"@type\":\"SearchAction\",\"target\":{\"@type\":\"EntryPoint\",\"urlTemplate\":\"https:\/\/portal.greekfarms.gov.gr\/fr\/?s={search_term_string}\"},\"query-input\":{\"@type\":\"PropertyValueSpecification\",\"valueRequired\":true,\"valueName\":\"search_term_string\"}}],\"inLanguage\":\"fr-FR\"},{\"@type\":\"Organization\",\"@id\":\"https:\/\/portal.greekfarms.gov.gr\/fr\/#organization\",\"name\":\"\u03a5\u03c0\u03bf\u03c5\u03c1\u03b3\u03b5\u03af\u03bf \u0391\u03b3\u03c1\u03bf\u03c4\u03b9\u03ba\u03ae\u03c2 \u0391\u03bd\u03ac\u03c0\u03c4\u03c5\u03be\u03b7\u03c2 \u03ba\u03b1\u03b9 \u03a4\u03c1\u03bf\u03c6\u03af\u03bc\u03c9\u03bd\",\"url\":\"https:\/\/portal.greekfarms.gov.gr\/fr\/\",\"logo\":{\"@type\":\"ImageObject\",\"inLanguage\":\"fr-FR\",\"@id\":\"https:\/\/portal.greekfarms.gov.gr\/fr\/#\/schema\/logo\/image\/\",\"url\":\"https:\/\/portal.greekfarms.gov.gr\/wp-content\/uploads\/2024\/02\/grfarms_logo_blue@w320px.png\",\"contentUrl\":\"https:\/\/portal.greekfarms.gov.gr\/wp-content\/uploads\/2024\/02\/grfarms_logo_blue@w320px.png\",\"width\":320,\"height\":408,\"caption\":\"\u03a5\u03c0\u03bf\u03c5\u03c1\u03b3\u03b5\u03af\u03bf \u0391\u03b3\u03c1\u03bf\u03c4\u03b9\u03ba\u03ae\u03c2 \u0391\u03bd\u03ac\u03c0\u03c4\u03c5\u03be\u03b7\u03c2 \u03ba\u03b1\u03b9 \u03a4\u03c1\u03bf\u03c6\u03af\u03bc\u03c9\u03bd\"},\"image\":{\"@id\":\"https:\/\/portal.greekfarms.gov.gr\/fr\/#\/schema\/logo\/image\/\"},\"sameAs\":[\"https:\/\/www.facebook.com\/GreekFarmsOfficial\",\"https:\/\/www.instagram.com\/greekfarms_official\/\",\"https:\/\/www.linkedin.com\/company\/greek-farms\/\",\"https:\/\/www.youtube.com\/@GreekFarmsOfficial\"]}]}<\/script>\n<!-- \/ Yoast SEO plugin. -->","yoast_head_json":{"title":"Syst\u00e8me des Ouvriers Agricoles - Agriculture invers\u00e9e","robots":{"index":"index","follow":"follow","max-snippet":"max-snippet:-1","max-image-preview":"max-image-preview:large","max-video-preview":"max-video-preview:-1"},"canonical":"https:\/\/portal.greekfarms.gov.gr\/fr\/farmworkers-landing\/","og_locale":"fr_FR","og_type":"article","og_title":"Syst\u00e8me des Ouvriers Agricoles - Agriculture invers\u00e9e","og_description":"La plateforme num\u00e9rique Greek Farms offre aujourd\u2019hui aux producteurs grecs la possibilit\u00e9 de publier des offres d\u2019emploi pour du personnel...","og_url":"https:\/\/portal.greekfarms.gov.gr\/fr\/farmworkers-landing\/","og_site_name":"Agriculture invers\u00e9e","article_publisher":"https:\/\/www.facebook.com\/GreekFarmsOfficial","article_modified_time":"2026-02-10T08:25:20+00:00","twitter_card":"summary_large_image","twitter_misc":{"Dur\u00e9e de lecture estim\u00e9e":"1 minute"},"schema":{"@context":"https:\/\/schema.org","@graph":[{"@type":"WebPage","@id":"https:\/\/portal.greekfarms.gov.gr\/fr\/farmworkers-landing\/","url":"https:\/\/portal.greekfarms.gov.gr\/fr\/farmworkers-landing\/","name":"Syst\u00e8me des Ouvriers Agricoles - Agriculture invers\u00e9e","isPartOf":{"@id":"https:\/\/portal.greekfarms.gov.gr\/fr\/#website"},"datePublished":"2025-05-22T14:54:44+00:00","dateModified":"2026-02-10T08:25:20+00:00","breadcrumb":{"@id":"https:\/\/portal.greekfarms.gov.gr\/fr\/farmworkers-landing\/#breadcrumb"},"inLanguage":"fr-FR","potentialAction":[{"@type":"ReadAction","target":["https:\/\/portal.greekfarms.gov.gr\/fr\/farmworkers-landing\/"]}]},{"@type":"BreadcrumbList","@id":"https:\/\/portal.greekfarms.gov.gr\/fr\/farmworkers-landing\/#breadcrumb","itemListElement":[{"@type":"ListItem","position":1,"name":"\u0391\u03c1\u03c7\u03b9\u03ba\u03ae","item":"https:\/\/portal.greekfarms.gov.gr\/fr\/"},{"@type":"ListItem","position":2,"name":"Syst\u00e8me des Ouvriers Agricoles"}]},{"@type":"WebSite","@id":"https:\/\/portal.greekfarms.gov.gr\/fr\/#website","url":"https:\/\/portal.greekfarms.gov.gr\/fr\/","name":"\u0395\u03be\u03c9\u03c3\u03c4\u03c1\u03b5\u03c6\u03ae\u03c2 \u0393\u03b5\u03c9\u03c1\u03b3\u03af\u03b1","description":"\u039c\u03b9\u03b1 \u03b4\u03b9\u03b1\u03b4\u03b9\u03ba\u03c4\u03c5\u03b1\u03ba\u03ae \u03c0\u03bb\u03b1\u03c4\u03c6\u03cc\u03c1\u03bc\u03b1 \u03c0\u03bf\u03c5 \u03c3\u03c5\u03bd\u03b4\u03ad\u03b5\u03b9 \u03c4\u03bf\u03bd \u03ba\u03bb\u03ac\u03b4\u03bf \u03c4\u03b7\u03c2 \u03c6\u03b9\u03bb\u03bf\u03be\u03b5\u03bd\u03af\u03b1\u03c2 \u03bc\u03b5 \u0388\u03bb\u03bb\u03b7\u03bd\u03b5\u03c2 \u03c0\u03b1\u03c1\u03b1\u03b3\u03c9\u03b3\u03bf\u03cd\u03c2!","publisher":{"@id":"https:\/\/portal.greekfarms.gov.gr\/fr\/#organization"},"alternateName":"Greek Farms","potentialAction":[{"@type":"SearchAction","target":{"@type":"EntryPoint","urlTemplate":"https:\/\/portal.greekfarms.gov.gr\/fr\/?s={search_term_string}"},"query-input":{"@type":"PropertyValueSpecification","valueRequired":true,"valueName":"search_term_string"}}],"inLanguage":"fr-FR"},{"@type":"Organization","@id":"https:\/\/portal.greekfarms.gov.gr\/fr\/#organization","name":"\u03a5\u03c0\u03bf\u03c5\u03c1\u03b3\u03b5\u03af\u03bf \u0391\u03b3\u03c1\u03bf\u03c4\u03b9\u03ba\u03ae\u03c2 \u0391\u03bd\u03ac\u03c0\u03c4\u03c5\u03be\u03b7\u03c2 \u03ba\u03b1\u03b9 \u03a4\u03c1\u03bf\u03c6\u03af\u03bc\u03c9\u03bd","url":"https:\/\/portal.greekfarms.gov.gr\/fr\/","logo":{"@type":"ImageObject","inLanguage":"fr-FR","@id":"https:\/\/portal.greekfarms.gov.gr\/fr\/#\/schema\/logo\/image\/","url":"https:\/\/portal.greekfarms.gov.gr\/wp-content\/uploads\/2024\/02\/grfarms_logo_blue@w320px.png","contentUrl":"https:\/\/portal.greekfarms.gov.gr\/wp-content\/uploads\/2024\/02\/grfarms_logo_blue@w320px.png","width":320,"height":408,"caption":"\u03a5\u03c0\u03bf\u03c5\u03c1\u03b3\u03b5\u03af\u03bf \u0391\u03b3\u03c1\u03bf\u03c4\u03b9\u03ba\u03ae\u03c2 \u0391\u03bd\u03ac\u03c0\u03c4\u03c5\u03be\u03b7\u03c2 \u03ba\u03b1\u03b9 \u03a4\u03c1\u03bf\u03c6\u03af\u03bc\u03c9\u03bd"},"image":{"@id":"https:\/\/portal.greekfarms.gov.gr\/fr\/#\/schema\/logo\/image\/"},"sameAs":["https:\/\/www.facebook.com\/GreekFarmsOfficial","https:\/\/www.instagram.com\/greekfarms_official\/","https:\/\/www.linkedin.com\/company\/greek-farms\/","https:\/\/www.youtube.com\/@GreekFarmsOfficial"]}]}},"_links":{"self":[{"href":"https:\/\/portal.greekfarms.gov.gr\/fr\/wp-json\/wp\/v2\/pages\/13695","targetHints":{"allow":["GET"]}}],"collection":[{"href":"https:\/\/portal.greekfarms.gov.gr\/fr\/wp-json\/wp\/v2\/pages"}],"about":[{"href":"https:\/\/portal.greekfarms.gov.gr\/fr\/wp-json\/wp\/v2\/types\/page"}],"author":[{"embeddable":true,"href":"https:\/\/portal.greekfarms.gov.gr\/fr\/wp-json\/wp\/v2\/users\/11"}],"replies":[{"embeddable":true,"href":"https:\/\/portal.greekfarms.gov.gr\/fr\/wp-json\/wp\/v2\/comments?post=13695"}],"version-history":[{"count":3,"href":"https:\/\/portal.greekfarms.gov.gr\/fr\/wp-json\/wp\/v2\/pages\/13695\/revisions"}],"predecessor-version":[{"id":20171,"href":"https:\/\/portal.greekfarms.gov.gr\/fr\/wp-json\/wp\/v2\/pages\/13695\/revisions\/20171"}],"wp:attachment":[{"href":"https:\/\/portal.greekfarms.gov.gr\/fr\/wp-json\/wp\/v2\/media?parent=13695"}],"curies":[{"name":"wp","href":"https:\/\/api.w.org\/{rel}","templated":true}]}}