{"id":13674,"date":"2025-07-07T09:55:12","date_gmt":"2025-07-07T09:55:12","guid":{"rendered":"https:\/\/portal.greekfarms.gov.gr\/?page_id=13674"},"modified":"2026-01-29T14:29:03","modified_gmt":"2026-01-29T14:29:03","slug":"recipes-landing","status":"publish","type":"page","link":"https:\/\/portal.greekfarms.gov.gr\/fr\/recipes-landing\/","title":{"rendered":"Syst\u00e8me de Recettes"},"content":{"rendered":"\n<p>La gestion des recettes du r\u00e9gime m\u00e9diterran\u00e9en grec constitue l\u2019un des param\u00e8tres les plus critiques du projet, tant pour la promotion du r\u00e9gime m\u00e9diterran\u00e9en grec que pour celle des produits fabriqu\u00e9s en Gr\u00e8ce. Il existe un lien direct avec les produits agroalimentaires pr\u00e9sent\u00e9s dans le sous-syst\u00e8me des salons num\u00e9riques.<\/p>\n\n\n\n<p>Afin d\u2019atteindre cet objectif, il est essentiel de relier les caract\u00e9ristiques sp\u00e9cifiques des produits grecs aux principes, besoins et \u00e9l\u00e9ments de marketing qui dominent le consommateur mondial, tels que la qualit\u00e9, le bien-\u00eatre, les aliments favorables \u00e0 la sant\u00e9 et la long\u00e9vit\u00e9.<\/p>\n\n\n\n<p>L\u2019alimentation et les produits alimentaires, \u00e0 travers lesquels le pr\u00e9sent projet cherche \u00e0 combiner les objectifs et les moyens susmentionn\u00e9s, constituent un facteur cl\u00e9 pouvant conduire \u00e0 la r\u00e9alisation de cet objectif par le biais d\u2019actions appropri\u00e9es de pr\u00e9sentation et de promotion.<\/p>\n\n\n\n<p>Un r\u00f4le central est jou\u00e9 par le lien entre la production grecque et l\u2019alimentation grecque avec des \u00e9l\u00e9ments d\u2019int\u00e9r\u00eat culturel, folklorique, religieux, historique et touristique, en combinant de nombreuses forces et capacit\u00e9s de la soci\u00e9t\u00e9 grecque. L\u2019objectif demeure l\u2019augmentation des exportations par la croissance de la demande sur le march\u00e9 mondial pour des produits grecs de haute qualit\u00e9.<\/p>\n\n\n\n<p>Le portail vise, par l\u2019ensemble de ses fonctionnalit\u00e9s, \u00e0 cr\u00e9er non seulement des consommateurs mais aussi des ambassadeurs du r\u00e9gime m\u00e9diterran\u00e9en grec. Les exp\u00e9riences des millions de visiteurs annuels du pays constituent les meilleurs ambassadeurs \u00e0 l\u2019\u00e9tranger, selon les exp\u00e9riences gastronomiques v\u00e9cues lors de leur s\u00e9jour, et repr\u00e9sentent les premiers consommateurs potentiels des produits grecs apr\u00e8s leur retour dans leurs pays de r\u00e9sidence.<br>Le portail Greek Farms a pour objectif d\u2019assurer une exp\u00e9rience gastronomique de qualit\u00e9 lors de leur visite en Gr\u00e8ce, tout en leur offrant la possibilit\u00e9, gr\u00e2ce aux recettes et aux fonctionnalit\u00e9s de recherche de producteurs, de reproduire ces exp\u00e9riences hors de Gr\u00e8ce, augmentant ainsi la consommation des produits alimentaires grecs. Des actions compl\u00e9mentaires de soutien aux acteurs de la production agricole sont \u00e9galement int\u00e9gr\u00e9es au m\u00eame portail, avec toujours le m\u00eame objectif : faciliter l\u2019augmentation de la demande et l\u2019expansion des exportations.<\/p>\n\n\n<a href=\"https:\/\/portal.greekfarms.gov.gr\/fr\/recettes\/\" class=\"read-more-btn\">Portail de Recettes<svg id=\"6f4bfa77-4ec3-4f0e-b596-c3c1460c62cf\" data-name=\"Layer 1\" xmlns=\"http:\/\/www.w3.org\/2000\/svg\" viewBox=\"0 0 512 512\"><path d=\"M256,0C114.84,0,0,114.84,0,256S114.84,512,256,512,512,397.16,512,256,397.16,0,256,0Zm79.08,271.08L228.42,377.75a21.33,21.33,0,0,1-30.17-30.17L289.83,256l-91.58-91.58a21.33,21.33,0,1,1,30.17-30.17L335.08,240.92A21.31,21.31,0,0,1,335.08,271.08Z\"><\/path><\/svg><\/a>\n","protected":false},"excerpt":{"rendered":"<p>La gestion des recettes du r\u00e9gime m\u00e9diterran\u00e9en grec constitue l\u2019un des param\u00e8tres les plus critiques du projet, tant pour la&#8230;<\/p>\n","protected":false},"author":11,"featured_media":0,"parent":0,"menu_order":0,"comment_status":"closed","ping_status":"closed","template":"content-full-width.php","meta":{"inline_featured_image":false,"footnotes":""},"class_list":["post-13674","page","type-page","status-publish","hentry"],"yoast_head":"<!-- This site is optimized with the Yoast SEO plugin v26.9 - https:\/\/yoast.com\/product\/yoast-seo-wordpress\/ -->\n<title>Syst\u00e8me de Recettes - Agriculture invers\u00e9e<\/title>\n<meta name=\"robots\" content=\"index, follow, max-snippet:-1, max-image-preview:large, max-video-preview:-1\" \/>\n<link rel=\"canonical\" href=\"https:\/\/portal.greekfarms.gov.gr\/fr\/recipes-landing\/\" \/>\n<meta property=\"og:locale\" content=\"fr_FR\" \/>\n<meta property=\"og:type\" content=\"article\" \/>\n<meta property=\"og:title\" content=\"Syst\u00e8me de Recettes - Agriculture invers\u00e9e\" \/>\n<meta property=\"og:description\" content=\"La gestion des recettes du r\u00e9gime m\u00e9diterran\u00e9en grec constitue l\u2019un des param\u00e8tres les plus critiques du projet, tant pour la...\" \/>\n<meta property=\"og:url\" content=\"https:\/\/portal.greekfarms.gov.gr\/fr\/recipes-landing\/\" \/>\n<meta property=\"og:site_name\" content=\"Agriculture invers\u00e9e\" \/>\n<meta property=\"article:publisher\" content=\"https:\/\/www.facebook.com\/GreekFarmsOfficial\" \/>\n<meta property=\"article:modified_time\" content=\"2026-01-29T14:29:03+00:00\" \/>\n<meta name=\"twitter:card\" content=\"summary_large_image\" \/>\n<meta name=\"twitter:label1\" content=\"Dur\u00e9e de lecture estim\u00e9e\" \/>\n\t<meta name=\"twitter:data1\" content=\"2 minutes\" \/>\n<script type=\"application\/ld+json\" class=\"yoast-schema-graph\">{\"@context\":\"https:\/\/schema.org\",\"@graph\":[{\"@type\":\"WebPage\",\"@id\":\"https:\/\/portal.greekfarms.gov.gr\/fr\/recipes-landing\/\",\"url\":\"https:\/\/portal.greekfarms.gov.gr\/fr\/recipes-landing\/\",\"name\":\"Syst\u00e8me de Recettes - Agriculture invers\u00e9e\",\"isPartOf\":{\"@id\":\"https:\/\/portal.greekfarms.gov.gr\/fr\/#website\"},\"datePublished\":\"2025-07-07T09:55:12+00:00\",\"dateModified\":\"2026-01-29T14:29:03+00:00\",\"breadcrumb\":{\"@id\":\"https:\/\/portal.greekfarms.gov.gr\/fr\/recipes-landing\/#breadcrumb\"},\"inLanguage\":\"fr-FR\",\"potentialAction\":[{\"@type\":\"ReadAction\",\"target\":[\"https:\/\/portal.greekfarms.gov.gr\/fr\/recipes-landing\/\"]}]},{\"@type\":\"BreadcrumbList\",\"@id\":\"https:\/\/portal.greekfarms.gov.gr\/fr\/recipes-landing\/#breadcrumb\",\"itemListElement\":[{\"@type\":\"ListItem\",\"position\":1,\"name\":\"\u0391\u03c1\u03c7\u03b9\u03ba\u03ae\",\"item\":\"https:\/\/portal.greekfarms.gov.gr\/fr\/\"},{\"@type\":\"ListItem\",\"position\":2,\"name\":\"Syst\u00e8me de Recettes\"}]},{\"@type\":\"WebSite\",\"@id\":\"https:\/\/portal.greekfarms.gov.gr\/fr\/#website\",\"url\":\"https:\/\/portal.greekfarms.gov.gr\/fr\/\",\"name\":\"\u0395\u03be\u03c9\u03c3\u03c4\u03c1\u03b5\u03c6\u03ae\u03c2 \u0393\u03b5\u03c9\u03c1\u03b3\u03af\u03b1\",\"description\":\"\u039c\u03b9\u03b1 \u03b4\u03b9\u03b1\u03b4\u03b9\u03ba\u03c4\u03c5\u03b1\u03ba\u03ae \u03c0\u03bb\u03b1\u03c4\u03c6\u03cc\u03c1\u03bc\u03b1 \u03c0\u03bf\u03c5 \u03c3\u03c5\u03bd\u03b4\u03ad\u03b5\u03b9 \u03c4\u03bf\u03bd \u03ba\u03bb\u03ac\u03b4\u03bf \u03c4\u03b7\u03c2 \u03c6\u03b9\u03bb\u03bf\u03be\u03b5\u03bd\u03af\u03b1\u03c2 \u03bc\u03b5 \u0388\u03bb\u03bb\u03b7\u03bd\u03b5\u03c2 \u03c0\u03b1\u03c1\u03b1\u03b3\u03c9\u03b3\u03bf\u03cd\u03c2!\",\"publisher\":{\"@id\":\"https:\/\/portal.greekfarms.gov.gr\/fr\/#organization\"},\"alternateName\":\"Greek Farms\",\"potentialAction\":[{\"@type\":\"SearchAction\",\"target\":{\"@type\":\"EntryPoint\",\"urlTemplate\":\"https:\/\/portal.greekfarms.gov.gr\/fr\/?s={search_term_string}\"},\"query-input\":{\"@type\":\"PropertyValueSpecification\",\"valueRequired\":true,\"valueName\":\"search_term_string\"}}],\"inLanguage\":\"fr-FR\"},{\"@type\":\"Organization\",\"@id\":\"https:\/\/portal.greekfarms.gov.gr\/fr\/#organization\",\"name\":\"\u03a5\u03c0\u03bf\u03c5\u03c1\u03b3\u03b5\u03af\u03bf \u0391\u03b3\u03c1\u03bf\u03c4\u03b9\u03ba\u03ae\u03c2 \u0391\u03bd\u03ac\u03c0\u03c4\u03c5\u03be\u03b7\u03c2 \u03ba\u03b1\u03b9 \u03a4\u03c1\u03bf\u03c6\u03af\u03bc\u03c9\u03bd\",\"url\":\"https:\/\/portal.greekfarms.gov.gr\/fr\/\",\"logo\":{\"@type\":\"ImageObject\",\"inLanguage\":\"fr-FR\",\"@id\":\"https:\/\/portal.greekfarms.gov.gr\/fr\/#\/schema\/logo\/image\/\",\"url\":\"https:\/\/portal.greekfarms.gov.gr\/wp-content\/uploads\/2024\/02\/grfarms_logo_blue@w320px.png\",\"contentUrl\":\"https:\/\/portal.greekfarms.gov.gr\/wp-content\/uploads\/2024\/02\/grfarms_logo_blue@w320px.png\",\"width\":320,\"height\":408,\"caption\":\"\u03a5\u03c0\u03bf\u03c5\u03c1\u03b3\u03b5\u03af\u03bf \u0391\u03b3\u03c1\u03bf\u03c4\u03b9\u03ba\u03ae\u03c2 \u0391\u03bd\u03ac\u03c0\u03c4\u03c5\u03be\u03b7\u03c2 \u03ba\u03b1\u03b9 \u03a4\u03c1\u03bf\u03c6\u03af\u03bc\u03c9\u03bd\"},\"image\":{\"@id\":\"https:\/\/portal.greekfarms.gov.gr\/fr\/#\/schema\/logo\/image\/\"},\"sameAs\":[\"https:\/\/www.facebook.com\/GreekFarmsOfficial\",\"https:\/\/www.instagram.com\/greekfarms_official\/\",\"https:\/\/www.linkedin.com\/company\/greek-farms\/\",\"https:\/\/www.youtube.com\/@GreekFarmsOfficial\"]}]}<\/script>\n<!-- \/ Yoast SEO plugin. -->","yoast_head_json":{"title":"Syst\u00e8me de Recettes - Agriculture invers\u00e9e","robots":{"index":"index","follow":"follow","max-snippet":"max-snippet:-1","max-image-preview":"max-image-preview:large","max-video-preview":"max-video-preview:-1"},"canonical":"https:\/\/portal.greekfarms.gov.gr\/fr\/recipes-landing\/","og_locale":"fr_FR","og_type":"article","og_title":"Syst\u00e8me de Recettes - Agriculture invers\u00e9e","og_description":"La gestion des recettes du r\u00e9gime m\u00e9diterran\u00e9en grec constitue l\u2019un des param\u00e8tres les plus critiques du projet, tant pour la...","og_url":"https:\/\/portal.greekfarms.gov.gr\/fr\/recipes-landing\/","og_site_name":"Agriculture invers\u00e9e","article_publisher":"https:\/\/www.facebook.com\/GreekFarmsOfficial","article_modified_time":"2026-01-29T14:29:03+00:00","twitter_card":"summary_large_image","twitter_misc":{"Dur\u00e9e de lecture estim\u00e9e":"2 minutes"},"schema":{"@context":"https:\/\/schema.org","@graph":[{"@type":"WebPage","@id":"https:\/\/portal.greekfarms.gov.gr\/fr\/recipes-landing\/","url":"https:\/\/portal.greekfarms.gov.gr\/fr\/recipes-landing\/","name":"Syst\u00e8me de Recettes - Agriculture invers\u00e9e","isPartOf":{"@id":"https:\/\/portal.greekfarms.gov.gr\/fr\/#website"},"datePublished":"2025-07-07T09:55:12+00:00","dateModified":"2026-01-29T14:29:03+00:00","breadcrumb":{"@id":"https:\/\/portal.greekfarms.gov.gr\/fr\/recipes-landing\/#breadcrumb"},"inLanguage":"fr-FR","potentialAction":[{"@type":"ReadAction","target":["https:\/\/portal.greekfarms.gov.gr\/fr\/recipes-landing\/"]}]},{"@type":"BreadcrumbList","@id":"https:\/\/portal.greekfarms.gov.gr\/fr\/recipes-landing\/#breadcrumb","itemListElement":[{"@type":"ListItem","position":1,"name":"\u0391\u03c1\u03c7\u03b9\u03ba\u03ae","item":"https:\/\/portal.greekfarms.gov.gr\/fr\/"},{"@type":"ListItem","position":2,"name":"Syst\u00e8me de Recettes"}]},{"@type":"WebSite","@id":"https:\/\/portal.greekfarms.gov.gr\/fr\/#website","url":"https:\/\/portal.greekfarms.gov.gr\/fr\/","name":"\u0395\u03be\u03c9\u03c3\u03c4\u03c1\u03b5\u03c6\u03ae\u03c2 \u0393\u03b5\u03c9\u03c1\u03b3\u03af\u03b1","description":"\u039c\u03b9\u03b1 \u03b4\u03b9\u03b1\u03b4\u03b9\u03ba\u03c4\u03c5\u03b1\u03ba\u03ae \u03c0\u03bb\u03b1\u03c4\u03c6\u03cc\u03c1\u03bc\u03b1 \u03c0\u03bf\u03c5 \u03c3\u03c5\u03bd\u03b4\u03ad\u03b5\u03b9 \u03c4\u03bf\u03bd \u03ba\u03bb\u03ac\u03b4\u03bf \u03c4\u03b7\u03c2 \u03c6\u03b9\u03bb\u03bf\u03be\u03b5\u03bd\u03af\u03b1\u03c2 \u03bc\u03b5 \u0388\u03bb\u03bb\u03b7\u03bd\u03b5\u03c2 \u03c0\u03b1\u03c1\u03b1\u03b3\u03c9\u03b3\u03bf\u03cd\u03c2!","publisher":{"@id":"https:\/\/portal.greekfarms.gov.gr\/fr\/#organization"},"alternateName":"Greek Farms","potentialAction":[{"@type":"SearchAction","target":{"@type":"EntryPoint","urlTemplate":"https:\/\/portal.greekfarms.gov.gr\/fr\/?s={search_term_string}"},"query-input":{"@type":"PropertyValueSpecification","valueRequired":true,"valueName":"search_term_string"}}],"inLanguage":"fr-FR"},{"@type":"Organization","@id":"https:\/\/portal.greekfarms.gov.gr\/fr\/#organization","name":"\u03a5\u03c0\u03bf\u03c5\u03c1\u03b3\u03b5\u03af\u03bf \u0391\u03b3\u03c1\u03bf\u03c4\u03b9\u03ba\u03ae\u03c2 \u0391\u03bd\u03ac\u03c0\u03c4\u03c5\u03be\u03b7\u03c2 \u03ba\u03b1\u03b9 \u03a4\u03c1\u03bf\u03c6\u03af\u03bc\u03c9\u03bd","url":"https:\/\/portal.greekfarms.gov.gr\/fr\/","logo":{"@type":"ImageObject","inLanguage":"fr-FR","@id":"https:\/\/portal.greekfarms.gov.gr\/fr\/#\/schema\/logo\/image\/","url":"https:\/\/portal.greekfarms.gov.gr\/wp-content\/uploads\/2024\/02\/grfarms_logo_blue@w320px.png","contentUrl":"https:\/\/portal.greekfarms.gov.gr\/wp-content\/uploads\/2024\/02\/grfarms_logo_blue@w320px.png","width":320,"height":408,"caption":"\u03a5\u03c0\u03bf\u03c5\u03c1\u03b3\u03b5\u03af\u03bf \u0391\u03b3\u03c1\u03bf\u03c4\u03b9\u03ba\u03ae\u03c2 \u0391\u03bd\u03ac\u03c0\u03c4\u03c5\u03be\u03b7\u03c2 \u03ba\u03b1\u03b9 \u03a4\u03c1\u03bf\u03c6\u03af\u03bc\u03c9\u03bd"},"image":{"@id":"https:\/\/portal.greekfarms.gov.gr\/fr\/#\/schema\/logo\/image\/"},"sameAs":["https:\/\/www.facebook.com\/GreekFarmsOfficial","https:\/\/www.instagram.com\/greekfarms_official\/","https:\/\/www.linkedin.com\/company\/greek-farms\/","https:\/\/www.youtube.com\/@GreekFarmsOfficial"]}]}},"_links":{"self":[{"href":"https:\/\/portal.greekfarms.gov.gr\/fr\/wp-json\/wp\/v2\/pages\/13674","targetHints":{"allow":["GET"]}}],"collection":[{"href":"https:\/\/portal.greekfarms.gov.gr\/fr\/wp-json\/wp\/v2\/pages"}],"about":[{"href":"https:\/\/portal.greekfarms.gov.gr\/fr\/wp-json\/wp\/v2\/types\/page"}],"author":[{"embeddable":true,"href":"https:\/\/portal.greekfarms.gov.gr\/fr\/wp-json\/wp\/v2\/users\/11"}],"replies":[{"embeddable":true,"href":"https:\/\/portal.greekfarms.gov.gr\/fr\/wp-json\/wp\/v2\/comments?post=13674"}],"version-history":[{"count":2,"href":"https:\/\/portal.greekfarms.gov.gr\/fr\/wp-json\/wp\/v2\/pages\/13674\/revisions"}],"predecessor-version":[{"id":19152,"href":"https:\/\/portal.greekfarms.gov.gr\/fr\/wp-json\/wp\/v2\/pages\/13674\/revisions\/19152"}],"wp:attachment":[{"href":"https:\/\/portal.greekfarms.gov.gr\/fr\/wp-json\/wp\/v2\/media?parent=13674"}],"curies":[{"name":"wp","href":"https:\/\/api.w.org\/{rel}","templated":true}]}}