{"id":14891,"date":"2025-04-23T13:51:25","date_gmt":"2025-04-23T13:51:25","guid":{"rendered":"https:\/\/portal.greekfarms.gov.gr\/?page_id=14891"},"modified":"2025-10-02T08:11:26","modified_gmt":"2025-10-02T08:11:26","slug":"greek-farms","status":"publish","type":"page","link":"https:\/\/portal.greekfarms.gov.gr\/fi\/greek-farms\/","title":{"rendered":"Greek Farms"},"content":{"rendered":"\n<p>Tervetuloa Greek Farms -alustalle, jolla p\u00e4\u00e4set tutustumaan kreikkalaisiin tuotteisiin, ihmisiin ja makuihin!<\/p>\n\n\n\n<p>Greek Farms -alusta vie sinut matkalle aitojen kreikkalaisten makujen maailmaan ja johdattaa sinut V\u00e4limeren kuuluisan ruokavalio saloihin.<\/p>\n\n\n\n<p>Alustan tavoitteena on esitell\u00e4 ja jakaa Kreikan rikasta ruokaperint\u00f6\u00e4, joka on erottamattomasti sidoksissa maan historiaan, kulttuuriin ja perinteisiin.<\/p>\n\n\n\n<p>T\u00e4\u00e4ll\u00e4 p\u00e4\u00e4set tutustumaan tuottajiin, jotka valmistavat rakkaudella ja huolella korkealaatuisia kreikkalaisia tuotteita. Laajan audiovisuaalisen materiaalin avulla voit tutustua kunkin tuotteen tarinaan, ravintoarvoihin ja k\u00e4ytt\u00f6tapoihin.<\/p>\n\n\n\n<p>Tavoitteenamme on tukea sek\u00e4 pieni\u00e4 ett\u00e4 suuria kreikkalaisia tuottajia tekem\u00e4\u00e4n tuotteistaan tunnettuja ymp\u00e4ri maailmaa. Samalla haluamme avata uusia kaupallisia mahdollisuuksia ja tuoda yhteen ihmiset, jotka etsiv\u00e4t aitoja makuel\u00e4myksi\u00e4.<\/p>\n\n\n\n<p>Samalla panostamme vahvasti kreikkalaisten tuotteiden aitouden suojelemiseen vilpillisilt\u00e4 k\u00e4yt\u00e4nn\u00f6ilt\u00e4.<\/p>\n\n\n\n<p>Tule kanssamme tutustumaan Kreikan makuihin ja aarteisiin!<\/p>\n","protected":false},"excerpt":{"rendered":"<p>Tervetuloa Greek Farms -alustalle, jolla p\u00e4\u00e4set tutustumaan kreikkalaisiin tuotteisiin, ihmisiin ja makuihin! Greek Farms -alusta vie sinut matkalle aitojen kreikkalaisten&#8230;<\/p>\n","protected":false},"author":16,"featured_media":0,"parent":0,"menu_order":0,"comment_status":"closed","ping_status":"closed","template":"full-width.php","meta":{"inline_featured_image":false,"footnotes":""},"class_list":["post-14891","page","type-page","status-publish","hentry"],"yoast_head":"<!-- This site is optimized with the Yoast SEO plugin v26.9 - https:\/\/yoast.com\/product\/yoast-seo-wordpress\/ -->\n<title>Greek Farms - K\u00e4\u00e4nteinen maatalous<\/title>\n<meta name=\"robots\" content=\"index, follow, max-snippet:-1, max-image-preview:large, max-video-preview:-1\" \/>\n<link rel=\"canonical\" href=\"https:\/\/portal.greekfarms.gov.gr\/fi\/greek-farms\/\" \/>\n<meta property=\"og:locale\" content=\"fi_FI\" \/>\n<meta property=\"og:type\" content=\"article\" \/>\n<meta property=\"og:title\" content=\"Greek Farms - K\u00e4\u00e4nteinen maatalous\" \/>\n<meta property=\"og:description\" content=\"Tervetuloa Greek Farms -alustalle, jolla p\u00e4\u00e4set tutustumaan kreikkalaisiin tuotteisiin, ihmisiin ja makuihin! Greek Farms -alusta vie sinut matkalle aitojen kreikkalaisten...\" \/>\n<meta property=\"og:url\" content=\"https:\/\/portal.greekfarms.gov.gr\/fi\/greek-farms\/\" \/>\n<meta property=\"og:site_name\" content=\"K\u00e4\u00e4nteinen maatalous\" \/>\n<meta property=\"article:publisher\" content=\"https:\/\/www.facebook.com\/GreekFarmsOfficial\" \/>\n<meta property=\"article:modified_time\" content=\"2025-10-02T08:11:26+00:00\" \/>\n<meta name=\"twitter:card\" content=\"summary_large_image\" \/>\n<meta name=\"twitter:label1\" content=\"Arvioitu lukuaika\" \/>\n\t<meta name=\"twitter:data1\" content=\"1 minuutti\" \/>\n<script type=\"application\/ld+json\" class=\"yoast-schema-graph\">{\"@context\":\"https:\/\/schema.org\",\"@graph\":[{\"@type\":\"WebPage\",\"@id\":\"https:\/\/portal.greekfarms.gov.gr\/fi\/greek-farms\/\",\"url\":\"https:\/\/portal.greekfarms.gov.gr\/fi\/greek-farms\/\",\"name\":\"Greek Farms - K\u00e4\u00e4nteinen maatalous\",\"isPartOf\":{\"@id\":\"https:\/\/portal.greekfarms.gov.gr\/fi\/#website\"},\"datePublished\":\"2025-04-23T13:51:25+00:00\",\"dateModified\":\"2025-10-02T08:11:26+00:00\",\"breadcrumb\":{\"@id\":\"https:\/\/portal.greekfarms.gov.gr\/fi\/greek-farms\/#breadcrumb\"},\"inLanguage\":\"fi\",\"potentialAction\":[{\"@type\":\"ReadAction\",\"target\":[\"https:\/\/portal.greekfarms.gov.gr\/fi\/greek-farms\/\"]}]},{\"@type\":\"BreadcrumbList\",\"@id\":\"https:\/\/portal.greekfarms.gov.gr\/fi\/greek-farms\/#breadcrumb\",\"itemListElement\":[{\"@type\":\"ListItem\",\"position\":1,\"name\":\"\u0391\u03c1\u03c7\u03b9\u03ba\u03ae\",\"item\":\"https:\/\/portal.greekfarms.gov.gr\/fi\/\"},{\"@type\":\"ListItem\",\"position\":2,\"name\":\"Greek Farms\"}]},{\"@type\":\"WebSite\",\"@id\":\"https:\/\/portal.greekfarms.gov.gr\/fi\/#website\",\"url\":\"https:\/\/portal.greekfarms.gov.gr\/fi\/\",\"name\":\"\u0395\u03be\u03c9\u03c3\u03c4\u03c1\u03b5\u03c6\u03ae\u03c2 \u0393\u03b5\u03c9\u03c1\u03b3\u03af\u03b1\",\"description\":\"\u039c\u03b9\u03b1 \u03b4\u03b9\u03b1\u03b4\u03b9\u03ba\u03c4\u03c5\u03b1\u03ba\u03ae \u03c0\u03bb\u03b1\u03c4\u03c6\u03cc\u03c1\u03bc\u03b1 \u03c0\u03bf\u03c5 \u03c3\u03c5\u03bd\u03b4\u03ad\u03b5\u03b9 \u03c4\u03bf\u03bd \u03ba\u03bb\u03ac\u03b4\u03bf \u03c4\u03b7\u03c2 \u03c6\u03b9\u03bb\u03bf\u03be\u03b5\u03bd\u03af\u03b1\u03c2 \u03bc\u03b5 \u0388\u03bb\u03bb\u03b7\u03bd\u03b5\u03c2 \u03c0\u03b1\u03c1\u03b1\u03b3\u03c9\u03b3\u03bf\u03cd\u03c2!\",\"publisher\":{\"@id\":\"https:\/\/portal.greekfarms.gov.gr\/fi\/#organization\"},\"alternateName\":\"Greek Farms\",\"potentialAction\":[{\"@type\":\"SearchAction\",\"target\":{\"@type\":\"EntryPoint\",\"urlTemplate\":\"https:\/\/portal.greekfarms.gov.gr\/fi\/?s={search_term_string}\"},\"query-input\":{\"@type\":\"PropertyValueSpecification\",\"valueRequired\":true,\"valueName\":\"search_term_string\"}}],\"inLanguage\":\"fi\"},{\"@type\":\"Organization\",\"@id\":\"https:\/\/portal.greekfarms.gov.gr\/fi\/#organization\",\"name\":\"\u03a5\u03c0\u03bf\u03c5\u03c1\u03b3\u03b5\u03af\u03bf \u0391\u03b3\u03c1\u03bf\u03c4\u03b9\u03ba\u03ae\u03c2 \u0391\u03bd\u03ac\u03c0\u03c4\u03c5\u03be\u03b7\u03c2 \u03ba\u03b1\u03b9 \u03a4\u03c1\u03bf\u03c6\u03af\u03bc\u03c9\u03bd\",\"url\":\"https:\/\/portal.greekfarms.gov.gr\/fi\/\",\"logo\":{\"@type\":\"ImageObject\",\"inLanguage\":\"fi\",\"@id\":\"https:\/\/portal.greekfarms.gov.gr\/fi\/#\/schema\/logo\/image\/\",\"url\":\"https:\/\/portal.greekfarms.gov.gr\/wp-content\/uploads\/2024\/02\/grfarms_logo_blue@w320px.png\",\"contentUrl\":\"https:\/\/portal.greekfarms.gov.gr\/wp-content\/uploads\/2024\/02\/grfarms_logo_blue@w320px.png\",\"width\":320,\"height\":408,\"caption\":\"\u03a5\u03c0\u03bf\u03c5\u03c1\u03b3\u03b5\u03af\u03bf \u0391\u03b3\u03c1\u03bf\u03c4\u03b9\u03ba\u03ae\u03c2 \u0391\u03bd\u03ac\u03c0\u03c4\u03c5\u03be\u03b7\u03c2 \u03ba\u03b1\u03b9 \u03a4\u03c1\u03bf\u03c6\u03af\u03bc\u03c9\u03bd\"},\"image\":{\"@id\":\"https:\/\/portal.greekfarms.gov.gr\/fi\/#\/schema\/logo\/image\/\"},\"sameAs\":[\"https:\/\/www.facebook.com\/GreekFarmsOfficial\",\"https:\/\/www.instagram.com\/greekfarms_official\/\",\"https:\/\/www.linkedin.com\/company\/greek-farms\/\",\"https:\/\/www.youtube.com\/@GreekFarmsOfficial\"]}]}<\/script>\n<!-- \/ Yoast SEO plugin. -->","yoast_head_json":{"title":"Greek Farms - K\u00e4\u00e4nteinen maatalous","robots":{"index":"index","follow":"follow","max-snippet":"max-snippet:-1","max-image-preview":"max-image-preview:large","max-video-preview":"max-video-preview:-1"},"canonical":"https:\/\/portal.greekfarms.gov.gr\/fi\/greek-farms\/","og_locale":"fi_FI","og_type":"article","og_title":"Greek Farms - K\u00e4\u00e4nteinen maatalous","og_description":"Tervetuloa Greek Farms -alustalle, jolla p\u00e4\u00e4set tutustumaan kreikkalaisiin tuotteisiin, ihmisiin ja makuihin! Greek Farms -alusta vie sinut matkalle aitojen kreikkalaisten...","og_url":"https:\/\/portal.greekfarms.gov.gr\/fi\/greek-farms\/","og_site_name":"K\u00e4\u00e4nteinen maatalous","article_publisher":"https:\/\/www.facebook.com\/GreekFarmsOfficial","article_modified_time":"2025-10-02T08:11:26+00:00","twitter_card":"summary_large_image","twitter_misc":{"Arvioitu lukuaika":"1 minuutti"},"schema":{"@context":"https:\/\/schema.org","@graph":[{"@type":"WebPage","@id":"https:\/\/portal.greekfarms.gov.gr\/fi\/greek-farms\/","url":"https:\/\/portal.greekfarms.gov.gr\/fi\/greek-farms\/","name":"Greek Farms - K\u00e4\u00e4nteinen maatalous","isPartOf":{"@id":"https:\/\/portal.greekfarms.gov.gr\/fi\/#website"},"datePublished":"2025-04-23T13:51:25+00:00","dateModified":"2025-10-02T08:11:26+00:00","breadcrumb":{"@id":"https:\/\/portal.greekfarms.gov.gr\/fi\/greek-farms\/#breadcrumb"},"inLanguage":"fi","potentialAction":[{"@type":"ReadAction","target":["https:\/\/portal.greekfarms.gov.gr\/fi\/greek-farms\/"]}]},{"@type":"BreadcrumbList","@id":"https:\/\/portal.greekfarms.gov.gr\/fi\/greek-farms\/#breadcrumb","itemListElement":[{"@type":"ListItem","position":1,"name":"\u0391\u03c1\u03c7\u03b9\u03ba\u03ae","item":"https:\/\/portal.greekfarms.gov.gr\/fi\/"},{"@type":"ListItem","position":2,"name":"Greek Farms"}]},{"@type":"WebSite","@id":"https:\/\/portal.greekfarms.gov.gr\/fi\/#website","url":"https:\/\/portal.greekfarms.gov.gr\/fi\/","name":"\u0395\u03be\u03c9\u03c3\u03c4\u03c1\u03b5\u03c6\u03ae\u03c2 \u0393\u03b5\u03c9\u03c1\u03b3\u03af\u03b1","description":"\u039c\u03b9\u03b1 \u03b4\u03b9\u03b1\u03b4\u03b9\u03ba\u03c4\u03c5\u03b1\u03ba\u03ae \u03c0\u03bb\u03b1\u03c4\u03c6\u03cc\u03c1\u03bc\u03b1 \u03c0\u03bf\u03c5 \u03c3\u03c5\u03bd\u03b4\u03ad\u03b5\u03b9 \u03c4\u03bf\u03bd \u03ba\u03bb\u03ac\u03b4\u03bf \u03c4\u03b7\u03c2 \u03c6\u03b9\u03bb\u03bf\u03be\u03b5\u03bd\u03af\u03b1\u03c2 \u03bc\u03b5 \u0388\u03bb\u03bb\u03b7\u03bd\u03b5\u03c2 \u03c0\u03b1\u03c1\u03b1\u03b3\u03c9\u03b3\u03bf\u03cd\u03c2!","publisher":{"@id":"https:\/\/portal.greekfarms.gov.gr\/fi\/#organization"},"alternateName":"Greek Farms","potentialAction":[{"@type":"SearchAction","target":{"@type":"EntryPoint","urlTemplate":"https:\/\/portal.greekfarms.gov.gr\/fi\/?s={search_term_string}"},"query-input":{"@type":"PropertyValueSpecification","valueRequired":true,"valueName":"search_term_string"}}],"inLanguage":"fi"},{"@type":"Organization","@id":"https:\/\/portal.greekfarms.gov.gr\/fi\/#organization","name":"\u03a5\u03c0\u03bf\u03c5\u03c1\u03b3\u03b5\u03af\u03bf \u0391\u03b3\u03c1\u03bf\u03c4\u03b9\u03ba\u03ae\u03c2 \u0391\u03bd\u03ac\u03c0\u03c4\u03c5\u03be\u03b7\u03c2 \u03ba\u03b1\u03b9 \u03a4\u03c1\u03bf\u03c6\u03af\u03bc\u03c9\u03bd","url":"https:\/\/portal.greekfarms.gov.gr\/fi\/","logo":{"@type":"ImageObject","inLanguage":"fi","@id":"https:\/\/portal.greekfarms.gov.gr\/fi\/#\/schema\/logo\/image\/","url":"https:\/\/portal.greekfarms.gov.gr\/wp-content\/uploads\/2024\/02\/grfarms_logo_blue@w320px.png","contentUrl":"https:\/\/portal.greekfarms.gov.gr\/wp-content\/uploads\/2024\/02\/grfarms_logo_blue@w320px.png","width":320,"height":408,"caption":"\u03a5\u03c0\u03bf\u03c5\u03c1\u03b3\u03b5\u03af\u03bf \u0391\u03b3\u03c1\u03bf\u03c4\u03b9\u03ba\u03ae\u03c2 \u0391\u03bd\u03ac\u03c0\u03c4\u03c5\u03be\u03b7\u03c2 \u03ba\u03b1\u03b9 \u03a4\u03c1\u03bf\u03c6\u03af\u03bc\u03c9\u03bd"},"image":{"@id":"https:\/\/portal.greekfarms.gov.gr\/fi\/#\/schema\/logo\/image\/"},"sameAs":["https:\/\/www.facebook.com\/GreekFarmsOfficial","https:\/\/www.instagram.com\/greekfarms_official\/","https:\/\/www.linkedin.com\/company\/greek-farms\/","https:\/\/www.youtube.com\/@GreekFarmsOfficial"]}]}},"_links":{"self":[{"href":"https:\/\/portal.greekfarms.gov.gr\/fi\/wp-json\/wp\/v2\/pages\/14891","targetHints":{"allow":["GET"]}}],"collection":[{"href":"https:\/\/portal.greekfarms.gov.gr\/fi\/wp-json\/wp\/v2\/pages"}],"about":[{"href":"https:\/\/portal.greekfarms.gov.gr\/fi\/wp-json\/wp\/v2\/types\/page"}],"author":[{"embeddable":true,"href":"https:\/\/portal.greekfarms.gov.gr\/fi\/wp-json\/wp\/v2\/users\/16"}],"replies":[{"embeddable":true,"href":"https:\/\/portal.greekfarms.gov.gr\/fi\/wp-json\/wp\/v2\/comments?post=14891"}],"version-history":[{"count":1,"href":"https:\/\/portal.greekfarms.gov.gr\/fi\/wp-json\/wp\/v2\/pages\/14891\/revisions"}],"predecessor-version":[{"id":14892,"href":"https:\/\/portal.greekfarms.gov.gr\/fi\/wp-json\/wp\/v2\/pages\/14891\/revisions\/14892"}],"wp:attachment":[{"href":"https:\/\/portal.greekfarms.gov.gr\/fi\/wp-json\/wp\/v2\/media?parent=14891"}],"curies":[{"name":"wp","href":"https:\/\/api.w.org\/{rel}","templated":true}]}}