{"id":13689,"date":"2025-07-07T09:55:12","date_gmt":"2025-07-07T09:55:12","guid":{"rendered":"https:\/\/portal.greekfarms.gov.gr\/?page_id=13689"},"modified":"2026-01-29T14:27:21","modified_gmt":"2026-01-29T14:27:21","slug":"recipes-landing","status":"publish","type":"page","link":"https:\/\/portal.greekfarms.gov.gr\/fi\/recipes-landing\/","title":{"rendered":"Reseptij\u00e4rjestelm\u00e4"},"content":{"rendered":"\n<p>Kreikkalaisen V\u00e4limeren ruokavalion reseptien hallinta on yksi hankkeen kriittisimmist\u00e4 osa-alueista sek\u00e4 kreikkalaisen V\u00e4limeren ruokavalion ett\u00e4 Kreikassa tuotettujen tuotteiden edist\u00e4misen kannalta. Hankkeella on suora yhteys digitaalisten messujen alaj\u00e4rjestelm\u00e4ss\u00e4 esitelt\u00e4viin maatalous- ja elintarviketuotteisiin.<\/p>\n\n\n\n<p>Tavoitteen saavuttamiseksi on t\u00e4rke\u00e4\u00e4 yhdist\u00e4\u00e4 kreikkalaisten tuotteiden erityisominaisuudet globaalia kuluttajaa ohjaaviin periaatteisiin, tarpeisiin ja markkinointitekij\u00f6ihin, kuten laatuun, hyvinvointiin, terveytt\u00e4 edist\u00e4viin elintarvikkeisiin ja pitk\u00e4ik\u00e4isyyteen.<\/p>\n\n\n\n<p>Ruoka ja ravitsemus, joiden kautta hanke pyrkii yhdist\u00e4m\u00e4\u00e4n edell\u00e4 mainitut tavoitteet ja keinot, ovat merkitt\u00e4v\u00e4 tekij\u00e4 tavoitteen saavuttamisessa asianmukaisten esittely- ja markkinointitoimenpiteiden avulla.<\/p>\n\n\n\n<p>Keskeisess\u00e4 roolissa on kreikkalaisen tuotannon ja kreikkalaisen ruoan yhdist\u00e4minen kulttuurisiin, kansanperinteisiin, uskonnollisiin, historiallisiin ja matkailullisiin elementteihin, yhdist\u00e4en useita kreikkalaisen yhteiskunnan vahvuuksia ja mahdollisuuksia. Tavoitteena on edelleen viennin kasvattaminen lis\u00e4\u00e4m\u00e4ll\u00e4 kysynt\u00e4\u00e4 maailmanmarkkinoilla korkealaatuisille kreikkalaisille tuotteille.<\/p>\n\n\n\n<p>Portaali pyrkii kaikilla toiminnoillaan luomaan paitsi kuluttajia my\u00f6s kreikkalaisen V\u00e4limeren ruokavalion l\u00e4hettil\u00e4it\u00e4. Miljoonien vuosittaisten vierailijoiden kokemukset toimivat parhaimpina l\u00e4hettil\u00e4in\u00e4 ulkomailla heid\u00e4n ruokakokemustensa perusteella ja muodostavat ensimm\u00e4iset potentiaaliset tulevat kuluttajat palattuaan kotimaihinsa.<br>Greek Farms -portaali pyrkii varmistamaan heid\u00e4n laadukkaan gastronomisen kokemuksensa vierailun aikana sek\u00e4 tarjoamaan heille reseptien ja tuottajahakutoimintojen kautta mahdollisuuden toistaa n\u00e4m\u00e4 kokemukset Kreikan ulkopuolella, lis\u00e4ten kreikkalaisten elintarvikkeiden kulutusta. Maataloustuotannon toimijoita tukevat t\u00e4ydent\u00e4v\u00e4t toimenpiteet integroidaan samaan portaaliin aina samalla tavoitteella: kysynn\u00e4n kasvun ja viennin laajentamisen helpottaminen.<\/p>\n\n\n<a href=\"https:\/\/portal.greekfarms.gov.gr\/fi\/reseptit\/\" class=\"read-more-btn\">Reseptien Portaali<svg id=\"6f4bfa77-4ec3-4f0e-b596-c3c1460c62cf\" data-name=\"Layer 1\" xmlns=\"http:\/\/www.w3.org\/2000\/svg\" viewBox=\"0 0 512 512\"><path d=\"M256,0C114.84,0,0,114.84,0,256S114.84,512,256,512,512,397.16,512,256,397.16,0,256,0Zm79.08,271.08L228.42,377.75a21.33,21.33,0,0,1-30.17-30.17L289.83,256l-91.58-91.58a21.33,21.33,0,1,1,30.17-30.17L335.08,240.92A21.31,21.31,0,0,1,335.08,271.08Z\"><\/path><\/svg><\/a>\n\n\n\n<p><\/p>\n","protected":false},"excerpt":{"rendered":"<p>Kreikkalaisen V\u00e4limeren ruokavalion reseptien hallinta on yksi hankkeen kriittisimmist\u00e4 osa-alueista sek\u00e4 kreikkalaisen V\u00e4limeren ruokavalion ett\u00e4 Kreikassa tuotettujen tuotteiden edist\u00e4misen kannalta&#8230;.<\/p>\n","protected":false},"author":11,"featured_media":0,"parent":0,"menu_order":0,"comment_status":"closed","ping_status":"closed","template":"content-full-width.php","meta":{"inline_featured_image":false,"footnotes":""},"class_list":["post-13689","page","type-page","status-publish","hentry"],"yoast_head":"<!-- This site is optimized with the Yoast SEO plugin v26.9 - https:\/\/yoast.com\/product\/yoast-seo-wordpress\/ -->\n<title>Reseptij\u00e4rjestelm\u00e4 - K\u00e4\u00e4nteinen maatalous<\/title>\n<meta name=\"robots\" content=\"index, follow, max-snippet:-1, max-image-preview:large, max-video-preview:-1\" \/>\n<link rel=\"canonical\" href=\"https:\/\/portal.greekfarms.gov.gr\/fi\/recipes-landing\/\" \/>\n<meta property=\"og:locale\" content=\"fi_FI\" \/>\n<meta property=\"og:type\" content=\"article\" \/>\n<meta property=\"og:title\" content=\"Reseptij\u00e4rjestelm\u00e4 - K\u00e4\u00e4nteinen maatalous\" \/>\n<meta property=\"og:description\" content=\"Kreikkalaisen V\u00e4limeren ruokavalion reseptien hallinta on yksi hankkeen kriittisimmist\u00e4 osa-alueista sek\u00e4 kreikkalaisen V\u00e4limeren ruokavalion ett\u00e4 Kreikassa tuotettujen tuotteiden edist\u00e4misen kannalta....\" \/>\n<meta property=\"og:url\" content=\"https:\/\/portal.greekfarms.gov.gr\/fi\/recipes-landing\/\" \/>\n<meta property=\"og:site_name\" content=\"K\u00e4\u00e4nteinen maatalous\" \/>\n<meta property=\"article:publisher\" content=\"https:\/\/www.facebook.com\/GreekFarmsOfficial\" \/>\n<meta property=\"article:modified_time\" content=\"2026-01-29T14:27:21+00:00\" \/>\n<meta name=\"twitter:card\" content=\"summary_large_image\" \/>\n<meta name=\"twitter:label1\" content=\"Arvioitu lukuaika\" \/>\n\t<meta name=\"twitter:data1\" content=\"2 minuuttia\" \/>\n<script type=\"application\/ld+json\" class=\"yoast-schema-graph\">{\"@context\":\"https:\/\/schema.org\",\"@graph\":[{\"@type\":\"WebPage\",\"@id\":\"https:\/\/portal.greekfarms.gov.gr\/fi\/recipes-landing\/\",\"url\":\"https:\/\/portal.greekfarms.gov.gr\/fi\/recipes-landing\/\",\"name\":\"Reseptij\u00e4rjestelm\u00e4 - K\u00e4\u00e4nteinen maatalous\",\"isPartOf\":{\"@id\":\"https:\/\/portal.greekfarms.gov.gr\/fi\/#website\"},\"datePublished\":\"2025-07-07T09:55:12+00:00\",\"dateModified\":\"2026-01-29T14:27:21+00:00\",\"breadcrumb\":{\"@id\":\"https:\/\/portal.greekfarms.gov.gr\/fi\/recipes-landing\/#breadcrumb\"},\"inLanguage\":\"fi\",\"potentialAction\":[{\"@type\":\"ReadAction\",\"target\":[\"https:\/\/portal.greekfarms.gov.gr\/fi\/recipes-landing\/\"]}]},{\"@type\":\"BreadcrumbList\",\"@id\":\"https:\/\/portal.greekfarms.gov.gr\/fi\/recipes-landing\/#breadcrumb\",\"itemListElement\":[{\"@type\":\"ListItem\",\"position\":1,\"name\":\"\u0391\u03c1\u03c7\u03b9\u03ba\u03ae\",\"item\":\"https:\/\/portal.greekfarms.gov.gr\/fi\/\"},{\"@type\":\"ListItem\",\"position\":2,\"name\":\"Reseptij\u00e4rjestelm\u00e4\"}]},{\"@type\":\"WebSite\",\"@id\":\"https:\/\/portal.greekfarms.gov.gr\/fi\/#website\",\"url\":\"https:\/\/portal.greekfarms.gov.gr\/fi\/\",\"name\":\"\u0395\u03be\u03c9\u03c3\u03c4\u03c1\u03b5\u03c6\u03ae\u03c2 \u0393\u03b5\u03c9\u03c1\u03b3\u03af\u03b1\",\"description\":\"\u039c\u03b9\u03b1 \u03b4\u03b9\u03b1\u03b4\u03b9\u03ba\u03c4\u03c5\u03b1\u03ba\u03ae \u03c0\u03bb\u03b1\u03c4\u03c6\u03cc\u03c1\u03bc\u03b1 \u03c0\u03bf\u03c5 \u03c3\u03c5\u03bd\u03b4\u03ad\u03b5\u03b9 \u03c4\u03bf\u03bd \u03ba\u03bb\u03ac\u03b4\u03bf \u03c4\u03b7\u03c2 \u03c6\u03b9\u03bb\u03bf\u03be\u03b5\u03bd\u03af\u03b1\u03c2 \u03bc\u03b5 \u0388\u03bb\u03bb\u03b7\u03bd\u03b5\u03c2 \u03c0\u03b1\u03c1\u03b1\u03b3\u03c9\u03b3\u03bf\u03cd\u03c2!\",\"publisher\":{\"@id\":\"https:\/\/portal.greekfarms.gov.gr\/fi\/#organization\"},\"alternateName\":\"Greek Farms\",\"potentialAction\":[{\"@type\":\"SearchAction\",\"target\":{\"@type\":\"EntryPoint\",\"urlTemplate\":\"https:\/\/portal.greekfarms.gov.gr\/fi\/?s={search_term_string}\"},\"query-input\":{\"@type\":\"PropertyValueSpecification\",\"valueRequired\":true,\"valueName\":\"search_term_string\"}}],\"inLanguage\":\"fi\"},{\"@type\":\"Organization\",\"@id\":\"https:\/\/portal.greekfarms.gov.gr\/fi\/#organization\",\"name\":\"\u03a5\u03c0\u03bf\u03c5\u03c1\u03b3\u03b5\u03af\u03bf \u0391\u03b3\u03c1\u03bf\u03c4\u03b9\u03ba\u03ae\u03c2 \u0391\u03bd\u03ac\u03c0\u03c4\u03c5\u03be\u03b7\u03c2 \u03ba\u03b1\u03b9 \u03a4\u03c1\u03bf\u03c6\u03af\u03bc\u03c9\u03bd\",\"url\":\"https:\/\/portal.greekfarms.gov.gr\/fi\/\",\"logo\":{\"@type\":\"ImageObject\",\"inLanguage\":\"fi\",\"@id\":\"https:\/\/portal.greekfarms.gov.gr\/fi\/#\/schema\/logo\/image\/\",\"url\":\"https:\/\/portal.greekfarms.gov.gr\/wp-content\/uploads\/2024\/02\/grfarms_logo_blue@w320px.png\",\"contentUrl\":\"https:\/\/portal.greekfarms.gov.gr\/wp-content\/uploads\/2024\/02\/grfarms_logo_blue@w320px.png\",\"width\":320,\"height\":408,\"caption\":\"\u03a5\u03c0\u03bf\u03c5\u03c1\u03b3\u03b5\u03af\u03bf \u0391\u03b3\u03c1\u03bf\u03c4\u03b9\u03ba\u03ae\u03c2 \u0391\u03bd\u03ac\u03c0\u03c4\u03c5\u03be\u03b7\u03c2 \u03ba\u03b1\u03b9 \u03a4\u03c1\u03bf\u03c6\u03af\u03bc\u03c9\u03bd\"},\"image\":{\"@id\":\"https:\/\/portal.greekfarms.gov.gr\/fi\/#\/schema\/logo\/image\/\"},\"sameAs\":[\"https:\/\/www.facebook.com\/GreekFarmsOfficial\",\"https:\/\/www.instagram.com\/greekfarms_official\/\",\"https:\/\/www.linkedin.com\/company\/greek-farms\/\",\"https:\/\/www.youtube.com\/@GreekFarmsOfficial\"]}]}<\/script>\n<!-- \/ Yoast SEO plugin. -->","yoast_head_json":{"title":"Reseptij\u00e4rjestelm\u00e4 - K\u00e4\u00e4nteinen maatalous","robots":{"index":"index","follow":"follow","max-snippet":"max-snippet:-1","max-image-preview":"max-image-preview:large","max-video-preview":"max-video-preview:-1"},"canonical":"https:\/\/portal.greekfarms.gov.gr\/fi\/recipes-landing\/","og_locale":"fi_FI","og_type":"article","og_title":"Reseptij\u00e4rjestelm\u00e4 - K\u00e4\u00e4nteinen maatalous","og_description":"Kreikkalaisen V\u00e4limeren ruokavalion reseptien hallinta on yksi hankkeen kriittisimmist\u00e4 osa-alueista sek\u00e4 kreikkalaisen V\u00e4limeren ruokavalion ett\u00e4 Kreikassa tuotettujen tuotteiden edist\u00e4misen kannalta....","og_url":"https:\/\/portal.greekfarms.gov.gr\/fi\/recipes-landing\/","og_site_name":"K\u00e4\u00e4nteinen maatalous","article_publisher":"https:\/\/www.facebook.com\/GreekFarmsOfficial","article_modified_time":"2026-01-29T14:27:21+00:00","twitter_card":"summary_large_image","twitter_misc":{"Arvioitu lukuaika":"2 minuuttia"},"schema":{"@context":"https:\/\/schema.org","@graph":[{"@type":"WebPage","@id":"https:\/\/portal.greekfarms.gov.gr\/fi\/recipes-landing\/","url":"https:\/\/portal.greekfarms.gov.gr\/fi\/recipes-landing\/","name":"Reseptij\u00e4rjestelm\u00e4 - K\u00e4\u00e4nteinen maatalous","isPartOf":{"@id":"https:\/\/portal.greekfarms.gov.gr\/fi\/#website"},"datePublished":"2025-07-07T09:55:12+00:00","dateModified":"2026-01-29T14:27:21+00:00","breadcrumb":{"@id":"https:\/\/portal.greekfarms.gov.gr\/fi\/recipes-landing\/#breadcrumb"},"inLanguage":"fi","potentialAction":[{"@type":"ReadAction","target":["https:\/\/portal.greekfarms.gov.gr\/fi\/recipes-landing\/"]}]},{"@type":"BreadcrumbList","@id":"https:\/\/portal.greekfarms.gov.gr\/fi\/recipes-landing\/#breadcrumb","itemListElement":[{"@type":"ListItem","position":1,"name":"\u0391\u03c1\u03c7\u03b9\u03ba\u03ae","item":"https:\/\/portal.greekfarms.gov.gr\/fi\/"},{"@type":"ListItem","position":2,"name":"Reseptij\u00e4rjestelm\u00e4"}]},{"@type":"WebSite","@id":"https:\/\/portal.greekfarms.gov.gr\/fi\/#website","url":"https:\/\/portal.greekfarms.gov.gr\/fi\/","name":"\u0395\u03be\u03c9\u03c3\u03c4\u03c1\u03b5\u03c6\u03ae\u03c2 \u0393\u03b5\u03c9\u03c1\u03b3\u03af\u03b1","description":"\u039c\u03b9\u03b1 \u03b4\u03b9\u03b1\u03b4\u03b9\u03ba\u03c4\u03c5\u03b1\u03ba\u03ae \u03c0\u03bb\u03b1\u03c4\u03c6\u03cc\u03c1\u03bc\u03b1 \u03c0\u03bf\u03c5 \u03c3\u03c5\u03bd\u03b4\u03ad\u03b5\u03b9 \u03c4\u03bf\u03bd \u03ba\u03bb\u03ac\u03b4\u03bf \u03c4\u03b7\u03c2 \u03c6\u03b9\u03bb\u03bf\u03be\u03b5\u03bd\u03af\u03b1\u03c2 \u03bc\u03b5 \u0388\u03bb\u03bb\u03b7\u03bd\u03b5\u03c2 \u03c0\u03b1\u03c1\u03b1\u03b3\u03c9\u03b3\u03bf\u03cd\u03c2!","publisher":{"@id":"https:\/\/portal.greekfarms.gov.gr\/fi\/#organization"},"alternateName":"Greek Farms","potentialAction":[{"@type":"SearchAction","target":{"@type":"EntryPoint","urlTemplate":"https:\/\/portal.greekfarms.gov.gr\/fi\/?s={search_term_string}"},"query-input":{"@type":"PropertyValueSpecification","valueRequired":true,"valueName":"search_term_string"}}],"inLanguage":"fi"},{"@type":"Organization","@id":"https:\/\/portal.greekfarms.gov.gr\/fi\/#organization","name":"\u03a5\u03c0\u03bf\u03c5\u03c1\u03b3\u03b5\u03af\u03bf \u0391\u03b3\u03c1\u03bf\u03c4\u03b9\u03ba\u03ae\u03c2 \u0391\u03bd\u03ac\u03c0\u03c4\u03c5\u03be\u03b7\u03c2 \u03ba\u03b1\u03b9 \u03a4\u03c1\u03bf\u03c6\u03af\u03bc\u03c9\u03bd","url":"https:\/\/portal.greekfarms.gov.gr\/fi\/","logo":{"@type":"ImageObject","inLanguage":"fi","@id":"https:\/\/portal.greekfarms.gov.gr\/fi\/#\/schema\/logo\/image\/","url":"https:\/\/portal.greekfarms.gov.gr\/wp-content\/uploads\/2024\/02\/grfarms_logo_blue@w320px.png","contentUrl":"https:\/\/portal.greekfarms.gov.gr\/wp-content\/uploads\/2024\/02\/grfarms_logo_blue@w320px.png","width":320,"height":408,"caption":"\u03a5\u03c0\u03bf\u03c5\u03c1\u03b3\u03b5\u03af\u03bf \u0391\u03b3\u03c1\u03bf\u03c4\u03b9\u03ba\u03ae\u03c2 \u0391\u03bd\u03ac\u03c0\u03c4\u03c5\u03be\u03b7\u03c2 \u03ba\u03b1\u03b9 \u03a4\u03c1\u03bf\u03c6\u03af\u03bc\u03c9\u03bd"},"image":{"@id":"https:\/\/portal.greekfarms.gov.gr\/fi\/#\/schema\/logo\/image\/"},"sameAs":["https:\/\/www.facebook.com\/GreekFarmsOfficial","https:\/\/www.instagram.com\/greekfarms_official\/","https:\/\/www.linkedin.com\/company\/greek-farms\/","https:\/\/www.youtube.com\/@GreekFarmsOfficial"]}]}},"_links":{"self":[{"href":"https:\/\/portal.greekfarms.gov.gr\/fi\/wp-json\/wp\/v2\/pages\/13689","targetHints":{"allow":["GET"]}}],"collection":[{"href":"https:\/\/portal.greekfarms.gov.gr\/fi\/wp-json\/wp\/v2\/pages"}],"about":[{"href":"https:\/\/portal.greekfarms.gov.gr\/fi\/wp-json\/wp\/v2\/types\/page"}],"author":[{"embeddable":true,"href":"https:\/\/portal.greekfarms.gov.gr\/fi\/wp-json\/wp\/v2\/users\/11"}],"replies":[{"embeddable":true,"href":"https:\/\/portal.greekfarms.gov.gr\/fi\/wp-json\/wp\/v2\/comments?post=13689"}],"version-history":[{"count":4,"href":"https:\/\/portal.greekfarms.gov.gr\/fi\/wp-json\/wp\/v2\/pages\/13689\/revisions"}],"predecessor-version":[{"id":19151,"href":"https:\/\/portal.greekfarms.gov.gr\/fi\/wp-json\/wp\/v2\/pages\/13689\/revisions\/19151"}],"wp:attachment":[{"href":"https:\/\/portal.greekfarms.gov.gr\/fi\/wp-json\/wp\/v2\/media?parent=13689"}],"curies":[{"name":"wp","href":"https:\/\/api.w.org\/{rel}","templated":true}]}}