{"id":13668,"date":"2025-05-04T14:41:18","date_gmt":"2025-05-04T14:41:18","guid":{"rendered":"https:\/\/portal.greekfarms.gov.gr\/?page_id=13668"},"modified":"2026-01-29T13:17:57","modified_gmt":"2026-01-29T13:17:57","slug":"exhibition-landing","status":"publish","type":"page","link":"https:\/\/portal.greekfarms.gov.gr\/fi\/exhibition-landing\/","title":{"rendered":"Digitaalinen n\u00e4yttelyj\u00e4rjestelm\u00e4"},"content":{"rendered":"\n<p>J\u00e4rjestelm\u00e4 tukee kahta p\u00e4\u00e4asiallista messutyyppi\u00e4, joihin voivat osallistua sertifioidut n\u00e4ytteilleasettajat ja ostajat, jotka ovat rekister\u00f6ityneet j\u00e4rjestelm\u00e4\u00e4n ja luoneet asianmukaisen yksityiskohtaisen profiilin.<br>J\u00e4rjestelm\u00e4n tukemat messutyypit ovat seuraavat:<\/p>\n\n\n\n<p><strong>1) Jatkuva virtuaalinen tuottaja\u2013tuoten\u00e4yttely<\/strong><br>T\u00e4m\u00e4 n\u00e4yttely on pysyv\u00e4 virtuaalinen n\u00e4yttely, jossa kaikki sertifioidut n\u00e4ytteilleasettajat osallistuvat j\u00e4rjestelm\u00e4\u00e4n luomallaan perusprofiililla esitellen yksityiskohtaisesti tuotteensa ja toimintansa yleisesti.<\/p>\n\n\n\n<p><strong>2) Erikoistuneet virtuaaliset n\u00e4yttelyt, jotka j\u00e4rjestet\u00e4\u00e4n tiettyin\u00e4 ajanjaksoina<\/strong><br>N\u00e4m\u00e4 n\u00e4yttelyt ovat erikoistuneempia. Ne luodaan dynaamisesti n\u00e4yttelyiden hallintaj\u00e4rjestelm\u00e4ss\u00e4 ja niill\u00e4 on erityispiirteit\u00e4, kuten:<\/p>\n\n\n\n<ul class=\"wp-block-list\">\n<li>m\u00e4\u00e4ritelty kesto (alkamis- ja p\u00e4\u00e4ttymisp\u00e4iv\u00e4)<\/li>\n\n\n\n<li>ne voivat koskea tiettyj\u00e4 tuotteita tai tuoteryhmi\u00e4 (esim. viinin\u00e4yttely)<\/li>\n\n\n\n<li>j\u00e4rjestelm\u00e4\u00e4n sertifioidut n\u00e4ytteilleasettajat ilmoittavat erikseen osallistumisensa (kaikki sertifioidut eiv\u00e4t osallistu automaattisesti). Osallistujat luovat erityisen profiilin kyseist\u00e4 n\u00e4yttely\u00e4 varten esitellen n\u00e4yttelyn tukemia tuoteryhmi\u00e4.<\/li>\n<\/ul>\n\n\n\n<p>Digitaalinen messualusta tukee virtuaalisten n\u00e4yttelyiden lis\u00e4ksi my\u00f6s fyysisi\u00e4 messuja tai hybriditapahtumia, jotka sis\u00e4lt\u00e4v\u00e4t:<\/p>\n\n\n\n<ul class=\"wp-block-list\">\n<li>Fyysisen messun messutilassa, jossa n\u00e4ytteilleasettajat osallistuvat paikan p\u00e4\u00e4ll\u00e4 esitellen tuotteitaan<\/li>\n\n\n\n<li>Rinnakkaisen virtuaalin\u00e4yttelyn, jossa n\u00e4ytteilleasettajat esittelev\u00e4t tuotteensa alustan profiilin kautta<\/li>\n\n\n\n<li>Ostajia, jotka vierailevat fyysisess\u00e4 n\u00e4yttelyss\u00e4 ja voivat rekister\u00f6itymisen j\u00e4lkeen etsi\u00e4 tuottajia ja tuotteita sek\u00e4 j\u00e4rjest\u00e4\u00e4 fyysisi\u00e4 tapaamisia tuottajien kanssa alustan kautta ennen n\u00e4yttely\u00e4<\/li>\n\n\n\n<li>Ostajia, jotka eiv\u00e4t vieraile fyysisess\u00e4 n\u00e4yttelyss\u00e4, mutta voivat tuotteita ja n\u00e4ytteilleasettajia etsitty\u00e4\u00e4n j\u00e4rjest\u00e4\u00e4 virtuaalisia tapaamisia videoneuvottelun tai chatin kautta alustan tarjoamien ty\u00f6kalujen avulla.<\/li>\n<\/ul>\n\n\n<a href=\"https:\/\/apps.greekfarms.gov.gr\/VirtualExpo\/frmBase.zul?lang=fi\" class=\"read-more-btn\">Sovelluksen kirjautuminen<svg id=\"6f4bfa77-4ec3-4f0e-b596-c3c1460c62cf\" data-name=\"Layer 1\" xmlns=\"http:\/\/www.w3.org\/2000\/svg\" viewBox=\"0 0 512 512\"><path d=\"M256,0C114.84,0,0,114.84,0,256S114.84,512,256,512,512,397.16,512,256,397.16,0,256,0Zm79.08,271.08L228.42,377.75a21.33,21.33,0,0,1-30.17-30.17L289.83,256l-91.58-91.58a21.33,21.33,0,1,1,30.17-30.17L335.08,240.92A21.31,21.31,0,0,1,335.08,271.08Z\"><\/path><\/svg><\/a>\n","protected":false},"excerpt":{"rendered":"<p>J\u00e4rjestelm\u00e4 tukee kahta p\u00e4\u00e4asiallista messutyyppi\u00e4, joihin voivat osallistua sertifioidut n\u00e4ytteilleasettajat ja ostajat, jotka ovat rekister\u00f6ityneet j\u00e4rjestelm\u00e4\u00e4n ja luoneet asianmukaisen yksityiskohtaisen&#8230;<\/p>\n","protected":false},"author":11,"featured_media":0,"parent":0,"menu_order":0,"comment_status":"closed","ping_status":"closed","template":"content-full-width.php","meta":{"inline_featured_image":false,"footnotes":""},"class_list":["post-13668","page","type-page","status-publish","hentry"],"yoast_head":"<!-- This site is optimized with the Yoast SEO plugin v26.9 - https:\/\/yoast.com\/product\/yoast-seo-wordpress\/ -->\n<title>Digitaalinen n\u00e4yttelyj\u00e4rjestelm\u00e4 - K\u00e4\u00e4nteinen maatalous<\/title>\n<meta name=\"robots\" content=\"index, follow, max-snippet:-1, max-image-preview:large, max-video-preview:-1\" \/>\n<link rel=\"canonical\" href=\"https:\/\/portal.greekfarms.gov.gr\/fi\/exhibition-landing\/\" \/>\n<meta property=\"og:locale\" content=\"fi_FI\" \/>\n<meta property=\"og:type\" content=\"article\" \/>\n<meta property=\"og:title\" content=\"Digitaalinen n\u00e4yttelyj\u00e4rjestelm\u00e4 - K\u00e4\u00e4nteinen maatalous\" \/>\n<meta property=\"og:description\" content=\"J\u00e4rjestelm\u00e4 tukee kahta p\u00e4\u00e4asiallista messutyyppi\u00e4, joihin voivat osallistua sertifioidut n\u00e4ytteilleasettajat ja ostajat, jotka ovat rekister\u00f6ityneet j\u00e4rjestelm\u00e4\u00e4n ja luoneet asianmukaisen yksityiskohtaisen...\" \/>\n<meta property=\"og:url\" content=\"https:\/\/portal.greekfarms.gov.gr\/fi\/exhibition-landing\/\" \/>\n<meta property=\"og:site_name\" content=\"K\u00e4\u00e4nteinen maatalous\" \/>\n<meta property=\"article:publisher\" content=\"https:\/\/www.facebook.com\/GreekFarmsOfficial\" \/>\n<meta property=\"article:modified_time\" content=\"2026-01-29T13:17:57+00:00\" \/>\n<meta name=\"twitter:card\" content=\"summary_large_image\" \/>\n<meta name=\"twitter:label1\" content=\"Arvioitu lukuaika\" \/>\n\t<meta name=\"twitter:data1\" content=\"2 minuuttia\" \/>\n<script type=\"application\/ld+json\" class=\"yoast-schema-graph\">{\"@context\":\"https:\/\/schema.org\",\"@graph\":[{\"@type\":\"WebPage\",\"@id\":\"https:\/\/portal.greekfarms.gov.gr\/fi\/exhibition-landing\/\",\"url\":\"https:\/\/portal.greekfarms.gov.gr\/fi\/exhibition-landing\/\",\"name\":\"Digitaalinen n\u00e4yttelyj\u00e4rjestelm\u00e4 - K\u00e4\u00e4nteinen maatalous\",\"isPartOf\":{\"@id\":\"https:\/\/portal.greekfarms.gov.gr\/fi\/#website\"},\"datePublished\":\"2025-05-04T14:41:18+00:00\",\"dateModified\":\"2026-01-29T13:17:57+00:00\",\"breadcrumb\":{\"@id\":\"https:\/\/portal.greekfarms.gov.gr\/fi\/exhibition-landing\/#breadcrumb\"},\"inLanguage\":\"fi\",\"potentialAction\":[{\"@type\":\"ReadAction\",\"target\":[\"https:\/\/portal.greekfarms.gov.gr\/fi\/exhibition-landing\/\"]}]},{\"@type\":\"BreadcrumbList\",\"@id\":\"https:\/\/portal.greekfarms.gov.gr\/fi\/exhibition-landing\/#breadcrumb\",\"itemListElement\":[{\"@type\":\"ListItem\",\"position\":1,\"name\":\"\u0391\u03c1\u03c7\u03b9\u03ba\u03ae\",\"item\":\"https:\/\/portal.greekfarms.gov.gr\/fi\/\"},{\"@type\":\"ListItem\",\"position\":2,\"name\":\"Digitaalinen n\u00e4yttelyj\u00e4rjestelm\u00e4\"}]},{\"@type\":\"WebSite\",\"@id\":\"https:\/\/portal.greekfarms.gov.gr\/fi\/#website\",\"url\":\"https:\/\/portal.greekfarms.gov.gr\/fi\/\",\"name\":\"\u0395\u03be\u03c9\u03c3\u03c4\u03c1\u03b5\u03c6\u03ae\u03c2 \u0393\u03b5\u03c9\u03c1\u03b3\u03af\u03b1\",\"description\":\"\u039c\u03b9\u03b1 \u03b4\u03b9\u03b1\u03b4\u03b9\u03ba\u03c4\u03c5\u03b1\u03ba\u03ae \u03c0\u03bb\u03b1\u03c4\u03c6\u03cc\u03c1\u03bc\u03b1 \u03c0\u03bf\u03c5 \u03c3\u03c5\u03bd\u03b4\u03ad\u03b5\u03b9 \u03c4\u03bf\u03bd \u03ba\u03bb\u03ac\u03b4\u03bf \u03c4\u03b7\u03c2 \u03c6\u03b9\u03bb\u03bf\u03be\u03b5\u03bd\u03af\u03b1\u03c2 \u03bc\u03b5 \u0388\u03bb\u03bb\u03b7\u03bd\u03b5\u03c2 \u03c0\u03b1\u03c1\u03b1\u03b3\u03c9\u03b3\u03bf\u03cd\u03c2!\",\"publisher\":{\"@id\":\"https:\/\/portal.greekfarms.gov.gr\/fi\/#organization\"},\"alternateName\":\"Greek Farms\",\"potentialAction\":[{\"@type\":\"SearchAction\",\"target\":{\"@type\":\"EntryPoint\",\"urlTemplate\":\"https:\/\/portal.greekfarms.gov.gr\/fi\/?s={search_term_string}\"},\"query-input\":{\"@type\":\"PropertyValueSpecification\",\"valueRequired\":true,\"valueName\":\"search_term_string\"}}],\"inLanguage\":\"fi\"},{\"@type\":\"Organization\",\"@id\":\"https:\/\/portal.greekfarms.gov.gr\/fi\/#organization\",\"name\":\"\u03a5\u03c0\u03bf\u03c5\u03c1\u03b3\u03b5\u03af\u03bf \u0391\u03b3\u03c1\u03bf\u03c4\u03b9\u03ba\u03ae\u03c2 \u0391\u03bd\u03ac\u03c0\u03c4\u03c5\u03be\u03b7\u03c2 \u03ba\u03b1\u03b9 \u03a4\u03c1\u03bf\u03c6\u03af\u03bc\u03c9\u03bd\",\"url\":\"https:\/\/portal.greekfarms.gov.gr\/fi\/\",\"logo\":{\"@type\":\"ImageObject\",\"inLanguage\":\"fi\",\"@id\":\"https:\/\/portal.greekfarms.gov.gr\/fi\/#\/schema\/logo\/image\/\",\"url\":\"https:\/\/portal.greekfarms.gov.gr\/wp-content\/uploads\/2024\/02\/grfarms_logo_blue@w320px.png\",\"contentUrl\":\"https:\/\/portal.greekfarms.gov.gr\/wp-content\/uploads\/2024\/02\/grfarms_logo_blue@w320px.png\",\"width\":320,\"height\":408,\"caption\":\"\u03a5\u03c0\u03bf\u03c5\u03c1\u03b3\u03b5\u03af\u03bf \u0391\u03b3\u03c1\u03bf\u03c4\u03b9\u03ba\u03ae\u03c2 \u0391\u03bd\u03ac\u03c0\u03c4\u03c5\u03be\u03b7\u03c2 \u03ba\u03b1\u03b9 \u03a4\u03c1\u03bf\u03c6\u03af\u03bc\u03c9\u03bd\"},\"image\":{\"@id\":\"https:\/\/portal.greekfarms.gov.gr\/fi\/#\/schema\/logo\/image\/\"},\"sameAs\":[\"https:\/\/www.facebook.com\/GreekFarmsOfficial\",\"https:\/\/www.instagram.com\/greekfarms_official\/\",\"https:\/\/www.linkedin.com\/company\/greek-farms\/\",\"https:\/\/www.youtube.com\/@GreekFarmsOfficial\"]}]}<\/script>\n<!-- \/ Yoast SEO plugin. -->","yoast_head_json":{"title":"Digitaalinen n\u00e4yttelyj\u00e4rjestelm\u00e4 - K\u00e4\u00e4nteinen maatalous","robots":{"index":"index","follow":"follow","max-snippet":"max-snippet:-1","max-image-preview":"max-image-preview:large","max-video-preview":"max-video-preview:-1"},"canonical":"https:\/\/portal.greekfarms.gov.gr\/fi\/exhibition-landing\/","og_locale":"fi_FI","og_type":"article","og_title":"Digitaalinen n\u00e4yttelyj\u00e4rjestelm\u00e4 - K\u00e4\u00e4nteinen maatalous","og_description":"J\u00e4rjestelm\u00e4 tukee kahta p\u00e4\u00e4asiallista messutyyppi\u00e4, joihin voivat osallistua sertifioidut n\u00e4ytteilleasettajat ja ostajat, jotka ovat rekister\u00f6ityneet j\u00e4rjestelm\u00e4\u00e4n ja luoneet asianmukaisen yksityiskohtaisen...","og_url":"https:\/\/portal.greekfarms.gov.gr\/fi\/exhibition-landing\/","og_site_name":"K\u00e4\u00e4nteinen maatalous","article_publisher":"https:\/\/www.facebook.com\/GreekFarmsOfficial","article_modified_time":"2026-01-29T13:17:57+00:00","twitter_card":"summary_large_image","twitter_misc":{"Arvioitu lukuaika":"2 minuuttia"},"schema":{"@context":"https:\/\/schema.org","@graph":[{"@type":"WebPage","@id":"https:\/\/portal.greekfarms.gov.gr\/fi\/exhibition-landing\/","url":"https:\/\/portal.greekfarms.gov.gr\/fi\/exhibition-landing\/","name":"Digitaalinen n\u00e4yttelyj\u00e4rjestelm\u00e4 - K\u00e4\u00e4nteinen maatalous","isPartOf":{"@id":"https:\/\/portal.greekfarms.gov.gr\/fi\/#website"},"datePublished":"2025-05-04T14:41:18+00:00","dateModified":"2026-01-29T13:17:57+00:00","breadcrumb":{"@id":"https:\/\/portal.greekfarms.gov.gr\/fi\/exhibition-landing\/#breadcrumb"},"inLanguage":"fi","potentialAction":[{"@type":"ReadAction","target":["https:\/\/portal.greekfarms.gov.gr\/fi\/exhibition-landing\/"]}]},{"@type":"BreadcrumbList","@id":"https:\/\/portal.greekfarms.gov.gr\/fi\/exhibition-landing\/#breadcrumb","itemListElement":[{"@type":"ListItem","position":1,"name":"\u0391\u03c1\u03c7\u03b9\u03ba\u03ae","item":"https:\/\/portal.greekfarms.gov.gr\/fi\/"},{"@type":"ListItem","position":2,"name":"Digitaalinen n\u00e4yttelyj\u00e4rjestelm\u00e4"}]},{"@type":"WebSite","@id":"https:\/\/portal.greekfarms.gov.gr\/fi\/#website","url":"https:\/\/portal.greekfarms.gov.gr\/fi\/","name":"\u0395\u03be\u03c9\u03c3\u03c4\u03c1\u03b5\u03c6\u03ae\u03c2 \u0393\u03b5\u03c9\u03c1\u03b3\u03af\u03b1","description":"\u039c\u03b9\u03b1 \u03b4\u03b9\u03b1\u03b4\u03b9\u03ba\u03c4\u03c5\u03b1\u03ba\u03ae \u03c0\u03bb\u03b1\u03c4\u03c6\u03cc\u03c1\u03bc\u03b1 \u03c0\u03bf\u03c5 \u03c3\u03c5\u03bd\u03b4\u03ad\u03b5\u03b9 \u03c4\u03bf\u03bd \u03ba\u03bb\u03ac\u03b4\u03bf \u03c4\u03b7\u03c2 \u03c6\u03b9\u03bb\u03bf\u03be\u03b5\u03bd\u03af\u03b1\u03c2 \u03bc\u03b5 \u0388\u03bb\u03bb\u03b7\u03bd\u03b5\u03c2 \u03c0\u03b1\u03c1\u03b1\u03b3\u03c9\u03b3\u03bf\u03cd\u03c2!","publisher":{"@id":"https:\/\/portal.greekfarms.gov.gr\/fi\/#organization"},"alternateName":"Greek Farms","potentialAction":[{"@type":"SearchAction","target":{"@type":"EntryPoint","urlTemplate":"https:\/\/portal.greekfarms.gov.gr\/fi\/?s={search_term_string}"},"query-input":{"@type":"PropertyValueSpecification","valueRequired":true,"valueName":"search_term_string"}}],"inLanguage":"fi"},{"@type":"Organization","@id":"https:\/\/portal.greekfarms.gov.gr\/fi\/#organization","name":"\u03a5\u03c0\u03bf\u03c5\u03c1\u03b3\u03b5\u03af\u03bf \u0391\u03b3\u03c1\u03bf\u03c4\u03b9\u03ba\u03ae\u03c2 \u0391\u03bd\u03ac\u03c0\u03c4\u03c5\u03be\u03b7\u03c2 \u03ba\u03b1\u03b9 \u03a4\u03c1\u03bf\u03c6\u03af\u03bc\u03c9\u03bd","url":"https:\/\/portal.greekfarms.gov.gr\/fi\/","logo":{"@type":"ImageObject","inLanguage":"fi","@id":"https:\/\/portal.greekfarms.gov.gr\/fi\/#\/schema\/logo\/image\/","url":"https:\/\/portal.greekfarms.gov.gr\/wp-content\/uploads\/2024\/02\/grfarms_logo_blue@w320px.png","contentUrl":"https:\/\/portal.greekfarms.gov.gr\/wp-content\/uploads\/2024\/02\/grfarms_logo_blue@w320px.png","width":320,"height":408,"caption":"\u03a5\u03c0\u03bf\u03c5\u03c1\u03b3\u03b5\u03af\u03bf \u0391\u03b3\u03c1\u03bf\u03c4\u03b9\u03ba\u03ae\u03c2 \u0391\u03bd\u03ac\u03c0\u03c4\u03c5\u03be\u03b7\u03c2 \u03ba\u03b1\u03b9 \u03a4\u03c1\u03bf\u03c6\u03af\u03bc\u03c9\u03bd"},"image":{"@id":"https:\/\/portal.greekfarms.gov.gr\/fi\/#\/schema\/logo\/image\/"},"sameAs":["https:\/\/www.facebook.com\/GreekFarmsOfficial","https:\/\/www.instagram.com\/greekfarms_official\/","https:\/\/www.linkedin.com\/company\/greek-farms\/","https:\/\/www.youtube.com\/@GreekFarmsOfficial"]}]}},"_links":{"self":[{"href":"https:\/\/portal.greekfarms.gov.gr\/fi\/wp-json\/wp\/v2\/pages\/13668","targetHints":{"allow":["GET"]}}],"collection":[{"href":"https:\/\/portal.greekfarms.gov.gr\/fi\/wp-json\/wp\/v2\/pages"}],"about":[{"href":"https:\/\/portal.greekfarms.gov.gr\/fi\/wp-json\/wp\/v2\/types\/page"}],"author":[{"embeddable":true,"href":"https:\/\/portal.greekfarms.gov.gr\/fi\/wp-json\/wp\/v2\/users\/11"}],"replies":[{"embeddable":true,"href":"https:\/\/portal.greekfarms.gov.gr\/fi\/wp-json\/wp\/v2\/comments?post=13668"}],"version-history":[{"count":2,"href":"https:\/\/portal.greekfarms.gov.gr\/fi\/wp-json\/wp\/v2\/pages\/13668\/revisions"}],"predecessor-version":[{"id":19136,"href":"https:\/\/portal.greekfarms.gov.gr\/fi\/wp-json\/wp\/v2\/pages\/13668\/revisions\/19136"}],"wp:attachment":[{"href":"https:\/\/portal.greekfarms.gov.gr\/fi\/wp-json\/wp\/v2\/media?parent=13668"}],"curies":[{"name":"wp","href":"https:\/\/api.w.org\/{rel}","templated":true}]}}