{"id":14889,"date":"2025-04-23T13:51:25","date_gmt":"2025-04-23T13:51:25","guid":{"rendered":"https:\/\/portal.greekfarms.gov.gr\/?page_id=14889"},"modified":"2025-10-02T08:10:57","modified_gmt":"2025-10-02T08:10:57","slug":"greek-farms","status":"publish","type":"page","link":"https:\/\/portal.greekfarms.gov.gr\/de\/greek-farms\/","title":{"rendered":"Greek Farms"},"content":{"rendered":"\n<p>Willkommen bei Greek Farms \u2013 der Plattform, die die Produkte, die Menschen und den Geschmack Griechenlands pr\u00e4sentiert!<\/p>\n\n\n\n<p>Greek Farms wurde mit dem Ziel gegr\u00fcndet, Sie auf eine Reise in die Welt authentischer griechischer Aromen mitzunehmen und Sie in die Geheimnisse unserer ber\u00fchmten mediterranen Ern\u00e4hrung einzuweihen.<\/p>\n\n\n\n<p>Ihr Anliegen ist es, unser reiches kulinarisches Erbe hervorzuheben und zu verbreiten, das untrennbar mit der Geschichte, der Kultur und den Traditionen Griechenlands verbunden ist.<\/p>\n\n\n\n<p>Hier haben Sie die Gelegenheit, die Produzenten kennenzulernen, die mit Liebe und Hingabe hochwertige griechische Produkte herstellen. Mithilfe des umfangreichen audiovisuellen Materials k\u00f6nnen Sie die Geschichte hinter jedem Produkt, seine wertvollen Inhaltsstoffe und seine Verwendungsm\u00f6glichkeiten entdecken.<\/p>\n\n\n\n<p>Unser Bestreben ist es, griechische Produzenten, kleine wie gro\u00dfe, zu unterst\u00fctzen, ihre Produkte weltweit bekannt zu machen, um neue Gesch\u00e4ftsm\u00f6glichkeiten zu er\u00f6ffnen und Menschen zusammenzubringen, die den authentischen Geschmack suchen.<\/p>\n\n\n\n<p>Gleichzeitig wird ein besonderer Wert auf den Schutz der Authentizit\u00e4t griechischer Produkte vor irref\u00fchrenden Praktiken gelegt.<\/p>\n\n\n\n<p>Kommen Sie und lassen Sie uns gemeinsam die Aromen und Sch\u00e4tze Griechenlands kennenlernen!<\/p>\n","protected":false},"excerpt":{"rendered":"<p>Willkommen bei Greek Farms \u2013 der Plattform, die die Produkte, die Menschen und den Geschmack Griechenlands pr\u00e4sentiert! Greek Farms wurde&#8230;<\/p>\n","protected":false},"author":16,"featured_media":0,"parent":0,"menu_order":0,"comment_status":"closed","ping_status":"closed","template":"full-width.php","meta":{"inline_featured_image":false,"footnotes":""},"class_list":["post-14889","page","type-page","status-publish","hentry"],"yoast_head":"<!-- This site is optimized with the Yoast SEO plugin v26.9 - https:\/\/yoast.com\/product\/yoast-seo-wordpress\/ -->\n<title>Greek Farms - Umgekehrte Landwirtschaft<\/title>\n<meta name=\"robots\" content=\"index, follow, max-snippet:-1, max-image-preview:large, max-video-preview:-1\" \/>\n<link rel=\"canonical\" href=\"https:\/\/portal.greekfarms.gov.gr\/de\/greek-farms\/\" \/>\n<meta property=\"og:locale\" content=\"de_DE\" \/>\n<meta property=\"og:type\" content=\"article\" \/>\n<meta property=\"og:title\" content=\"Greek Farms - Umgekehrte Landwirtschaft\" \/>\n<meta property=\"og:description\" content=\"Willkommen bei Greek Farms \u2013 der Plattform, die die Produkte, die Menschen und den Geschmack Griechenlands pr\u00e4sentiert! Greek Farms wurde...\" \/>\n<meta property=\"og:url\" content=\"https:\/\/portal.greekfarms.gov.gr\/de\/greek-farms\/\" \/>\n<meta property=\"og:site_name\" content=\"Umgekehrte Landwirtschaft\" \/>\n<meta property=\"article:publisher\" content=\"https:\/\/www.facebook.com\/GreekFarmsOfficial\" \/>\n<meta property=\"article:modified_time\" content=\"2025-10-02T08:10:57+00:00\" \/>\n<meta name=\"twitter:card\" content=\"summary_large_image\" \/>\n<meta name=\"twitter:label1\" content=\"Gesch\u00e4tzte Lesezeit\" \/>\n\t<meta name=\"twitter:data1\" content=\"1\u00a0Minute\" \/>\n<script type=\"application\/ld+json\" class=\"yoast-schema-graph\">{\"@context\":\"https:\/\/schema.org\",\"@graph\":[{\"@type\":\"WebPage\",\"@id\":\"https:\/\/portal.greekfarms.gov.gr\/de\/greek-farms\/\",\"url\":\"https:\/\/portal.greekfarms.gov.gr\/de\/greek-farms\/\",\"name\":\"Greek Farms - Umgekehrte Landwirtschaft\",\"isPartOf\":{\"@id\":\"https:\/\/portal.greekfarms.gov.gr\/de\/#website\"},\"datePublished\":\"2025-04-23T13:51:25+00:00\",\"dateModified\":\"2025-10-02T08:10:57+00:00\",\"breadcrumb\":{\"@id\":\"https:\/\/portal.greekfarms.gov.gr\/de\/greek-farms\/#breadcrumb\"},\"inLanguage\":\"de\",\"potentialAction\":[{\"@type\":\"ReadAction\",\"target\":[\"https:\/\/portal.greekfarms.gov.gr\/de\/greek-farms\/\"]}]},{\"@type\":\"BreadcrumbList\",\"@id\":\"https:\/\/portal.greekfarms.gov.gr\/de\/greek-farms\/#breadcrumb\",\"itemListElement\":[{\"@type\":\"ListItem\",\"position\":1,\"name\":\"\u0391\u03c1\u03c7\u03b9\u03ba\u03ae\",\"item\":\"https:\/\/portal.greekfarms.gov.gr\/de\/\"},{\"@type\":\"ListItem\",\"position\":2,\"name\":\"Greek Farms\"}]},{\"@type\":\"WebSite\",\"@id\":\"https:\/\/portal.greekfarms.gov.gr\/de\/#website\",\"url\":\"https:\/\/portal.greekfarms.gov.gr\/de\/\",\"name\":\"\u0395\u03be\u03c9\u03c3\u03c4\u03c1\u03b5\u03c6\u03ae\u03c2 \u0393\u03b5\u03c9\u03c1\u03b3\u03af\u03b1\",\"description\":\"\u039c\u03b9\u03b1 \u03b4\u03b9\u03b1\u03b4\u03b9\u03ba\u03c4\u03c5\u03b1\u03ba\u03ae \u03c0\u03bb\u03b1\u03c4\u03c6\u03cc\u03c1\u03bc\u03b1 \u03c0\u03bf\u03c5 \u03c3\u03c5\u03bd\u03b4\u03ad\u03b5\u03b9 \u03c4\u03bf\u03bd \u03ba\u03bb\u03ac\u03b4\u03bf \u03c4\u03b7\u03c2 \u03c6\u03b9\u03bb\u03bf\u03be\u03b5\u03bd\u03af\u03b1\u03c2 \u03bc\u03b5 \u0388\u03bb\u03bb\u03b7\u03bd\u03b5\u03c2 \u03c0\u03b1\u03c1\u03b1\u03b3\u03c9\u03b3\u03bf\u03cd\u03c2!\",\"publisher\":{\"@id\":\"https:\/\/portal.greekfarms.gov.gr\/de\/#organization\"},\"alternateName\":\"Greek Farms\",\"potentialAction\":[{\"@type\":\"SearchAction\",\"target\":{\"@type\":\"EntryPoint\",\"urlTemplate\":\"https:\/\/portal.greekfarms.gov.gr\/de\/?s={search_term_string}\"},\"query-input\":{\"@type\":\"PropertyValueSpecification\",\"valueRequired\":true,\"valueName\":\"search_term_string\"}}],\"inLanguage\":\"de\"},{\"@type\":\"Organization\",\"@id\":\"https:\/\/portal.greekfarms.gov.gr\/de\/#organization\",\"name\":\"\u03a5\u03c0\u03bf\u03c5\u03c1\u03b3\u03b5\u03af\u03bf \u0391\u03b3\u03c1\u03bf\u03c4\u03b9\u03ba\u03ae\u03c2 \u0391\u03bd\u03ac\u03c0\u03c4\u03c5\u03be\u03b7\u03c2 \u03ba\u03b1\u03b9 \u03a4\u03c1\u03bf\u03c6\u03af\u03bc\u03c9\u03bd\",\"url\":\"https:\/\/portal.greekfarms.gov.gr\/de\/\",\"logo\":{\"@type\":\"ImageObject\",\"inLanguage\":\"de\",\"@id\":\"https:\/\/portal.greekfarms.gov.gr\/de\/#\/schema\/logo\/image\/\",\"url\":\"https:\/\/portal.greekfarms.gov.gr\/wp-content\/uploads\/2024\/02\/grfarms_logo_blue@w320px.png\",\"contentUrl\":\"https:\/\/portal.greekfarms.gov.gr\/wp-content\/uploads\/2024\/02\/grfarms_logo_blue@w320px.png\",\"width\":320,\"height\":408,\"caption\":\"\u03a5\u03c0\u03bf\u03c5\u03c1\u03b3\u03b5\u03af\u03bf \u0391\u03b3\u03c1\u03bf\u03c4\u03b9\u03ba\u03ae\u03c2 \u0391\u03bd\u03ac\u03c0\u03c4\u03c5\u03be\u03b7\u03c2 \u03ba\u03b1\u03b9 \u03a4\u03c1\u03bf\u03c6\u03af\u03bc\u03c9\u03bd\"},\"image\":{\"@id\":\"https:\/\/portal.greekfarms.gov.gr\/de\/#\/schema\/logo\/image\/\"},\"sameAs\":[\"https:\/\/www.facebook.com\/GreekFarmsOfficial\",\"https:\/\/www.instagram.com\/greekfarms_official\/\",\"https:\/\/www.linkedin.com\/company\/greek-farms\/\",\"https:\/\/www.youtube.com\/@GreekFarmsOfficial\"]}]}<\/script>\n<!-- \/ Yoast SEO plugin. -->","yoast_head_json":{"title":"Greek Farms - Umgekehrte Landwirtschaft","robots":{"index":"index","follow":"follow","max-snippet":"max-snippet:-1","max-image-preview":"max-image-preview:large","max-video-preview":"max-video-preview:-1"},"canonical":"https:\/\/portal.greekfarms.gov.gr\/de\/greek-farms\/","og_locale":"de_DE","og_type":"article","og_title":"Greek Farms - Umgekehrte Landwirtschaft","og_description":"Willkommen bei Greek Farms \u2013 der Plattform, die die Produkte, die Menschen und den Geschmack Griechenlands pr\u00e4sentiert! Greek Farms wurde...","og_url":"https:\/\/portal.greekfarms.gov.gr\/de\/greek-farms\/","og_site_name":"Umgekehrte Landwirtschaft","article_publisher":"https:\/\/www.facebook.com\/GreekFarmsOfficial","article_modified_time":"2025-10-02T08:10:57+00:00","twitter_card":"summary_large_image","twitter_misc":{"Gesch\u00e4tzte Lesezeit":"1\u00a0Minute"},"schema":{"@context":"https:\/\/schema.org","@graph":[{"@type":"WebPage","@id":"https:\/\/portal.greekfarms.gov.gr\/de\/greek-farms\/","url":"https:\/\/portal.greekfarms.gov.gr\/de\/greek-farms\/","name":"Greek Farms - Umgekehrte Landwirtschaft","isPartOf":{"@id":"https:\/\/portal.greekfarms.gov.gr\/de\/#website"},"datePublished":"2025-04-23T13:51:25+00:00","dateModified":"2025-10-02T08:10:57+00:00","breadcrumb":{"@id":"https:\/\/portal.greekfarms.gov.gr\/de\/greek-farms\/#breadcrumb"},"inLanguage":"de","potentialAction":[{"@type":"ReadAction","target":["https:\/\/portal.greekfarms.gov.gr\/de\/greek-farms\/"]}]},{"@type":"BreadcrumbList","@id":"https:\/\/portal.greekfarms.gov.gr\/de\/greek-farms\/#breadcrumb","itemListElement":[{"@type":"ListItem","position":1,"name":"\u0391\u03c1\u03c7\u03b9\u03ba\u03ae","item":"https:\/\/portal.greekfarms.gov.gr\/de\/"},{"@type":"ListItem","position":2,"name":"Greek Farms"}]},{"@type":"WebSite","@id":"https:\/\/portal.greekfarms.gov.gr\/de\/#website","url":"https:\/\/portal.greekfarms.gov.gr\/de\/","name":"\u0395\u03be\u03c9\u03c3\u03c4\u03c1\u03b5\u03c6\u03ae\u03c2 \u0393\u03b5\u03c9\u03c1\u03b3\u03af\u03b1","description":"\u039c\u03b9\u03b1 \u03b4\u03b9\u03b1\u03b4\u03b9\u03ba\u03c4\u03c5\u03b1\u03ba\u03ae \u03c0\u03bb\u03b1\u03c4\u03c6\u03cc\u03c1\u03bc\u03b1 \u03c0\u03bf\u03c5 \u03c3\u03c5\u03bd\u03b4\u03ad\u03b5\u03b9 \u03c4\u03bf\u03bd \u03ba\u03bb\u03ac\u03b4\u03bf \u03c4\u03b7\u03c2 \u03c6\u03b9\u03bb\u03bf\u03be\u03b5\u03bd\u03af\u03b1\u03c2 \u03bc\u03b5 \u0388\u03bb\u03bb\u03b7\u03bd\u03b5\u03c2 \u03c0\u03b1\u03c1\u03b1\u03b3\u03c9\u03b3\u03bf\u03cd\u03c2!","publisher":{"@id":"https:\/\/portal.greekfarms.gov.gr\/de\/#organization"},"alternateName":"Greek Farms","potentialAction":[{"@type":"SearchAction","target":{"@type":"EntryPoint","urlTemplate":"https:\/\/portal.greekfarms.gov.gr\/de\/?s={search_term_string}"},"query-input":{"@type":"PropertyValueSpecification","valueRequired":true,"valueName":"search_term_string"}}],"inLanguage":"de"},{"@type":"Organization","@id":"https:\/\/portal.greekfarms.gov.gr\/de\/#organization","name":"\u03a5\u03c0\u03bf\u03c5\u03c1\u03b3\u03b5\u03af\u03bf \u0391\u03b3\u03c1\u03bf\u03c4\u03b9\u03ba\u03ae\u03c2 \u0391\u03bd\u03ac\u03c0\u03c4\u03c5\u03be\u03b7\u03c2 \u03ba\u03b1\u03b9 \u03a4\u03c1\u03bf\u03c6\u03af\u03bc\u03c9\u03bd","url":"https:\/\/portal.greekfarms.gov.gr\/de\/","logo":{"@type":"ImageObject","inLanguage":"de","@id":"https:\/\/portal.greekfarms.gov.gr\/de\/#\/schema\/logo\/image\/","url":"https:\/\/portal.greekfarms.gov.gr\/wp-content\/uploads\/2024\/02\/grfarms_logo_blue@w320px.png","contentUrl":"https:\/\/portal.greekfarms.gov.gr\/wp-content\/uploads\/2024\/02\/grfarms_logo_blue@w320px.png","width":320,"height":408,"caption":"\u03a5\u03c0\u03bf\u03c5\u03c1\u03b3\u03b5\u03af\u03bf \u0391\u03b3\u03c1\u03bf\u03c4\u03b9\u03ba\u03ae\u03c2 \u0391\u03bd\u03ac\u03c0\u03c4\u03c5\u03be\u03b7\u03c2 \u03ba\u03b1\u03b9 \u03a4\u03c1\u03bf\u03c6\u03af\u03bc\u03c9\u03bd"},"image":{"@id":"https:\/\/portal.greekfarms.gov.gr\/de\/#\/schema\/logo\/image\/"},"sameAs":["https:\/\/www.facebook.com\/GreekFarmsOfficial","https:\/\/www.instagram.com\/greekfarms_official\/","https:\/\/www.linkedin.com\/company\/greek-farms\/","https:\/\/www.youtube.com\/@GreekFarmsOfficial"]}]}},"_links":{"self":[{"href":"https:\/\/portal.greekfarms.gov.gr\/de\/wp-json\/wp\/v2\/pages\/14889","targetHints":{"allow":["GET"]}}],"collection":[{"href":"https:\/\/portal.greekfarms.gov.gr\/de\/wp-json\/wp\/v2\/pages"}],"about":[{"href":"https:\/\/portal.greekfarms.gov.gr\/de\/wp-json\/wp\/v2\/types\/page"}],"author":[{"embeddable":true,"href":"https:\/\/portal.greekfarms.gov.gr\/de\/wp-json\/wp\/v2\/users\/16"}],"replies":[{"embeddable":true,"href":"https:\/\/portal.greekfarms.gov.gr\/de\/wp-json\/wp\/v2\/comments?post=14889"}],"version-history":[{"count":1,"href":"https:\/\/portal.greekfarms.gov.gr\/de\/wp-json\/wp\/v2\/pages\/14889\/revisions"}],"predecessor-version":[{"id":14890,"href":"https:\/\/portal.greekfarms.gov.gr\/de\/wp-json\/wp\/v2\/pages\/14889\/revisions\/14890"}],"wp:attachment":[{"href":"https:\/\/portal.greekfarms.gov.gr\/de\/wp-json\/wp\/v2\/media?parent=14889"}],"curies":[{"name":"wp","href":"https:\/\/api.w.org\/{rel}","templated":true}]}}